{"id":7349,"date":"2024-10-20T21:48:10","date_gmt":"2024-10-20T21:48:10","guid":{"rendered":"https:\/\/edu-building.org\/knowledge-hub\/"},"modified":"2025-09-30T16:01:37","modified_gmt":"2025-09-30T16:01:37","slug":"knowledge-hub","status":"publish","type":"page","link":"https:\/\/edu-building.org\/en\/knowledge-hub\/","title":{"rendered":"Knowledge Hub"},"content":{"rendered":"\t\t<div data-elementor-type=\"wp-page\" data-elementor-id=\"7349\" class=\"elementor elementor-7349 elementor-22\" data-elementor-post-type=\"page\">\n\t\t\t\t<div data-particle_enable=\"false\" data-particle-mobile-disabled=\"false\" class=\"elementor-element elementor-element-79fc642 e-flex e-con-boxed e-con e-parent\" data-id=\"79fc642\" data-element_type=\"container\" data-e-type=\"container\">\n\t\t\t\t\t<div class=\"e-con-inner\">\n\t\t\t\t<div class=\"elementor-element elementor-element-0f4d78f elementor-widget elementor-widget-heading\" data-id=\"0f4d78f\" data-element_type=\"widget\" data-e-type=\"widget\" data-widget_type=\"heading.default\">\n\t\t\t\t<div class=\"elementor-widget-container\">\n\t\t\t\t\t<h2 class=\"elementor-heading-title elementor-size-default\">Knowledge Hub<\/h2>\t\t\t\t<\/div>\n\t\t\t\t<\/div>\n\t\t\t\t\t<\/div>\n\t\t\t\t<\/div>\n\t\t<div data-particle_enable=\"false\" data-particle-mobile-disabled=\"false\" class=\"elementor-element elementor-element-1c10ab8 e-flex e-con-boxed e-con e-parent\" data-id=\"1c10ab8\" data-element_type=\"container\" data-e-type=\"container\">\n\t\t\t\t\t<div class=\"e-con-inner\">\n\t\t\t\t<div class=\"elementor-element elementor-element-406518b elementor-grid-3 elementor-grid-tablet-2 elementor-grid-mobile-1 elementor-widget elementor-widget-eael-dynamic-filterable-gallery\" data-id=\"406518b\" data-element_type=\"widget\" data-e-type=\"widget\" data-settings=\"{&quot;eael_fg_columns&quot;:&quot;3&quot;,&quot;eael_fg_columns_tablet&quot;:&quot;2&quot;,&quot;eael_fg_columns_mobile&quot;:&quot;1&quot;}\" data-widget_type=\"eael-dynamic-filterable-gallery.default\">\n\t\t\t\t<div class=\"elementor-widget-container\">\n\t\t\t\t\t<div id=\"eael-filter-gallery-wrapper-406518b\" class=\"eael-filter-gallery-wrapper\"><div class=\"eael-filter-gallery-container eael-post-appender eael-post-appender-406518b grid eael-cards 3\" data-settings=\"{&quot;item_style&quot;:&quot;eael-cards&quot;,&quot;duration&quot;:500,&quot;layout_mode&quot;:&quot;grid&quot;}\"><div class=\"dynamic-gallery-item english learning-en project-preparation project-preparation\">\n            <div class=\"dynamic-gallery-item-inner\" data-itemid=\"7655 \"><a href=\"https:\/\/edu-building.org\/en\/courses\/project-preparation\/\"><div class=\"dynamic-gallery-thumbnail\"><img decoding=\"async\" src=\"https:\/\/edu-building.org\/wp-content\/uploads\/2024\/10\/vorfeld-featured-768x512.jpg\" alt=\"\"><\/div><\/a> <div class=\"item-content\"><h2 class=\"title\"><a href=\"https:\/\/edu-building.org\/en\/courses\/project-preparation\/\">Project preparation<\/a><\/h2><p>The most important factors to analyze in order to determine whether a construction project is truly needed and feasible. In development cooperation, preparation goes beyond design and materials \u2014 it\u2019s often the questions of needs, roles, communication, and partner dynamics that matter most.<\/p><\/div>\n            <\/div>\n        <\/div><div class=\"dynamic-gallery-item background-knowledge english learning-en background-knowledge\">\n            <div class=\"dynamic-gallery-item-inner\" data-itemid=\"7591 \"><a href=\"https:\/\/edu-building.org\/en\/courses\/background-knowledge\/\"><div class=\"dynamic-gallery-thumbnail\"><img decoding=\"async\" src=\"https:\/\/edu-building.org\/wp-content\/uploads\/2024\/10\/grundlagen-featured-768x512.jpg\" alt=\"\"><\/div><\/a> <div class=\"item-content\"><h2 class=\"title\"><a href=\"https:\/\/edu-building.org\/en\/courses\/background-knowledge\/\">Background Knowledge<\/a><\/h2><p>Thorough on-site research is crucial before starting any construction project. Every project is shaped by factors like climate, local materials, infrastructure, and the risk of natural disasters. This session offers an overview, with special emphasis on understanding the local context and material availability.<\/p><\/div>\n            <\/div>\n        <\/div><div class=\"dynamic-gallery-item design english learning-en design\">\n            <div class=\"dynamic-gallery-item-inner\" data-itemid=\"7381 \"><a href=\"https:\/\/edu-building.org\/en\/courses\/design\/\"><div class=\"dynamic-gallery-thumbnail\"><img decoding=\"async\" src=\"https:\/\/edu-building.org\/wp-content\/uploads\/2024\/10\/design-featured-768x512.jpg\" alt=\"\"><\/div><\/a> <div class=\"item-content\"><h2 class=\"title\"><a href=\"https:\/\/edu-building.org\/en\/courses\/design\/\">Design<\/a><\/h2><p>What aspects should be considered and what strategic decisions (e.g. typology, location, fencing, number of floors, wall openings, exterior design) can be made when planning the building, even if no architects are involved.<\/p><\/div>\n            <\/div>\n        <\/div><div class=\"dynamic-gallery-item budget-en english learning-en budget\">\n            <div class=\"dynamic-gallery-item-inner\" data-itemid=\"7675 \"><a href=\"https:\/\/edu-building.org\/en\/courses\/budget\/\"><div class=\"dynamic-gallery-thumbnail\"><img decoding=\"async\" src=\"https:\/\/edu-building.org\/wp-content\/uploads\/2024\/10\/budget-featured-768x512.jpg\" alt=\"\"><\/div><\/a> <div class=\"item-content\"><h2 class=\"title\"><a href=\"https:\/\/edu-building.org\/en\/courses\/budget\/\">Budget<\/a><\/h2><p>Rising construction costs and limited funding opportunities call for efficiency and creativity. This presentation looks at construction costs and provides advice on how to prepare effectively, plan budgets, and keep expenses under control throughout the building process.<\/p><\/div>\n            <\/div>\n        <\/div><div class=\"dynamic-gallery-item deutsch-en learning-en sustainability sustainability\">\n            <div class=\"dynamic-gallery-item-inner\" data-itemid=\"7669 \"><a href=\"https:\/\/edu-building.org\/en\/courses\/sustainability\/\"><div class=\"dynamic-gallery-thumbnail\"><img decoding=\"async\" src=\"https:\/\/edu-building.org\/wp-content\/uploads\/2024\/11\/sustainability-featured-768x512.jpg\" alt=\"\"><\/div><\/a> <div class=\"item-content\"><h2 class=\"title\"><a href=\"https:\/\/edu-building.org\/en\/courses\/sustainability\/\">Sustainability<\/a><\/h2><p>Sustainability in construction is about more than just alternative materials. With the construction sector contributing significantly to global CO\u2082 emissions, other key issues are also explored \u2014 including WASH, long-term maintenance, scalability, and the shortage of local professionals. The presentation offers a look at both<a class=\"eael_post_excerpt_read_more\" href=\"https:\/\/edu-building.org\/en\/courses\/sustainability\/\"> <\/a><\/p><\/div>\n            <\/div>\n        <\/div><div class=\"dynamic-gallery-item construction-execution english learning-en construction-execution\">\n            <div class=\"dynamic-gallery-item-inner\" data-itemid=\"7665 \"><a href=\"https:\/\/edu-building.org\/en\/courses\/construction-execution\/\"><div class=\"dynamic-gallery-thumbnail\"><img decoding=\"async\" src=\"https:\/\/edu-building.org\/wp-content\/uploads\/2024\/10\/construction-featured-768x512.jpg\" alt=\"\"><\/div><\/a> <div class=\"item-content\"><h2 class=\"title\"><a href=\"https:\/\/edu-building.org\/en\/courses\/construction-execution\/\">Construction Execution<\/a><\/h2><p>The construction process of a simple building \u2013 from laying the foundation to the roof \u2013 is explained in an easy-to-understand way. It helps non-experts gain a better understanding of the process and provides professionals with a basis for comparing different building conditions.<\/p><\/div>\n            <\/div>\n        <\/div><div class=\"dynamic-gallery-item english learning-en wash-en wash\">\n            <div class=\"dynamic-gallery-item-inner\" data-itemid=\"7639 \"><a href=\"https:\/\/edu-building.org\/en\/courses\/wash\/\"><div class=\"dynamic-gallery-thumbnail\"><img decoding=\"async\" src=\"https:\/\/edu-building.org\/wp-content\/uploads\/2024\/10\/WASH-featured-768x512.jpg\" alt=\"\"><\/div><\/a> <div class=\"item-content\"><h2 class=\"title\"><a href=\"https:\/\/edu-building.org\/en\/courses\/wash\/\">WASH<\/a><\/h2><p>WASH (Water, Sanitation, and Hygiene) plays a key role in improving health and living conditions and is closely tied to the development of infrastructure.This presentation explores different strategies for toilet planning and for handling human waste, depending on local conditions and other relevant factors.<\/p><\/div>\n            <\/div>\n        <\/div><div class=\"dynamic-gallery-item english learning-en wash-en wash-case-studies\">\n            <div class=\"dynamic-gallery-item-inner\" data-itemid=\"7651 \"><a href=\"https:\/\/edu-building.org\/en\/courses\/wash-case-studies\/\"><div class=\"dynamic-gallery-thumbnail\"><img decoding=\"async\" src=\"https:\/\/edu-building.org\/wp-content\/uploads\/2024\/10\/wash-examples-featured-768x512.jpg\" alt=\"\"><\/div><\/a> <div class=\"item-content\"><h2 class=\"title\"><a href=\"https:\/\/edu-building.org\/en\/courses\/wash-case-studies\/\">WASH Case Studies<\/a><\/h2><p>The presentation features a range of projects that highlight alternative approaches to toilets and sanitation, helping to raise awareness around this often overlooked issue.Examples include facilities in Ghana, Malawi, Sierra Leone, and Ethiopia, developed by different organizations.<\/p><\/div>\n            <\/div>\n        <\/div><\/div><\/div>\t\t\t\t<\/div>\n\t\t\t\t<\/div>\n\t\t\t\t\t<\/div>\n\t\t\t\t<\/div>\n\t\t\t\t<\/div>\n\t\t","protected":false},"excerpt":{"rendered":"<p>Knowledge Hub Vorfeld Die wichtigsten Aspekte, die analysiert werden m\u00fcssen, um die Priorit\u00e4t und Realisierbarkeit eines Bauprojekts zu gew\u00e4hrleisten. Die Vorbereitung von Bauprojekten in der EZ umfasst Themen wie Bedarf, Rollen, Kommunikation und Partnerbeziehungen, die oft viel wichtiger sind als Design oder Materialwahl. Grundlagen Vor der Planung eines Bauprojekts ist gr\u00fcndliche Recherche vor Ort notwendig&#8230;.<\/p>\n","protected":false},"author":1,"featured_media":0,"parent":0,"menu_order":0,"comment_status":"closed","ping_status":"closed","template":"","meta":{"_monsterinsights_skip_tracking":false,"_monsterinsights_sitenote_active":false,"_monsterinsights_sitenote_note":"","_monsterinsights_sitenote_category":0,"_kad_post_transparent":"","_kad_post_title":"hide","_kad_post_layout":"fullwidth","_kad_post_sidebar_id":"","_kad_post_content_style":"unboxed","_kad_post_vertical_padding":"hide","_kad_post_feature":"hide","_kad_post_feature_position":"","_kad_post_header":false,"_kad_post_footer":false,"footnotes":""},"class_list":["post-7349","page","type-page","status-publish","hentry"],"yoast_head":"<!-- This site is optimized with the Yoast SEO plugin v27.3 - https:\/\/yoast.com\/product\/yoast-seo-wordpress\/ -->\n<title>Knowledge Hub - edu-building<\/title>\n<meta name=\"robots\" content=\"index, follow, max-snippet:-1, max-image-preview:large, max-video-preview:-1\" \/>\n<link rel=\"canonical\" href=\"https:\/\/edu-building.org\/en\/knowledge-hub\/\" \/>\n<meta property=\"og:locale\" content=\"en_US\" \/>\n<meta property=\"og:type\" content=\"article\" \/>\n<meta property=\"og:title\" content=\"Knowledge Hub - edu-building\" \/>\n<meta property=\"og:description\" content=\"Knowledge Hub Vorfeld Die wichtigsten Aspekte, die analysiert werden m\u00fcssen, um die Priorit\u00e4t und Realisierbarkeit eines Bauprojekts zu gew\u00e4hrleisten. Die Vorbereitung von Bauprojekten in der EZ umfasst Themen wie Bedarf, Rollen, Kommunikation und Partnerbeziehungen, die oft viel wichtiger sind als Design oder Materialwahl. Grundlagen Vor der Planung eines Bauprojekts ist gr\u00fcndliche Recherche vor Ort notwendig....\" \/>\n<meta property=\"og:url\" content=\"https:\/\/edu-building.org\/en\/knowledge-hub\/\" \/>\n<meta property=\"og:site_name\" content=\"edu-building\" \/>\n<meta property=\"article:publisher\" content=\"https:\/\/www.facebook.com\/WEbuildingeV\/\" \/>\n<meta property=\"article:modified_time\" content=\"2025-09-30T16:01:37+00:00\" \/>\n<meta property=\"og:image\" content=\"https:\/\/edu-building.org\/wp-content\/uploads\/2024\/10\/vorfeld-featured-768x512.jpg\" \/>\n<meta name=\"twitter:card\" content=\"summary_large_image\" \/>\n<meta name=\"twitter:label1\" content=\"Est. reading time\" \/>\n\t<meta name=\"twitter:data1\" content=\"4 minutes\" \/>\n<script type=\"application\/ld+json\" class=\"yoast-schema-graph\">{\"@context\":\"https:\\\/\\\/schema.org\",\"@graph\":[{\"@type\":\"WebPage\",\"@id\":\"https:\\\/\\\/edu-building.org\\\/en\\\/knowledge-hub\\\/\",\"url\":\"https:\\\/\\\/edu-building.org\\\/en\\\/knowledge-hub\\\/\",\"name\":\"Knowledge Hub - edu-building\",\"isPartOf\":{\"@id\":\"https:\\\/\\\/edu-building.org\\\/#website\"},\"primaryImageOfPage\":{\"@id\":\"https:\\\/\\\/edu-building.org\\\/en\\\/knowledge-hub\\\/#primaryimage\"},\"image\":{\"@id\":\"https:\\\/\\\/edu-building.org\\\/en\\\/knowledge-hub\\\/#primaryimage\"},\"thumbnailUrl\":\"https:\\\/\\\/edu-building.org\\\/wp-content\\\/uploads\\\/2024\\\/10\\\/vorfeld-featured-768x512.jpg\",\"datePublished\":\"2024-10-20T21:48:10+00:00\",\"dateModified\":\"2025-09-30T16:01:37+00:00\",\"breadcrumb\":{\"@id\":\"https:\\\/\\\/edu-building.org\\\/en\\\/knowledge-hub\\\/#breadcrumb\"},\"inLanguage\":\"en-US\",\"potentialAction\":[{\"@type\":\"ReadAction\",\"target\":[\"https:\\\/\\\/edu-building.org\\\/en\\\/knowledge-hub\\\/\"]}]},{\"@type\":\"ImageObject\",\"inLanguage\":\"en-US\",\"@id\":\"https:\\\/\\\/edu-building.org\\\/en\\\/knowledge-hub\\\/#primaryimage\",\"url\":\"https:\\\/\\\/edu-building.org\\\/wp-content\\\/uploads\\\/2024\\\/10\\\/vorfeld-featured-768x512.jpg\",\"contentUrl\":\"https:\\\/\\\/edu-building.org\\\/wp-content\\\/uploads\\\/2024\\\/10\\\/vorfeld-featured-768x512.jpg\"},{\"@type\":\"BreadcrumbList\",\"@id\":\"https:\\\/\\\/edu-building.org\\\/en\\\/knowledge-hub\\\/#breadcrumb\",\"itemListElement\":[{\"@type\":\"ListItem\",\"position\":1,\"name\":\"Startseite\",\"item\":\"https:\\\/\\\/edu-building.org\\\/\"},{\"@type\":\"ListItem\",\"position\":2,\"name\":\"Knowledge Hub\"}]},{\"@type\":\"WebSite\",\"@id\":\"https:\\\/\\\/edu-building.org\\\/#website\",\"url\":\"https:\\\/\\\/edu-building.org\\\/\",\"name\":\"edu-building\",\"description\":\"Bauprojekte in der Entwicklungszusammenarbeit\",\"publisher\":{\"@id\":\"https:\\\/\\\/edu-building.org\\\/#organization\"},\"potentialAction\":[{\"@type\":\"SearchAction\",\"target\":{\"@type\":\"EntryPoint\",\"urlTemplate\":\"https:\\\/\\\/edu-building.org\\\/?s={search_term_string}\"},\"query-input\":{\"@type\":\"PropertyValueSpecification\",\"valueRequired\":true,\"valueName\":\"search_term_string\"}}],\"inLanguage\":\"en-US\"},{\"@type\":\"Organization\",\"@id\":\"https:\\\/\\\/edu-building.org\\\/#organization\",\"name\":\"We-Building e.V.\",\"url\":\"https:\\\/\\\/edu-building.org\\\/\",\"logo\":{\"@type\":\"ImageObject\",\"inLanguage\":\"en-US\",\"@id\":\"https:\\\/\\\/edu-building.org\\\/#\\\/schema\\\/logo\\\/image\\\/\",\"url\":\"https:\\\/\\\/edu-building.org\\\/wp-content\\\/uploads\\\/2024\\\/10\\\/EDU-LOGO.svg\",\"contentUrl\":\"https:\\\/\\\/edu-building.org\\\/wp-content\\\/uploads\\\/2024\\\/10\\\/EDU-LOGO.svg\",\"width\":458,\"height\":458,\"caption\":\"We-Building e.V.\"},\"image\":{\"@id\":\"https:\\\/\\\/edu-building.org\\\/#\\\/schema\\\/logo\\\/image\\\/\"},\"sameAs\":[\"https:\\\/\\\/www.facebook.com\\\/WEbuildingeV\\\/\"]}]}<\/script>\n<!-- \/ Yoast SEO plugin. -->","yoast_head_json":{"title":"Knowledge Hub - edu-building","robots":{"index":"index","follow":"follow","max-snippet":"max-snippet:-1","max-image-preview":"max-image-preview:large","max-video-preview":"max-video-preview:-1"},"canonical":"https:\/\/edu-building.org\/en\/knowledge-hub\/","og_locale":"en_US","og_type":"article","og_title":"Knowledge Hub - edu-building","og_description":"Knowledge Hub Vorfeld Die wichtigsten Aspekte, die analysiert werden m\u00fcssen, um die Priorit\u00e4t und Realisierbarkeit eines Bauprojekts zu gew\u00e4hrleisten. Die Vorbereitung von Bauprojekten in der EZ umfasst Themen wie Bedarf, Rollen, Kommunikation und Partnerbeziehungen, die oft viel wichtiger sind als Design oder Materialwahl. Grundlagen Vor der Planung eines Bauprojekts ist gr\u00fcndliche Recherche vor Ort notwendig....","og_url":"https:\/\/edu-building.org\/en\/knowledge-hub\/","og_site_name":"edu-building","article_publisher":"https:\/\/www.facebook.com\/WEbuildingeV\/","article_modified_time":"2025-09-30T16:01:37+00:00","og_image":[{"url":"https:\/\/edu-building.org\/wp-content\/uploads\/2024\/10\/vorfeld-featured-768x512.jpg","type":"","width":"","height":""}],"twitter_card":"summary_large_image","twitter_misc":{"Est. reading time":"4 minutes"},"schema":{"@context":"https:\/\/schema.org","@graph":[{"@type":"WebPage","@id":"https:\/\/edu-building.org\/en\/knowledge-hub\/","url":"https:\/\/edu-building.org\/en\/knowledge-hub\/","name":"Knowledge Hub - edu-building","isPartOf":{"@id":"https:\/\/edu-building.org\/#website"},"primaryImageOfPage":{"@id":"https:\/\/edu-building.org\/en\/knowledge-hub\/#primaryimage"},"image":{"@id":"https:\/\/edu-building.org\/en\/knowledge-hub\/#primaryimage"},"thumbnailUrl":"https:\/\/edu-building.org\/wp-content\/uploads\/2024\/10\/vorfeld-featured-768x512.jpg","datePublished":"2024-10-20T21:48:10+00:00","dateModified":"2025-09-30T16:01:37+00:00","breadcrumb":{"@id":"https:\/\/edu-building.org\/en\/knowledge-hub\/#breadcrumb"},"inLanguage":"en-US","potentialAction":[{"@type":"ReadAction","target":["https:\/\/edu-building.org\/en\/knowledge-hub\/"]}]},{"@type":"ImageObject","inLanguage":"en-US","@id":"https:\/\/edu-building.org\/en\/knowledge-hub\/#primaryimage","url":"https:\/\/edu-building.org\/wp-content\/uploads\/2024\/10\/vorfeld-featured-768x512.jpg","contentUrl":"https:\/\/edu-building.org\/wp-content\/uploads\/2024\/10\/vorfeld-featured-768x512.jpg"},{"@type":"BreadcrumbList","@id":"https:\/\/edu-building.org\/en\/knowledge-hub\/#breadcrumb","itemListElement":[{"@type":"ListItem","position":1,"name":"Startseite","item":"https:\/\/edu-building.org\/"},{"@type":"ListItem","position":2,"name":"Knowledge Hub"}]},{"@type":"WebSite","@id":"https:\/\/edu-building.org\/#website","url":"https:\/\/edu-building.org\/","name":"edu-building","description":"Bauprojekte in der Entwicklungszusammenarbeit","publisher":{"@id":"https:\/\/edu-building.org\/#organization"},"potentialAction":[{"@type":"SearchAction","target":{"@type":"EntryPoint","urlTemplate":"https:\/\/edu-building.org\/?s={search_term_string}"},"query-input":{"@type":"PropertyValueSpecification","valueRequired":true,"valueName":"search_term_string"}}],"inLanguage":"en-US"},{"@type":"Organization","@id":"https:\/\/edu-building.org\/#organization","name":"We-Building e.V.","url":"https:\/\/edu-building.org\/","logo":{"@type":"ImageObject","inLanguage":"en-US","@id":"https:\/\/edu-building.org\/#\/schema\/logo\/image\/","url":"https:\/\/edu-building.org\/wp-content\/uploads\/2024\/10\/EDU-LOGO.svg","contentUrl":"https:\/\/edu-building.org\/wp-content\/uploads\/2024\/10\/EDU-LOGO.svg","width":458,"height":458,"caption":"We-Building e.V."},"image":{"@id":"https:\/\/edu-building.org\/#\/schema\/logo\/image\/"},"sameAs":["https:\/\/www.facebook.com\/WEbuildingeV\/"]}]}},"_links":{"self":[{"href":"https:\/\/edu-building.org\/en\/wp-json\/wp\/v2\/pages\/7349","targetHints":{"allow":["GET"]}}],"collection":[{"href":"https:\/\/edu-building.org\/en\/wp-json\/wp\/v2\/pages"}],"about":[{"href":"https:\/\/edu-building.org\/en\/wp-json\/wp\/v2\/types\/page"}],"author":[{"embeddable":true,"href":"https:\/\/edu-building.org\/en\/wp-json\/wp\/v2\/users\/1"}],"replies":[{"embeddable":true,"href":"https:\/\/edu-building.org\/en\/wp-json\/wp\/v2\/comments?post=7349"}],"version-history":[{"count":4,"href":"https:\/\/edu-building.org\/en\/wp-json\/wp\/v2\/pages\/7349\/revisions"}],"predecessor-version":[{"id":7993,"href":"https:\/\/edu-building.org\/en\/wp-json\/wp\/v2\/pages\/7349\/revisions\/7993"}],"wp:attachment":[{"href":"https:\/\/edu-building.org\/en\/wp-json\/wp\/v2\/media?parent=7349"}],"curies":[{"name":"wp","href":"https:\/\/api.w.org\/{rel}","templated":true}]}}