{"id":7476,"date":"2024-12-01T15:53:10","date_gmt":"2024-12-01T15:53:10","guid":{"rendered":"https:\/\/edu-building.org\/legal-notice\/"},"modified":"2025-07-15T11:19:53","modified_gmt":"2025-07-15T11:19:53","slug":"legal-notice","status":"publish","type":"page","link":"https:\/\/edu-building.org\/en\/legal-notice\/","title":{"rendered":"Legal Notice"},"content":{"rendered":"\t\t<div data-elementor-type=\"wp-page\" data-elementor-id=\"7476\" class=\"elementor elementor-7476 elementor-5509\" data-elementor-post-type=\"page\">\n\t\t\t\t<div data-particle_enable=\"false\" data-particle-mobile-disabled=\"false\" class=\"elementor-element elementor-element-d8585ca e-flex e-con-boxed e-con e-parent\" data-id=\"d8585ca\" data-element_type=\"container\" data-e-type=\"container\">\n\t\t\t\t\t<div class=\"e-con-inner\">\n\t\t\t\t<div class=\"elementor-element elementor-element-4682c93 elementor-widget elementor-widget-heading\" data-id=\"4682c93\" data-element_type=\"widget\" data-e-type=\"widget\" data-widget_type=\"heading.default\">\n\t\t\t\t<div class=\"elementor-widget-container\">\n\t\t\t\t\t<h2 class=\"elementor-heading-title elementor-size-default\">Legal Notice<\/h2>\t\t\t\t<\/div>\n\t\t\t\t<\/div>\n\t\t\t\t<div class=\"elementor-element elementor-element-f6086b9 elementor-widget elementor-widget-text-editor\" data-id=\"f6086b9\" data-element_type=\"widget\" data-e-type=\"widget\" data-widget_type=\"text-editor.default\">\n\t\t\t\t<div class=\"elementor-widget-container\">\n\t\t\t\t\t\t\t\t\t<p><strong>This website is owned by:<\/strong><\/p><p>We-Building e.V.<\/p><p>Pohlstra\u00dfe 28<\/p><p>10785 Berlin<\/p><p>Telefon: +49 (0) 30 397 14664<\/p><p>E-Mail: info@we-building.org<\/p><p><br><strong>Represented by:<\/strong><\/p><p>Chairperson:: Laura G\u00f3mez Agudelo, Berlin<\/p><p>Deputy Chairperson: Ivan Rali\u0161, Berlin<\/p><p> <\/p><p><strong>Registered with:<\/strong><\/p><p>Registered in the Association Register.<\/p><p>Registergericht: Amtsgericht Charlottenburg<\/p><p>Registernummer: VR34301 B<\/p><p>Steuernummer: 27\/681\/54801<\/p>\t\t\t\t\t\t\t\t<\/div>\n\t\t\t\t<\/div>\n\t\t\t\t\t<\/div>\n\t\t\t\t<\/div>\n\t\t<div data-particle_enable=\"false\" data-particle-mobile-disabled=\"false\" class=\"elementor-element elementor-element-539186d e-flex e-con-boxed e-con e-parent\" data-id=\"539186d\" data-element_type=\"container\" data-e-type=\"container\">\n\t\t\t\t\t<div class=\"e-con-inner\">\n\t\t\t\t<div class=\"elementor-element elementor-element-30c7b95 elementor-widget elementor-widget-text-editor\" data-id=\"30c7b95\" data-element_type=\"widget\" data-e-type=\"widget\" data-widget_type=\"text-editor.default\">\n\t\t\t\t<div class=\"elementor-widget-container\">\n\t\t\t\t\t\t\t\t\t<p><strong>Disclaimer:<\/strong><br>We-Building e.V. is solely responsible for the content of this website; the positions presented here do not reflect the views of Engagement Global gGmbH and the Federal Ministry for Economic Cooperation and Development.<\/p>\t\t\t\t\t\t\t\t<\/div>\n\t\t\t\t<\/div>\n\t\t\t\t\t<\/div>\n\t\t\t\t<\/div>\n\t\t\t\t<\/div>\n\t\t","protected":false},"excerpt":{"rendered":"<p>Legal Notice This website is owned by: We-Building e.V. Pohlstra\u00dfe 28 10785 Berlin Telefon: +49 (0) 30 397 14664 E-Mail: info@we-building.org Represented by: Chairperson:: Laura G\u00f3mez Agudelo, Berlin Deputy Chairperson: Ivan Rali\u0161, Berlin Registered with: Registered in the Association Register. Registergericht: Amtsgericht Charlottenburg Registernummer: VR34301 B Steuernummer: 27\/681\/54801 Disclaimer:We-Building e.V. is solely responsible for the&#8230;<\/p>\n","protected":false},"author":1,"featured_media":0,"parent":0,"menu_order":0,"comment_status":"closed","ping_status":"closed","template":"","meta":{"_monsterinsights_skip_tracking":false,"_monsterinsights_sitenote_active":false,"_monsterinsights_sitenote_note":"","_monsterinsights_sitenote_category":0,"_kad_post_transparent":"","_kad_post_title":"","_kad_post_layout":"","_kad_post_sidebar_id":"","_kad_post_content_style":"","_kad_post_vertical_padding":"","_kad_post_feature":"","_kad_post_feature_position":"","_kad_post_header":false,"_kad_post_footer":false,"footnotes":""},"class_list":["post-7476","page","type-page","status-publish","hentry"],"yoast_head":"<!-- This site is optimized with the Yoast SEO plugin v27.3 - https:\/\/yoast.com\/product\/yoast-seo-wordpress\/ -->\n<title>Legal Notice - edu-building<\/title>\n<meta name=\"robots\" content=\"index, follow, max-snippet:-1, max-image-preview:large, max-video-preview:-1\" \/>\n<link rel=\"canonical\" href=\"https:\/\/edu-building.org\/en\/legal-notice\/\" \/>\n<meta property=\"og:locale\" content=\"en_US\" \/>\n<meta property=\"og:type\" content=\"article\" \/>\n<meta property=\"og:title\" content=\"Legal Notice - edu-building\" \/>\n<meta property=\"og:description\" content=\"Legal Notice This website is owned by: We-Building e.V. Pohlstra\u00dfe 28 10785 Berlin Telefon: +49 (0) 30 397 14664 E-Mail: info@we-building.org Represented by: Chairperson:: Laura G\u00f3mez Agudelo, Berlin Deputy Chairperson: Ivan Rali\u0161, Berlin Registered with: Registered in the Association Register. Registergericht: Amtsgericht Charlottenburg Registernummer: VR34301 B Steuernummer: 27\/681\/54801 Disclaimer:We-Building e.V. is solely responsible for the...\" \/>\n<meta property=\"og:url\" content=\"https:\/\/edu-building.org\/en\/legal-notice\/\" \/>\n<meta property=\"og:site_name\" content=\"edu-building\" \/>\n<meta property=\"article:publisher\" content=\"https:\/\/www.facebook.com\/WEbuildingeV\/\" \/>\n<meta property=\"article:modified_time\" content=\"2025-07-15T11:19:53+00:00\" \/>\n<meta name=\"twitter:card\" content=\"summary_large_image\" \/>\n<script type=\"application\/ld+json\" class=\"yoast-schema-graph\">{\"@context\":\"https:\\\/\\\/schema.org\",\"@graph\":[{\"@type\":\"WebPage\",\"@id\":\"https:\\\/\\\/edu-building.org\\\/en\\\/legal-notice\\\/\",\"url\":\"https:\\\/\\\/edu-building.org\\\/en\\\/legal-notice\\\/\",\"name\":\"Legal Notice - edu-building\",\"isPartOf\":{\"@id\":\"https:\\\/\\\/edu-building.org\\\/#website\"},\"datePublished\":\"2024-12-01T15:53:10+00:00\",\"dateModified\":\"2025-07-15T11:19:53+00:00\",\"breadcrumb\":{\"@id\":\"https:\\\/\\\/edu-building.org\\\/en\\\/legal-notice\\\/#breadcrumb\"},\"inLanguage\":\"en-US\",\"potentialAction\":[{\"@type\":\"ReadAction\",\"target\":[\"https:\\\/\\\/edu-building.org\\\/en\\\/legal-notice\\\/\"]}]},{\"@type\":\"BreadcrumbList\",\"@id\":\"https:\\\/\\\/edu-building.org\\\/en\\\/legal-notice\\\/#breadcrumb\",\"itemListElement\":[{\"@type\":\"ListItem\",\"position\":1,\"name\":\"Startseite\",\"item\":\"https:\\\/\\\/edu-building.org\\\/\"},{\"@type\":\"ListItem\",\"position\":2,\"name\":\"Legal Notice\"}]},{\"@type\":\"WebSite\",\"@id\":\"https:\\\/\\\/edu-building.org\\\/#website\",\"url\":\"https:\\\/\\\/edu-building.org\\\/\",\"name\":\"edu-building\",\"description\":\"Bauprojekte in der Entwicklungszusammenarbeit\",\"publisher\":{\"@id\":\"https:\\\/\\\/edu-building.org\\\/#organization\"},\"potentialAction\":[{\"@type\":\"SearchAction\",\"target\":{\"@type\":\"EntryPoint\",\"urlTemplate\":\"https:\\\/\\\/edu-building.org\\\/?s={search_term_string}\"},\"query-input\":{\"@type\":\"PropertyValueSpecification\",\"valueRequired\":true,\"valueName\":\"search_term_string\"}}],\"inLanguage\":\"en-US\"},{\"@type\":\"Organization\",\"@id\":\"https:\\\/\\\/edu-building.org\\\/#organization\",\"name\":\"We-Building e.V.\",\"url\":\"https:\\\/\\\/edu-building.org\\\/\",\"logo\":{\"@type\":\"ImageObject\",\"inLanguage\":\"en-US\",\"@id\":\"https:\\\/\\\/edu-building.org\\\/#\\\/schema\\\/logo\\\/image\\\/\",\"url\":\"https:\\\/\\\/edu-building.org\\\/wp-content\\\/uploads\\\/2024\\\/10\\\/EDU-LOGO.svg\",\"contentUrl\":\"https:\\\/\\\/edu-building.org\\\/wp-content\\\/uploads\\\/2024\\\/10\\\/EDU-LOGO.svg\",\"width\":458,\"height\":458,\"caption\":\"We-Building e.V.\"},\"image\":{\"@id\":\"https:\\\/\\\/edu-building.org\\\/#\\\/schema\\\/logo\\\/image\\\/\"},\"sameAs\":[\"https:\\\/\\\/www.facebook.com\\\/WEbuildingeV\\\/\"]}]}<\/script>\n<!-- \/ Yoast SEO plugin. -->","yoast_head_json":{"title":"Legal Notice - edu-building","robots":{"index":"index","follow":"follow","max-snippet":"max-snippet:-1","max-image-preview":"max-image-preview:large","max-video-preview":"max-video-preview:-1"},"canonical":"https:\/\/edu-building.org\/en\/legal-notice\/","og_locale":"en_US","og_type":"article","og_title":"Legal Notice - edu-building","og_description":"Legal Notice This website is owned by: We-Building e.V. Pohlstra\u00dfe 28 10785 Berlin Telefon: +49 (0) 30 397 14664 E-Mail: info@we-building.org Represented by: Chairperson:: Laura G\u00f3mez Agudelo, Berlin Deputy Chairperson: Ivan Rali\u0161, Berlin Registered with: Registered in the Association Register. Registergericht: Amtsgericht Charlottenburg Registernummer: VR34301 B Steuernummer: 27\/681\/54801 Disclaimer:We-Building e.V. is solely responsible for the...","og_url":"https:\/\/edu-building.org\/en\/legal-notice\/","og_site_name":"edu-building","article_publisher":"https:\/\/www.facebook.com\/WEbuildingeV\/","article_modified_time":"2025-07-15T11:19:53+00:00","twitter_card":"summary_large_image","schema":{"@context":"https:\/\/schema.org","@graph":[{"@type":"WebPage","@id":"https:\/\/edu-building.org\/en\/legal-notice\/","url":"https:\/\/edu-building.org\/en\/legal-notice\/","name":"Legal Notice - edu-building","isPartOf":{"@id":"https:\/\/edu-building.org\/#website"},"datePublished":"2024-12-01T15:53:10+00:00","dateModified":"2025-07-15T11:19:53+00:00","breadcrumb":{"@id":"https:\/\/edu-building.org\/en\/legal-notice\/#breadcrumb"},"inLanguage":"en-US","potentialAction":[{"@type":"ReadAction","target":["https:\/\/edu-building.org\/en\/legal-notice\/"]}]},{"@type":"BreadcrumbList","@id":"https:\/\/edu-building.org\/en\/legal-notice\/#breadcrumb","itemListElement":[{"@type":"ListItem","position":1,"name":"Startseite","item":"https:\/\/edu-building.org\/"},{"@type":"ListItem","position":2,"name":"Legal Notice"}]},{"@type":"WebSite","@id":"https:\/\/edu-building.org\/#website","url":"https:\/\/edu-building.org\/","name":"edu-building","description":"Bauprojekte in der Entwicklungszusammenarbeit","publisher":{"@id":"https:\/\/edu-building.org\/#organization"},"potentialAction":[{"@type":"SearchAction","target":{"@type":"EntryPoint","urlTemplate":"https:\/\/edu-building.org\/?s={search_term_string}"},"query-input":{"@type":"PropertyValueSpecification","valueRequired":true,"valueName":"search_term_string"}}],"inLanguage":"en-US"},{"@type":"Organization","@id":"https:\/\/edu-building.org\/#organization","name":"We-Building e.V.","url":"https:\/\/edu-building.org\/","logo":{"@type":"ImageObject","inLanguage":"en-US","@id":"https:\/\/edu-building.org\/#\/schema\/logo\/image\/","url":"https:\/\/edu-building.org\/wp-content\/uploads\/2024\/10\/EDU-LOGO.svg","contentUrl":"https:\/\/edu-building.org\/wp-content\/uploads\/2024\/10\/EDU-LOGO.svg","width":458,"height":458,"caption":"We-Building e.V."},"image":{"@id":"https:\/\/edu-building.org\/#\/schema\/logo\/image\/"},"sameAs":["https:\/\/www.facebook.com\/WEbuildingeV\/"]}]}},"_links":{"self":[{"href":"https:\/\/edu-building.org\/en\/wp-json\/wp\/v2\/pages\/7476","targetHints":{"allow":["GET"]}}],"collection":[{"href":"https:\/\/edu-building.org\/en\/wp-json\/wp\/v2\/pages"}],"about":[{"href":"https:\/\/edu-building.org\/en\/wp-json\/wp\/v2\/types\/page"}],"author":[{"embeddable":true,"href":"https:\/\/edu-building.org\/en\/wp-json\/wp\/v2\/users\/1"}],"replies":[{"embeddable":true,"href":"https:\/\/edu-building.org\/en\/wp-json\/wp\/v2\/comments?post=7476"}],"version-history":[{"count":1,"href":"https:\/\/edu-building.org\/en\/wp-json\/wp\/v2\/pages\/7476\/revisions"}],"predecessor-version":[{"id":7477,"href":"https:\/\/edu-building.org\/en\/wp-json\/wp\/v2\/pages\/7476\/revisions\/7477"}],"wp:attachment":[{"href":"https:\/\/edu-building.org\/en\/wp-json\/wp\/v2\/media?parent=7476"}],"curies":[{"name":"wp","href":"https:\/\/api.w.org\/{rel}","templated":true}]}}