{"id":7749,"date":"2024-10-20T21:48:10","date_gmt":"2024-10-20T21:48:10","guid":{"rendered":"https:\/\/edu-building.org\/centro-de-conocimiento\/"},"modified":"2025-12-10T11:59:25","modified_gmt":"2025-12-10T11:59:25","slug":"centro-de-conocimiento","status":"publish","type":"page","link":"https:\/\/edu-building.org\/es\/centro-de-conocimiento\/","title":{"rendered":"Conocimiento"},"content":{"rendered":"\t\t<div data-elementor-type=\"wp-page\" data-elementor-id=\"7749\" class=\"elementor elementor-7749 elementor-7349\" data-elementor-post-type=\"page\">\n\t\t\t\t<div data-particle_enable=\"false\" data-particle-mobile-disabled=\"false\" class=\"elementor-element elementor-element-79fc642 e-flex e-con-boxed e-con e-parent\" data-id=\"79fc642\" data-element_type=\"container\" data-e-type=\"container\">\n\t\t\t\t\t<div class=\"e-con-inner\">\n\t\t\t\t<div class=\"elementor-element elementor-element-0f4d78f elementor-widget elementor-widget-heading\" data-id=\"0f4d78f\" data-element_type=\"widget\" data-e-type=\"widget\" data-widget_type=\"heading.default\">\n\t\t\t\t<div class=\"elementor-widget-container\">\n\t\t\t\t\t<h2 class=\"elementor-heading-title elementor-size-default\">Centro de conocimiento<\/h2>\t\t\t\t<\/div>\n\t\t\t\t<\/div>\n\t\t\t\t\t<\/div>\n\t\t\t\t<\/div>\n\t\t<div data-particle_enable=\"false\" data-particle-mobile-disabled=\"false\" class=\"elementor-element elementor-element-1c10ab8 e-flex e-con-boxed e-con e-parent\" data-id=\"1c10ab8\" data-element_type=\"container\" data-e-type=\"container\">\n\t\t\t\t\t<div class=\"e-con-inner\">\n\t\t\t\t<div class=\"elementor-element elementor-element-406518b elementor-grid-3 elementor-grid-tablet-2 elementor-grid-mobile-1 elementor-widget elementor-widget-eael-dynamic-filterable-gallery\" data-id=\"406518b\" data-element_type=\"widget\" data-e-type=\"widget\" data-settings=\"{&quot;eael_fg_columns&quot;:&quot;3&quot;,&quot;eael_fg_columns_tablet&quot;:&quot;2&quot;,&quot;eael_fg_columns_mobile&quot;:&quot;1&quot;}\" data-widget_type=\"eael-dynamic-filterable-gallery.default\">\n\t\t\t\t<div class=\"elementor-widget-container\">\n\t\t\t\t\t<div id=\"eael-filter-gallery-wrapper-406518b\" class=\"eael-filter-gallery-wrapper\"><div class=\"eael-filter-gallery-container eael-post-appender eael-post-appender-406518b grid eael-cards 3\" data-settings=\"{&quot;item_style&quot;:&quot;eael-cards&quot;,&quot;duration&quot;:500,&quot;layout_mode&quot;:&quot;grid&quot;}\"><div class=\"dynamic-gallery-item learning-es preparacion-del-proyecto spanish preparacion-del-proyecto\">\n            <div class=\"dynamic-gallery-item-inner\" data-itemid=\"7781 \"><a href=\"https:\/\/edu-building.org\/es\/courses\/preparacion-del-proyecto\/\"><div class=\"dynamic-gallery-thumbnail\"><img decoding=\"async\" src=\"https:\/\/edu-building.org\/wp-content\/uploads\/2024\/10\/vorfeld-featured-768x512.jpg\" alt=\"\"><\/div><\/a> <div class=\"item-content\"><h2 class=\"title\"><a href=\"https:\/\/edu-building.org\/es\/courses\/preparacion-del-proyecto\/\">Preparaci\u00f3n del proyecto<\/a><\/h2><p>Los factores m\u00e1s importantes a analizar para determinar si un proyecto de construcci\u00f3n es realmente necesario y viable. En la cooperaci\u00f3n al desarrollo, la preparaci\u00f3n va m\u00e1s all\u00e1 del dise\u00f1o y los materiales: a menudo, lo que m\u00e1s importa son las cuestiones relacionadas con las<a class=\"eael_post_excerpt_read_more\" href=\"https:\/\/edu-building.org\/es\/courses\/preparacion-del-proyecto\/\"> <\/a><\/p><\/div>\n            <\/div>\n        <\/div><div class=\"dynamic-gallery-item conocimientos-previos learning-es spanish conocimientos-previos\">\n            <div class=\"dynamic-gallery-item-inner\" data-itemid=\"7826 \"><a href=\"https:\/\/edu-building.org\/es\/courses\/conocimientos-previos\/\"><div class=\"dynamic-gallery-thumbnail\"><img decoding=\"async\" src=\"https:\/\/edu-building.org\/wp-content\/uploads\/2024\/10\/grundlagen-featured-768x512.jpg\" alt=\"\"><\/div><\/a> <div class=\"item-content\"><h2 class=\"title\"><a href=\"https:\/\/edu-building.org\/es\/courses\/conocimientos-previos\/\">Conocimientos previos<\/a><\/h2><p>Antes de iniciar cualquier proyecto de construcci\u00f3n, es fundamental realizar una investigaci\u00f3n exhaustiva sobre el terreno. Todo proyecto se ve condicionado por factores como el clima, los materiales locales, las infraestructuras y el riesgo de desastres naturales. En esta sesi\u00f3n se ofrece una visi\u00f3n general,<a class=\"eael_post_excerpt_read_more\" href=\"https:\/\/edu-building.org\/es\/courses\/conocimientos-previos\/\"> <\/a><\/p><\/div>\n            <\/div>\n        <\/div><div class=\"dynamic-gallery-item diseno learning-es spanish diseno\">\n            <div class=\"dynamic-gallery-item-inner\" data-itemid=\"7808 \"><a href=\"https:\/\/edu-building.org\/es\/courses\/diseno\/\"><div class=\"dynamic-gallery-thumbnail\"><img decoding=\"async\" src=\"https:\/\/edu-building.org\/wp-content\/uploads\/2024\/10\/design-featured-768x512.jpg\" alt=\"\"><\/div><\/a> <div class=\"item-content\"><h2 class=\"title\"><a href=\"https:\/\/edu-building.org\/es\/courses\/diseno\/\">Dise\u00f1o<\/a><\/h2><p>Qu\u00e9 aspectos deben tenerse en cuenta y qu\u00e9 decisiones estrat\u00e9gicas (por ejemplo, tipolog\u00eda, ubicaci\u00f3n, vallado, n\u00famero de plantas, aberturas en las paredes, dise\u00f1o exterior) pueden tomarse al planificar el edificio, incluso si no hay arquitectos involucrados.<\/p><\/div>\n            <\/div>\n        <\/div><div class=\"dynamic-gallery-item learning-es presupuesto spanish presupuesto\">\n            <div class=\"dynamic-gallery-item-inner\" data-itemid=\"7804 \"><a href=\"https:\/\/edu-building.org\/es\/courses\/presupuesto\/\"><div class=\"dynamic-gallery-thumbnail\"><img decoding=\"async\" src=\"https:\/\/edu-building.org\/wp-content\/uploads\/2024\/10\/budget-featured-768x512.jpg\" alt=\"\"><\/div><\/a> <div class=\"item-content\"><h2 class=\"title\"><a href=\"https:\/\/edu-building.org\/es\/courses\/presupuesto\/\">Presupuesto<\/a><\/h2><p>El aumento de los costes de construcci\u00f3n y las limitadas oportunidades de financiaci\u00f3n exigen eficiencia y creatividad. Esta presentaci\u00f3n analiza los costes de construcci\u00f3n y ofrece consejos sobre c\u00f3mo prepararse de forma eficaz, planificar presupuestos y mantener los gastos bajo control durante todo el proceso<a class=\"eael_post_excerpt_read_more\" href=\"https:\/\/edu-building.org\/es\/courses\/presupuesto\/\"> <\/a><\/p><\/div>\n            <\/div>\n        <\/div><div class=\"dynamic-gallery-item learning-es sostenibilidad spanish-es sostenibilidad\">\n            <div class=\"dynamic-gallery-item-inner\" data-itemid=\"7820 \"><a href=\"https:\/\/edu-building.org\/es\/courses\/sostenibilidad\/\"><div class=\"dynamic-gallery-thumbnail\"><img decoding=\"async\" src=\"https:\/\/edu-building.org\/wp-content\/uploads\/2024\/11\/sustainability-featured-768x512.jpg\" alt=\"\"><\/div><\/a> <div class=\"item-content\"><h2 class=\"title\"><a href=\"https:\/\/edu-building.org\/es\/courses\/sostenibilidad\/\">Sostenibilidad<\/a><\/h2><p>La sostenibilidad en la construcci\u00f3n va m\u00e1s all\u00e1 del uso de materiales alternativos. Dado que el sector de la construcci\u00f3n contribuye de manera significativa a las emisiones globales de CO\u2082, tambi\u00e9n se debe explorar otras cuestiones clave, como el WASH (agua, saneamiento e higiene), el<a class=\"eael_post_excerpt_read_more\" href=\"https:\/\/edu-building.org\/es\/courses\/sostenibilidad\/\"> <\/a><\/p><\/div>\n            <\/div>\n        <\/div><div class=\"dynamic-gallery-item ejecucion-de-la-construccion learning-es spanish ejecucion-de-la-construccion\">\n            <div class=\"dynamic-gallery-item-inner\" data-itemid=\"7812 \"><a href=\"https:\/\/edu-building.org\/es\/courses\/ejecucion-de-la-construccion\/\"><div class=\"dynamic-gallery-thumbnail\"><img decoding=\"async\" src=\"https:\/\/edu-building.org\/wp-content\/uploads\/2024\/10\/construction-featured-768x512.jpg\" alt=\"\"><\/div><\/a> <div class=\"item-content\"><h2 class=\"title\"><a href=\"https:\/\/edu-building.org\/es\/courses\/ejecucion-de-la-construccion\/\">Ejecuci\u00f3n de la construcci\u00f3n<\/a><\/h2><p>El proceso de construcci\u00f3n de un edificio sencillo, desde la colocaci\u00f3n de los cimientos hasta el tejado, se explica de forma f\u00e1cil de entender. Ayuda a los no expertos a comprender mejor el proceso y proporciona a los profesionales una base para comparar diferentes condiciones<a class=\"eael_post_excerpt_read_more\" href=\"https:\/\/edu-building.org\/es\/courses\/ejecucion-de-la-construccion\/\"> <\/a><\/p><\/div>\n            <\/div>\n        <\/div><div class=\"dynamic-gallery-item learning-es spanish wash-es wash\">\n            <div class=\"dynamic-gallery-item-inner\" data-itemid=\"7816 \"><a href=\"https:\/\/edu-building.org\/es\/courses\/wash\/\"><div class=\"dynamic-gallery-thumbnail\"><img decoding=\"async\" src=\"https:\/\/edu-building.org\/wp-content\/uploads\/2024\/10\/WASH-featured-768x512.jpg\" alt=\"\"><\/div><\/a> <div class=\"item-content\"><h2 class=\"title\"><a href=\"https:\/\/edu-building.org\/es\/courses\/wash\/\">WASH<\/a><\/h2><p>WASH (agua, saneamiento e higiene) desempe\u00f1a un papel fundamental en la mejora de la salud y las condiciones de vida, y est\u00e1 estrechamente relacionado con el desarrollo de infraestructuras. Esta presentaci\u00f3n analiza diferentes estrategias para la planificaci\u00f3n de aseos y el tratamiento de los residuos<a class=\"eael_post_excerpt_read_more\" href=\"https:\/\/edu-building.org\/es\/courses\/wash\/\"> <\/a><\/p><\/div>\n            <\/div>\n        <\/div><div class=\"dynamic-gallery-item learning-es spanish wash-es estudios-de-caso-wash\">\n            <div class=\"dynamic-gallery-item-inner\" data-itemid=\"7800 \"><a href=\"https:\/\/edu-building.org\/es\/courses\/estudios-de-caso-wash\/\"><div class=\"dynamic-gallery-thumbnail\"><img decoding=\"async\" src=\"https:\/\/edu-building.org\/wp-content\/uploads\/2024\/10\/wash-examples-featured-768x512.jpg\" alt=\"\"><\/div><\/a> <div class=\"item-content\"><h2 class=\"title\"><a href=\"https:\/\/edu-building.org\/es\/courses\/estudios-de-caso-wash\/\">Estudios de caso WASH<\/a><\/h2><p>La presentaci\u00f3n muestra una serie de proyectos que destacan enfoques alternativos para los ba\u00f1os y el saneamiento, lo que ayuda a crear conciencia sobre este tema que a menudo se pasa por alto. Entre los ejemplos se incluyen instalaciones en Ghana, Malaui, Sierra Leona y<a class=\"eael_post_excerpt_read_more\" href=\"https:\/\/edu-building.org\/es\/courses\/estudios-de-caso-wash\/\"> <\/a><\/p><\/div>\n            <\/div>\n        <\/div><\/div><\/div>\t\t\t\t<\/div>\n\t\t\t\t<\/div>\n\t\t\t\t\t<\/div>\n\t\t\t\t<\/div>\n\t\t\t\t<\/div>\n\t\t","protected":false},"excerpt":{"rendered":"<p>Centro de conocimiento Vorfeld Die wichtigsten Aspekte, die analysiert werden m\u00fcssen, um die Priorit\u00e4t und Realisierbarkeit eines Bauprojekts zu gew\u00e4hrleisten. Die Vorbereitung von Bauprojekten in der EZ umfasst Themen wie Bedarf, Rollen, Kommunikation und Partnerbeziehungen, die oft viel wichtiger sind als Design oder Materialwahl. Grundlagen Vor der Planung eines Bauprojekts ist gr\u00fcndliche Recherche vor Ort&#8230;<\/p>\n","protected":false},"author":1,"featured_media":0,"parent":0,"menu_order":0,"comment_status":"closed","ping_status":"closed","template":"","meta":{"_monsterinsights_skip_tracking":false,"_monsterinsights_sitenote_active":false,"_monsterinsights_sitenote_note":"","_monsterinsights_sitenote_category":0,"_kad_post_transparent":"","_kad_post_title":"hide","_kad_post_layout":"fullwidth","_kad_post_sidebar_id":"","_kad_post_content_style":"unboxed","_kad_post_vertical_padding":"hide","_kad_post_feature":"hide","_kad_post_feature_position":"","_kad_post_header":false,"_kad_post_footer":false,"footnotes":""},"class_list":["post-7749","page","type-page","status-publish","hentry"],"yoast_head":"<!-- This site is optimized with the Yoast SEO plugin v27.3 - https:\/\/yoast.com\/product\/yoast-seo-wordpress\/ -->\n<title>Conocimiento - edu-building<\/title>\n<meta name=\"robots\" content=\"index, follow, max-snippet:-1, max-image-preview:large, max-video-preview:-1\" \/>\n<link rel=\"canonical\" href=\"https:\/\/edu-building.org\/es\/centro-de-conocimiento\/\" \/>\n<meta property=\"og:locale\" content=\"es_ES\" \/>\n<meta property=\"og:type\" content=\"article\" \/>\n<meta property=\"og:title\" content=\"Conocimiento - edu-building\" \/>\n<meta property=\"og:description\" content=\"Centro de conocimiento Vorfeld Die wichtigsten Aspekte, die analysiert werden m\u00fcssen, um die Priorit\u00e4t und Realisierbarkeit eines Bauprojekts zu gew\u00e4hrleisten. Die Vorbereitung von Bauprojekten in der EZ umfasst Themen wie Bedarf, Rollen, Kommunikation und Partnerbeziehungen, die oft viel wichtiger sind als Design oder Materialwahl. Grundlagen Vor der Planung eines Bauprojekts ist gr\u00fcndliche Recherche vor Ort...\" \/>\n<meta property=\"og:url\" content=\"https:\/\/edu-building.org\/es\/centro-de-conocimiento\/\" \/>\n<meta property=\"og:site_name\" content=\"edu-building\" \/>\n<meta property=\"article:publisher\" content=\"https:\/\/www.facebook.com\/WEbuildingeV\/\" \/>\n<meta property=\"article:modified_time\" content=\"2025-12-10T11:59:25+00:00\" \/>\n<meta property=\"og:image\" content=\"https:\/\/edu-building.org\/wp-content\/uploads\/2024\/10\/vorfeld-featured-768x512.jpg\" \/>\n<meta name=\"twitter:card\" content=\"summary_large_image\" \/>\n<meta name=\"twitter:label1\" content=\"Tiempo de lectura\" \/>\n\t<meta name=\"twitter:data1\" content=\"4 minutos\" \/>\n<script type=\"application\/ld+json\" class=\"yoast-schema-graph\">{\"@context\":\"https:\\\/\\\/schema.org\",\"@graph\":[{\"@type\":\"WebPage\",\"@id\":\"https:\\\/\\\/edu-building.org\\\/es\\\/centro-de-conocimiento\\\/\",\"url\":\"https:\\\/\\\/edu-building.org\\\/es\\\/centro-de-conocimiento\\\/\",\"name\":\"Conocimiento - edu-building\",\"isPartOf\":{\"@id\":\"https:\\\/\\\/edu-building.org\\\/#website\"},\"primaryImageOfPage\":{\"@id\":\"https:\\\/\\\/edu-building.org\\\/es\\\/centro-de-conocimiento\\\/#primaryimage\"},\"image\":{\"@id\":\"https:\\\/\\\/edu-building.org\\\/es\\\/centro-de-conocimiento\\\/#primaryimage\"},\"thumbnailUrl\":\"https:\\\/\\\/edu-building.org\\\/wp-content\\\/uploads\\\/2024\\\/10\\\/vorfeld-featured-768x512.jpg\",\"datePublished\":\"2024-10-20T21:48:10+00:00\",\"dateModified\":\"2025-12-10T11:59:25+00:00\",\"breadcrumb\":{\"@id\":\"https:\\\/\\\/edu-building.org\\\/es\\\/centro-de-conocimiento\\\/#breadcrumb\"},\"inLanguage\":\"es\",\"potentialAction\":[{\"@type\":\"ReadAction\",\"target\":[\"https:\\\/\\\/edu-building.org\\\/es\\\/centro-de-conocimiento\\\/\"]}]},{\"@type\":\"ImageObject\",\"inLanguage\":\"es\",\"@id\":\"https:\\\/\\\/edu-building.org\\\/es\\\/centro-de-conocimiento\\\/#primaryimage\",\"url\":\"https:\\\/\\\/edu-building.org\\\/wp-content\\\/uploads\\\/2024\\\/10\\\/vorfeld-featured-768x512.jpg\",\"contentUrl\":\"https:\\\/\\\/edu-building.org\\\/wp-content\\\/uploads\\\/2024\\\/10\\\/vorfeld-featured-768x512.jpg\"},{\"@type\":\"BreadcrumbList\",\"@id\":\"https:\\\/\\\/edu-building.org\\\/es\\\/centro-de-conocimiento\\\/#breadcrumb\",\"itemListElement\":[{\"@type\":\"ListItem\",\"position\":1,\"name\":\"Startseite\",\"item\":\"https:\\\/\\\/edu-building.org\\\/es\\\/home\\\/\"},{\"@type\":\"ListItem\",\"position\":2,\"name\":\"Conocimiento\"}]},{\"@type\":\"WebSite\",\"@id\":\"https:\\\/\\\/edu-building.org\\\/#website\",\"url\":\"https:\\\/\\\/edu-building.org\\\/\",\"name\":\"edu-building\",\"description\":\"Bauprojekte in der Entwicklungszusammenarbeit\",\"publisher\":{\"@id\":\"https:\\\/\\\/edu-building.org\\\/#organization\"},\"potentialAction\":[{\"@type\":\"SearchAction\",\"target\":{\"@type\":\"EntryPoint\",\"urlTemplate\":\"https:\\\/\\\/edu-building.org\\\/?s={search_term_string}\"},\"query-input\":{\"@type\":\"PropertyValueSpecification\",\"valueRequired\":true,\"valueName\":\"search_term_string\"}}],\"inLanguage\":\"es\"},{\"@type\":\"Organization\",\"@id\":\"https:\\\/\\\/edu-building.org\\\/#organization\",\"name\":\"We-Building e.V.\",\"url\":\"https:\\\/\\\/edu-building.org\\\/\",\"logo\":{\"@type\":\"ImageObject\",\"inLanguage\":\"es\",\"@id\":\"https:\\\/\\\/edu-building.org\\\/#\\\/schema\\\/logo\\\/image\\\/\",\"url\":\"https:\\\/\\\/edu-building.org\\\/wp-content\\\/uploads\\\/2024\\\/10\\\/EDU-LOGO.svg\",\"contentUrl\":\"https:\\\/\\\/edu-building.org\\\/wp-content\\\/uploads\\\/2024\\\/10\\\/EDU-LOGO.svg\",\"width\":458,\"height\":458,\"caption\":\"We-Building e.V.\"},\"image\":{\"@id\":\"https:\\\/\\\/edu-building.org\\\/#\\\/schema\\\/logo\\\/image\\\/\"},\"sameAs\":[\"https:\\\/\\\/www.facebook.com\\\/WEbuildingeV\\\/\"]}]}<\/script>\n<!-- \/ Yoast SEO plugin. -->","yoast_head_json":{"title":"Conocimiento - edu-building","robots":{"index":"index","follow":"follow","max-snippet":"max-snippet:-1","max-image-preview":"max-image-preview:large","max-video-preview":"max-video-preview:-1"},"canonical":"https:\/\/edu-building.org\/es\/centro-de-conocimiento\/","og_locale":"es_ES","og_type":"article","og_title":"Conocimiento - edu-building","og_description":"Centro de conocimiento Vorfeld Die wichtigsten Aspekte, die analysiert werden m\u00fcssen, um die Priorit\u00e4t und Realisierbarkeit eines Bauprojekts zu gew\u00e4hrleisten. Die Vorbereitung von Bauprojekten in der EZ umfasst Themen wie Bedarf, Rollen, Kommunikation und Partnerbeziehungen, die oft viel wichtiger sind als Design oder Materialwahl. Grundlagen Vor der Planung eines Bauprojekts ist gr\u00fcndliche Recherche vor Ort...","og_url":"https:\/\/edu-building.org\/es\/centro-de-conocimiento\/","og_site_name":"edu-building","article_publisher":"https:\/\/www.facebook.com\/WEbuildingeV\/","article_modified_time":"2025-12-10T11:59:25+00:00","og_image":[{"url":"https:\/\/edu-building.org\/wp-content\/uploads\/2024\/10\/vorfeld-featured-768x512.jpg","type":"","width":"","height":""}],"twitter_card":"summary_large_image","twitter_misc":{"Tiempo de lectura":"4 minutos"},"schema":{"@context":"https:\/\/schema.org","@graph":[{"@type":"WebPage","@id":"https:\/\/edu-building.org\/es\/centro-de-conocimiento\/","url":"https:\/\/edu-building.org\/es\/centro-de-conocimiento\/","name":"Conocimiento - edu-building","isPartOf":{"@id":"https:\/\/edu-building.org\/#website"},"primaryImageOfPage":{"@id":"https:\/\/edu-building.org\/es\/centro-de-conocimiento\/#primaryimage"},"image":{"@id":"https:\/\/edu-building.org\/es\/centro-de-conocimiento\/#primaryimage"},"thumbnailUrl":"https:\/\/edu-building.org\/wp-content\/uploads\/2024\/10\/vorfeld-featured-768x512.jpg","datePublished":"2024-10-20T21:48:10+00:00","dateModified":"2025-12-10T11:59:25+00:00","breadcrumb":{"@id":"https:\/\/edu-building.org\/es\/centro-de-conocimiento\/#breadcrumb"},"inLanguage":"es","potentialAction":[{"@type":"ReadAction","target":["https:\/\/edu-building.org\/es\/centro-de-conocimiento\/"]}]},{"@type":"ImageObject","inLanguage":"es","@id":"https:\/\/edu-building.org\/es\/centro-de-conocimiento\/#primaryimage","url":"https:\/\/edu-building.org\/wp-content\/uploads\/2024\/10\/vorfeld-featured-768x512.jpg","contentUrl":"https:\/\/edu-building.org\/wp-content\/uploads\/2024\/10\/vorfeld-featured-768x512.jpg"},{"@type":"BreadcrumbList","@id":"https:\/\/edu-building.org\/es\/centro-de-conocimiento\/#breadcrumb","itemListElement":[{"@type":"ListItem","position":1,"name":"Startseite","item":"https:\/\/edu-building.org\/es\/home\/"},{"@type":"ListItem","position":2,"name":"Conocimiento"}]},{"@type":"WebSite","@id":"https:\/\/edu-building.org\/#website","url":"https:\/\/edu-building.org\/","name":"edu-building","description":"Bauprojekte in der Entwicklungszusammenarbeit","publisher":{"@id":"https:\/\/edu-building.org\/#organization"},"potentialAction":[{"@type":"SearchAction","target":{"@type":"EntryPoint","urlTemplate":"https:\/\/edu-building.org\/?s={search_term_string}"},"query-input":{"@type":"PropertyValueSpecification","valueRequired":true,"valueName":"search_term_string"}}],"inLanguage":"es"},{"@type":"Organization","@id":"https:\/\/edu-building.org\/#organization","name":"We-Building e.V.","url":"https:\/\/edu-building.org\/","logo":{"@type":"ImageObject","inLanguage":"es","@id":"https:\/\/edu-building.org\/#\/schema\/logo\/image\/","url":"https:\/\/edu-building.org\/wp-content\/uploads\/2024\/10\/EDU-LOGO.svg","contentUrl":"https:\/\/edu-building.org\/wp-content\/uploads\/2024\/10\/EDU-LOGO.svg","width":458,"height":458,"caption":"We-Building e.V."},"image":{"@id":"https:\/\/edu-building.org\/#\/schema\/logo\/image\/"},"sameAs":["https:\/\/www.facebook.com\/WEbuildingeV\/"]}]}},"_links":{"self":[{"href":"https:\/\/edu-building.org\/es\/wp-json\/wp\/v2\/pages\/7749","targetHints":{"allow":["GET"]}}],"collection":[{"href":"https:\/\/edu-building.org\/es\/wp-json\/wp\/v2\/pages"}],"about":[{"href":"https:\/\/edu-building.org\/es\/wp-json\/wp\/v2\/types\/page"}],"author":[{"embeddable":true,"href":"https:\/\/edu-building.org\/es\/wp-json\/wp\/v2\/users\/1"}],"replies":[{"embeddable":true,"href":"https:\/\/edu-building.org\/es\/wp-json\/wp\/v2\/comments?post=7749"}],"version-history":[{"count":6,"href":"https:\/\/edu-building.org\/es\/wp-json\/wp\/v2\/pages\/7749\/revisions"}],"predecessor-version":[{"id":8185,"href":"https:\/\/edu-building.org\/es\/wp-json\/wp\/v2\/pages\/7749\/revisions\/8185"}],"wp:attachment":[{"href":"https:\/\/edu-building.org\/es\/wp-json\/wp\/v2\/media?parent=7749"}],"curies":[{"name":"wp","href":"https:\/\/api.w.org\/{rel}","templated":true}]}}