{"id":7756,"date":"2025-07-09T22:23:45","date_gmt":"2025-07-09T22:23:45","guid":{"rendered":"https:\/\/edu-building.org\/talleres\/"},"modified":"2025-08-24T22:10:34","modified_gmt":"2025-08-24T22:10:34","slug":"talleres","status":"publish","type":"page","link":"https:\/\/edu-building.org\/es\/talleres\/","title":{"rendered":"Talleres"},"content":{"rendered":"\t\t<div data-elementor-type=\"wp-page\" data-elementor-id=\"7756\" class=\"elementor elementor-7756 elementor-7276\" data-elementor-post-type=\"page\">\n\t\t\t\t<div data-particle_enable=\"false\" data-particle-mobile-disabled=\"false\" class=\"elementor-element elementor-element-9ab3211 e-flex e-con-boxed e-con e-parent\" data-id=\"9ab3211\" data-element_type=\"container\" data-e-type=\"container\">\n\t\t\t\t\t<div class=\"e-con-inner\">\n\t\t<div data-particle_enable=\"false\" data-particle-mobile-disabled=\"false\" class=\"elementor-element elementor-element-dee1832 e-con-full e-flex e-con e-child\" data-id=\"dee1832\" data-element_type=\"container\" data-e-type=\"container\">\n\t\t\t\t<div class=\"elementor-element elementor-element-0cb412c elementor-widget elementor-widget-heading\" data-id=\"0cb412c\" data-element_type=\"widget\" data-e-type=\"widget\" data-widget_type=\"heading.default\">\n\t\t\t\t<div class=\"elementor-widget-container\">\n\t\t\t\t\t<h2 class=\"elementor-heading-title elementor-size-default\">Talleres<\/h2>\t\t\t\t<\/div>\n\t\t\t\t<\/div>\n\t\t\t\t<div class=\"elementor-element elementor-element-456ff75 elementor-widget elementor-widget-text-editor\" data-id=\"456ff75\" data-element_type=\"widget\" data-e-type=\"widget\" data-widget_type=\"text-editor.default\">\n\t\t\t\t<div class=\"elementor-widget-container\">\n\t\t\t\t\t\t\t\t\t<p>En la segunda mitad de 2025 y a lo largo de 2026, tenemos previsto organizar una serie de talleres breves por la tarde, despu\u00e9s del trabajo. El objetivo es debatir temas espec\u00edficos, como el dise\u00f1o participativo, la colaboraci\u00f3n con arquitectos y contratistas locales, las normas m\u00ednimas y la proporcionalidad, la construcci\u00f3n con bamb\u00fa, los requisitos legales, el uso del cemento en la construcci\u00f3n con tierra y otros temas relevantes.<br><br> <\/p><p>El calendario completo se publicar\u00e1 en septiembre de 2025.<\/p>\t\t\t\t\t\t\t\t<\/div>\n\t\t\t\t<\/div>\n\t\t\t\t<\/div>\n\t\t\t\t\t<\/div>\n\t\t\t\t<\/div>\n\t\t\t\t<\/div>\n\t\t","protected":false},"excerpt":{"rendered":"<p>Talleres En la segunda mitad de 2025 y a lo largo de 2026, tenemos previsto organizar una serie de talleres breves por la tarde, despu\u00e9s del trabajo. El objetivo es debatir temas espec\u00edficos, como el dise\u00f1o participativo, la colaboraci\u00f3n con arquitectos y contratistas locales, las normas m\u00ednimas y la proporcionalidad, la construcci\u00f3n con bamb\u00fa, los&#8230;<\/p>\n","protected":false},"author":1,"featured_media":0,"parent":0,"menu_order":0,"comment_status":"closed","ping_status":"closed","template":"","meta":{"_monsterinsights_skip_tracking":false,"_monsterinsights_sitenote_active":false,"_monsterinsights_sitenote_note":"","_monsterinsights_sitenote_category":0,"_kad_post_transparent":"","_kad_post_title":"","_kad_post_layout":"","_kad_post_sidebar_id":"","_kad_post_content_style":"","_kad_post_vertical_padding":"","_kad_post_feature":"","_kad_post_feature_position":"","_kad_post_header":false,"_kad_post_footer":false,"footnotes":""},"class_list":["post-7756","page","type-page","status-publish","hentry"],"yoast_head":"<!-- This site is optimized with the Yoast SEO plugin v27.3 - https:\/\/yoast.com\/product\/yoast-seo-wordpress\/ -->\n<title>Talleres - edu-building<\/title>\n<meta name=\"robots\" content=\"index, follow, max-snippet:-1, max-image-preview:large, max-video-preview:-1\" \/>\n<link rel=\"canonical\" href=\"https:\/\/edu-building.org\/es\/talleres\/\" \/>\n<meta property=\"og:locale\" content=\"es_ES\" \/>\n<meta property=\"og:type\" content=\"article\" \/>\n<meta property=\"og:title\" content=\"Talleres - edu-building\" \/>\n<meta property=\"og:description\" content=\"Talleres En la segunda mitad de 2025 y a lo largo de 2026, tenemos previsto organizar una serie de talleres breves por la tarde, despu\u00e9s del trabajo. El objetivo es debatir temas espec\u00edficos, como el dise\u00f1o participativo, la colaboraci\u00f3n con arquitectos y contratistas locales, las normas m\u00ednimas y la proporcionalidad, la construcci\u00f3n con bamb\u00fa, los...\" \/>\n<meta property=\"og:url\" content=\"https:\/\/edu-building.org\/es\/talleres\/\" \/>\n<meta property=\"og:site_name\" content=\"edu-building\" \/>\n<meta property=\"article:publisher\" content=\"https:\/\/www.facebook.com\/WEbuildingeV\/\" \/>\n<meta property=\"article:modified_time\" content=\"2025-08-24T22:10:34+00:00\" \/>\n<meta name=\"twitter:card\" content=\"summary_large_image\" \/>\n<script type=\"application\/ld+json\" class=\"yoast-schema-graph\">{\"@context\":\"https:\\\/\\\/schema.org\",\"@graph\":[{\"@type\":\"WebPage\",\"@id\":\"https:\\\/\\\/edu-building.org\\\/es\\\/talleres\\\/\",\"url\":\"https:\\\/\\\/edu-building.org\\\/es\\\/talleres\\\/\",\"name\":\"Talleres - edu-building\",\"isPartOf\":{\"@id\":\"https:\\\/\\\/edu-building.org\\\/#website\"},\"datePublished\":\"2025-07-09T22:23:45+00:00\",\"dateModified\":\"2025-08-24T22:10:34+00:00\",\"breadcrumb\":{\"@id\":\"https:\\\/\\\/edu-building.org\\\/es\\\/talleres\\\/#breadcrumb\"},\"inLanguage\":\"es\",\"potentialAction\":[{\"@type\":\"ReadAction\",\"target\":[\"https:\\\/\\\/edu-building.org\\\/es\\\/talleres\\\/\"]}]},{\"@type\":\"BreadcrumbList\",\"@id\":\"https:\\\/\\\/edu-building.org\\\/es\\\/talleres\\\/#breadcrumb\",\"itemListElement\":[{\"@type\":\"ListItem\",\"position\":1,\"name\":\"Startseite\",\"item\":\"https:\\\/\\\/edu-building.org\\\/es\\\/home\\\/\"},{\"@type\":\"ListItem\",\"position\":2,\"name\":\"Talleres\"}]},{\"@type\":\"WebSite\",\"@id\":\"https:\\\/\\\/edu-building.org\\\/#website\",\"url\":\"https:\\\/\\\/edu-building.org\\\/\",\"name\":\"edu-building\",\"description\":\"Bauprojekte in der Entwicklungszusammenarbeit\",\"publisher\":{\"@id\":\"https:\\\/\\\/edu-building.org\\\/#organization\"},\"potentialAction\":[{\"@type\":\"SearchAction\",\"target\":{\"@type\":\"EntryPoint\",\"urlTemplate\":\"https:\\\/\\\/edu-building.org\\\/?s={search_term_string}\"},\"query-input\":{\"@type\":\"PropertyValueSpecification\",\"valueRequired\":true,\"valueName\":\"search_term_string\"}}],\"inLanguage\":\"es\"},{\"@type\":\"Organization\",\"@id\":\"https:\\\/\\\/edu-building.org\\\/#organization\",\"name\":\"We-Building e.V.\",\"url\":\"https:\\\/\\\/edu-building.org\\\/\",\"logo\":{\"@type\":\"ImageObject\",\"inLanguage\":\"es\",\"@id\":\"https:\\\/\\\/edu-building.org\\\/#\\\/schema\\\/logo\\\/image\\\/\",\"url\":\"https:\\\/\\\/edu-building.org\\\/wp-content\\\/uploads\\\/2024\\\/10\\\/EDU-LOGO.svg\",\"contentUrl\":\"https:\\\/\\\/edu-building.org\\\/wp-content\\\/uploads\\\/2024\\\/10\\\/EDU-LOGO.svg\",\"width\":458,\"height\":458,\"caption\":\"We-Building e.V.\"},\"image\":{\"@id\":\"https:\\\/\\\/edu-building.org\\\/#\\\/schema\\\/logo\\\/image\\\/\"},\"sameAs\":[\"https:\\\/\\\/www.facebook.com\\\/WEbuildingeV\\\/\"]}]}<\/script>\n<!-- \/ Yoast SEO plugin. -->","yoast_head_json":{"title":"Talleres - edu-building","robots":{"index":"index","follow":"follow","max-snippet":"max-snippet:-1","max-image-preview":"max-image-preview:large","max-video-preview":"max-video-preview:-1"},"canonical":"https:\/\/edu-building.org\/es\/talleres\/","og_locale":"es_ES","og_type":"article","og_title":"Talleres - edu-building","og_description":"Talleres En la segunda mitad de 2025 y a lo largo de 2026, tenemos previsto organizar una serie de talleres breves por la tarde, despu\u00e9s del trabajo. El objetivo es debatir temas espec\u00edficos, como el dise\u00f1o participativo, la colaboraci\u00f3n con arquitectos y contratistas locales, las normas m\u00ednimas y la proporcionalidad, la construcci\u00f3n con bamb\u00fa, los...","og_url":"https:\/\/edu-building.org\/es\/talleres\/","og_site_name":"edu-building","article_publisher":"https:\/\/www.facebook.com\/WEbuildingeV\/","article_modified_time":"2025-08-24T22:10:34+00:00","twitter_card":"summary_large_image","schema":{"@context":"https:\/\/schema.org","@graph":[{"@type":"WebPage","@id":"https:\/\/edu-building.org\/es\/talleres\/","url":"https:\/\/edu-building.org\/es\/talleres\/","name":"Talleres - edu-building","isPartOf":{"@id":"https:\/\/edu-building.org\/#website"},"datePublished":"2025-07-09T22:23:45+00:00","dateModified":"2025-08-24T22:10:34+00:00","breadcrumb":{"@id":"https:\/\/edu-building.org\/es\/talleres\/#breadcrumb"},"inLanguage":"es","potentialAction":[{"@type":"ReadAction","target":["https:\/\/edu-building.org\/es\/talleres\/"]}]},{"@type":"BreadcrumbList","@id":"https:\/\/edu-building.org\/es\/talleres\/#breadcrumb","itemListElement":[{"@type":"ListItem","position":1,"name":"Startseite","item":"https:\/\/edu-building.org\/es\/home\/"},{"@type":"ListItem","position":2,"name":"Talleres"}]},{"@type":"WebSite","@id":"https:\/\/edu-building.org\/#website","url":"https:\/\/edu-building.org\/","name":"edu-building","description":"Bauprojekte in der Entwicklungszusammenarbeit","publisher":{"@id":"https:\/\/edu-building.org\/#organization"},"potentialAction":[{"@type":"SearchAction","target":{"@type":"EntryPoint","urlTemplate":"https:\/\/edu-building.org\/?s={search_term_string}"},"query-input":{"@type":"PropertyValueSpecification","valueRequired":true,"valueName":"search_term_string"}}],"inLanguage":"es"},{"@type":"Organization","@id":"https:\/\/edu-building.org\/#organization","name":"We-Building e.V.","url":"https:\/\/edu-building.org\/","logo":{"@type":"ImageObject","inLanguage":"es","@id":"https:\/\/edu-building.org\/#\/schema\/logo\/image\/","url":"https:\/\/edu-building.org\/wp-content\/uploads\/2024\/10\/EDU-LOGO.svg","contentUrl":"https:\/\/edu-building.org\/wp-content\/uploads\/2024\/10\/EDU-LOGO.svg","width":458,"height":458,"caption":"We-Building e.V."},"image":{"@id":"https:\/\/edu-building.org\/#\/schema\/logo\/image\/"},"sameAs":["https:\/\/www.facebook.com\/WEbuildingeV\/"]}]}},"_links":{"self":[{"href":"https:\/\/edu-building.org\/es\/wp-json\/wp\/v2\/pages\/7756","targetHints":{"allow":["GET"]}}],"collection":[{"href":"https:\/\/edu-building.org\/es\/wp-json\/wp\/v2\/pages"}],"about":[{"href":"https:\/\/edu-building.org\/es\/wp-json\/wp\/v2\/types\/page"}],"author":[{"embeddable":true,"href":"https:\/\/edu-building.org\/es\/wp-json\/wp\/v2\/users\/1"}],"replies":[{"embeddable":true,"href":"https:\/\/edu-building.org\/es\/wp-json\/wp\/v2\/comments?post=7756"}],"version-history":[{"count":1,"href":"https:\/\/edu-building.org\/es\/wp-json\/wp\/v2\/pages\/7756\/revisions"}],"predecessor-version":[{"id":7757,"href":"https:\/\/edu-building.org\/es\/wp-json\/wp\/v2\/pages\/7756\/revisions\/7757"}],"wp:attachment":[{"href":"https:\/\/edu-building.org\/es\/wp-json\/wp\/v2\/media?parent=7756"}],"curies":[{"name":"wp","href":"https:\/\/api.w.org\/{rel}","templated":true}]}}