{"id":7758,"date":"2022-01-24T10:05:07","date_gmt":"2022-01-24T10:05:07","guid":{"rendered":"https:\/\/edu-building.org\/casos-de-estudio\/"},"modified":"2026-04-08T13:58:31","modified_gmt":"2026-04-08T13:58:31","slug":"casos-de-estudio","status":"publish","type":"page","link":"https:\/\/edu-building.org\/es\/casos-de-estudio\/","title":{"rendered":"Casos de estudio"},"content":{"rendered":"\t\t<div data-elementor-type=\"wp-page\" data-elementor-id=\"7758\" class=\"elementor elementor-7758 elementor-7347\" data-elementor-post-type=\"page\">\n\t\t\t\t<div data-particle_enable=\"false\" data-particle-mobile-disabled=\"false\" class=\"elementor-element elementor-element-7f6029a e-flex e-con-boxed e-con e-parent\" data-id=\"7f6029a\" data-element_type=\"container\" data-e-type=\"container\">\n\t\t\t\t\t<div class=\"e-con-inner\">\n\t\t\t\t<div class=\"elementor-element elementor-element-50beef6 elementor-widget elementor-widget-heading\" data-id=\"50beef6\" data-element_type=\"widget\" data-e-type=\"widget\" data-widget_type=\"heading.default\">\n\t\t\t\t<div class=\"elementor-widget-container\">\n\t\t\t\t\t<h2 class=\"elementor-heading-title elementor-size-default\">Casos de estudio<\/h2>\t\t\t\t<\/div>\n\t\t\t\t<\/div>\n\t\t\t\t\t<\/div>\n\t\t\t\t<\/div>\n\t\t<div data-particle_enable=\"false\" data-particle-mobile-disabled=\"false\" class=\"elementor-element elementor-element-64a9463 e-flex e-con-boxed e-con e-parent\" data-id=\"64a9463\" data-element_type=\"container\" data-e-type=\"container\">\n\t\t\t\t\t<div class=\"e-con-inner\">\n\t\t\t\t<div class=\"elementor-element elementor-element-fc03527 elementor-grid-3 elementor-grid-tablet-2 elementor-grid-mobile-1 elementor-widget elementor-widget-eael-dynamic-filterable-gallery\" data-id=\"fc03527\" data-element_type=\"widget\" data-e-type=\"widget\" data-settings=\"{&quot;eael_fg_columns&quot;:&quot;3&quot;,&quot;eael_fg_columns_tablet&quot;:&quot;2&quot;,&quot;eael_fg_columns_mobile&quot;:&quot;1&quot;}\" data-widget_type=\"eael-dynamic-filterable-gallery.default\">\n\t\t\t\t<div class=\"elementor-widget-container\">\n\t\t\t\t\t<div id=\"eael-filter-gallery-wrapper-fc03527\" class=\"eael-filter-gallery-wrapper\"><div class=\"eael-filter-gallery-control\">\n                    <ul>\n                        <li class=\"control active dynamic-gallery-category \" data-filter=\"*\">Todos<\/li><li class=\"control dynamic-gallery-category \" data-termid=\"32\" data-taxonomy=\"ld_course_tag\" data-filter=\".deswos\">DESWOS<\/li><li class=\"control dynamic-gallery-category \" data-termid=\"31\" data-taxonomy=\"ld_course_tag\" data-filter=\".semillas\">Semillas<\/li><li class=\"control dynamic-gallery-category \" data-termid=\"33\" data-taxonomy=\"ld_course_tag\" data-filter=\".we-building\">We-Building<\/li><li class=\"control dynamic-gallery-category \" data-termid=\"34\" data-taxonomy=\"ld_course_tag\" data-filter=\".caritas\">Caritas<\/li><li class=\"control dynamic-gallery-category \" data-termid=\"53\" data-taxonomy=\"ld_course_tag\" data-filter=\".a-part\">A-Part<\/li><li class=\"control dynamic-gallery-category \" data-termid=\"156\" data-taxonomy=\"ld_course_tag\" data-filter=\".iog\">IOG<\/li><\/ul>\n                <\/div><div class=\"eael-filter-gallery-container eael-post-appender eael-post-appender-fc03527 grid eael-cards 3\" data-settings=\"{&quot;item_style&quot;:&quot;eael-cards&quot;,&quot;duration&quot;:500,&quot;layout_mode&quot;:&quot;grid&quot;}\"><div class=\"dynamic-gallery-item beispiel-es deswos-es spanish centro-de-saludkeemalung-nepal\">\n            <div class=\"dynamic-gallery-item-inner\" data-itemid=\"7776 \"><a href=\"https:\/\/edu-building.org\/es\/courses\/centro-de-saludkeemalung-nepal\/\"><div class=\"dynamic-gallery-thumbnail\"><img decoding=\"async\" src=\"https:\/\/edu-building.org\/wp-content\/uploads\/2024\/10\/deswos-featured-2-768x512.jpg\" alt=\"\"><\/div><\/a> <div class=\"item-content\"><h2 class=\"title\"><a href=\"https:\/\/edu-building.org\/es\/courses\/centro-de-saludkeemalung-nepal\/\">Centro de salud<br>Keemalung, Nepal<\/a><\/h2><p>El proyecto del centro de salud en Nepal, presentado por DESWOS e.V., se vio condicionado por la dif\u00edcil accesibilidad del emplazamiento y la necesidad de cumplir con elevados est\u00e1ndares de construcci\u00f3n. La construcci\u00f3n antis\u00edsmica fue un requisito clave, especialmente como<a class=\"eael_post_excerpt_read_more\" href=\"https:\/\/edu-building.org\/es\/courses\/centro-de-saludkeemalung-nepal\/\"> <\/a><\/p><\/div>\n            <\/div>\n        <\/div><div class=\"dynamic-gallery-item beispiel-es spanish we-building-es escuela-primariakoforidua-ghana\">\n            <div class=\"dynamic-gallery-item-inner\" data-itemid=\"7771 \"><a href=\"https:\/\/edu-building.org\/es\/courses\/escuela-primariakoforidua-ghana\/\"><div class=\"dynamic-gallery-thumbnail\"><img decoding=\"async\" src=\"https:\/\/edu-building.org\/wp-content\/uploads\/2022\/01\/koforidua-thumb-768x512.jpg\" alt=\"\"><\/div><\/a> <div class=\"item-content\"><h2 class=\"title\"><a href=\"https:\/\/edu-building.org\/es\/courses\/escuela-primariakoforidua-ghana\/\">Escuela primaria,<br>Koforidua, Ghana<\/a><\/h2><p>En 2020, We-Building e.V. complet\u00f3 su segunda escuela primaria en Ghana, situada en Koforidua. Aprovechando las lecciones aprendidas en su primer proyecto, optaron por primera vez por una estructura de madera, una decisi\u00f3n que contribuy\u00f3 a acelerar la construcci\u00f3n.<\/p><\/div>\n            <\/div>\n        <\/div><div class=\"dynamic-gallery-item beispiel-es spanish we-building-es escuela-primariadarmang-ghana\">\n            <div class=\"dynamic-gallery-item-inner\" data-itemid=\"7769 \"><a href=\"https:\/\/edu-building.org\/es\/courses\/escuela-primariadarmang-ghana\/\"><div class=\"dynamic-gallery-thumbnail\"><img decoding=\"async\" src=\"https:\/\/edu-building.org\/wp-content\/uploads\/2022\/01\/darmang-featured-768x512.jpg\" alt=\"\"><\/div><\/a> <div class=\"item-content\"><h2 class=\"title\"><a href=\"https:\/\/edu-building.org\/es\/courses\/escuela-primariadarmang-ghana\/\">Escuela primaria<br>Darmang, Ghana<\/a><\/h2><p>Este proyecto escolar presentado por We-Building e.V. describe todo el proceso, desde la planificaci\u00f3n hasta la construcci\u00f3n, incluyendo diversas lecciones aprendidas a lo largo del camino.<\/p><\/div>\n            <\/div>\n        <\/div><div class=\"dynamic-gallery-item beispiel-es caritas-es spanish refugio-para-mujerescuenca-ecuador\">\n            <div class=\"dynamic-gallery-item-inner\" data-itemid=\"7765 \"><a href=\"https:\/\/edu-building.org\/es\/courses\/refugio-para-mujerescuenca-ecuador\/\"><div class=\"dynamic-gallery-thumbnail\"><img decoding=\"async\" src=\"https:\/\/edu-building.org\/wp-content\/uploads\/2024\/11\/nina-huasi-cover-1-768x512.jpg\" alt=\"\"><\/div><\/a> <div class=\"item-content\"><h2 class=\"title\"><a href=\"https:\/\/edu-building.org\/es\/courses\/refugio-para-mujerescuenca-ecuador\/\">Refugio para mujeres<br>Cuenca, Ecuador<\/a><\/h2><p>Nina Huasi es un refugio para mujeres en los Andes ecuatorianos que brinda protecci\u00f3n y apoyo a mujeres y ni\u00f1os afectados por la violencia dom\u00e9stica. El proyecto, respaldado por Caritas Vorarlberg, pone un fuerte \u00e9nfasis en la sostenibilidad ecol\u00f3gica, social<a class=\"eael_post_excerpt_read_more\" href=\"https:\/\/edu-building.org\/es\/courses\/refugio-para-mujerescuenca-ecuador\/\"> <\/a><\/p><\/div>\n            <\/div>\n        <\/div><div class=\"dynamic-gallery-item a-part-es beispiel-es spanish-es biblioteca-kimintet-kirindon-kenya\">\n            <div class=\"dynamic-gallery-item-inner\" data-itemid=\"7767 \"><a href=\"https:\/\/edu-building.org\/es\/courses\/biblioteca-kimintet-kirindon-kenya\/\"><div class=\"dynamic-gallery-thumbnail\"><img decoding=\"async\" src=\"https:\/\/edu-building.org\/wp-content\/uploads\/2025\/03\/apart-cover-768x512.jpg\" alt=\"\"><\/div><\/a> <div class=\"item-content\"><h2 class=\"title\"><a href=\"https:\/\/edu-building.org\/es\/courses\/biblioteca-kimintet-kirindon-kenya\/\">Biblioteca Kimintet <br>Kirindon, Kenya<\/a><\/h2><p>Un proyecto de la organizaci\u00f3n italiana A.PART destinado a la renovaci\u00f3n de una biblioteca escolar en Kenia. El proyecto demuestra que, incluso con un presupuesto limitado y unas intervenciones espec\u00edficas, es posible crear espacios nuevos y atractivos mediante una planificaci\u00f3n<a class=\"eael_post_excerpt_read_more\" href=\"https:\/\/edu-building.org\/es\/courses\/biblioteca-kimintet-kirindon-kenya\/\"> <\/a><\/p><\/div>\n            <\/div>\n        <\/div><div class=\"dynamic-gallery-item beispiel-es semillas-es spanish-es preescolaralto-anapati-peru\">\n            <div class=\"dynamic-gallery-item-inner\" data-itemid=\"7760 \"><a href=\"https:\/\/edu-building.org\/es\/courses\/preescolaralto-anapati-peru\/\"><div class=\"dynamic-gallery-thumbnail\"><img decoding=\"async\" src=\"https:\/\/edu-building.org\/wp-content\/uploads\/2024\/10\/semillas-featured-2-768x512.jpg\" alt=\"\"><\/div><\/a> <div class=\"item-content\"><h2 class=\"title\"><a href=\"https:\/\/edu-building.org\/es\/courses\/preescolaralto-anapati-peru\/\">Preescolar<br>Alto Anapati, Per\u00fa<\/a><\/h2><p>Un proyecto de la organizaci\u00f3n peruana Semillas, realizado en estrecha colaboraci\u00f3n con la comunidad y mediante un proceso de dise\u00f1o participativo. El dise\u00f1o refleja las necesidades de la comunidad y exige un replanteamiento de la arquitectura de la Amazon\u00eda.<\/p><\/div>\n            <\/div>\n        <\/div><div class=\"dynamic-gallery-item beispiel-es iog-es spanish-es saneamientokikandwa-uganda\">\n            <div class=\"dynamic-gallery-item-inner\" data-itemid=\"8278 \"><a href=\"https:\/\/edu-building.org\/es\/courses\/saneamientokikandwa-uganda\/\"><div class=\"dynamic-gallery-thumbnail\"><img decoding=\"async\" src=\"https:\/\/edu-building.org\/wp-content\/uploads\/2026\/02\/Untitled-design-10-768x512.png\" alt=\"\"><\/div><\/a> <div class=\"item-content\"><h2 class=\"title\"><a href=\"https:\/\/edu-building.org\/es\/courses\/saneamientokikandwa-uganda\/\">Saneamiento<br>Kikandwa, Uganda<\/a><\/h2><p>En la escuela primaria St. Mark Kikandwa, en Uganda, Ingenieure ohne Grenzen e. V., junto con SUUBI Community Projects, llev\u00f3 a cabo un proyecto de saneamiento. El eje central fue la construcci\u00f3n de ba\u00f1os secos con separaci\u00f3n, cuyo funcionamiento podr\u00e1<a class=\"eael_post_excerpt_read_more\" href=\"https:\/\/edu-building.org\/es\/courses\/saneamientokikandwa-uganda\/\"> <\/a><\/p><\/div>\n            <\/div>\n        <\/div><\/div><\/div>\t\t\t\t<\/div>\n\t\t\t\t<\/div>\n\t\t\t\t\t<\/div>\n\t\t\t\t<\/div>\n\t\t\t\t<\/div>\n\t\t","protected":false},"excerpt":{"rendered":"<p>Casos de estudio Todos DESWOS Semillas We-Building Caritas A-Part IOG Gesundheitsstation Keemalung, Nepal Das Projekt einer Gesundheitsstation in Nepal, pr\u00e4sentiert von DESWOS e.V., war durch die schwierige Zug\u00e4nglichkeit des Standorts und den erh\u00f6hten Baustandard gepr\u00e4gt. Eine erdbebensichere Bauweise war aufgrund des Erdbebens von 2015 eine zentrale Anforderung. Grundschule Koforidua, Ghana Im Jahr 2020 hat We-Building&#8230;<\/p>\n","protected":false},"author":1,"featured_media":0,"parent":0,"menu_order":0,"comment_status":"closed","ping_status":"closed","template":"","meta":{"_monsterinsights_skip_tracking":false,"_monsterinsights_sitenote_active":false,"_monsterinsights_sitenote_note":"","_monsterinsights_sitenote_category":0,"_kad_post_transparent":"","_kad_post_title":"hide","_kad_post_layout":"fullwidth","_kad_post_sidebar_id":"","_kad_post_content_style":"unboxed","_kad_post_vertical_padding":"hide","_kad_post_feature":"hide","_kad_post_feature_position":"","_kad_post_header":false,"_kad_post_footer":false,"footnotes":""},"class_list":["post-7758","page","type-page","status-publish","hentry"],"yoast_head":"<!-- This site is optimized with the Yoast SEO plugin v27.3 - https:\/\/yoast.com\/product\/yoast-seo-wordpress\/ -->\n<title>Casos de estudio - edu-building<\/title>\n<meta name=\"robots\" content=\"index, follow, max-snippet:-1, max-image-preview:large, max-video-preview:-1\" \/>\n<link rel=\"canonical\" href=\"https:\/\/edu-building.org\/es\/casos-de-estudio\/\" \/>\n<meta property=\"og:locale\" content=\"es_ES\" \/>\n<meta property=\"og:type\" content=\"article\" \/>\n<meta property=\"og:title\" content=\"Casos de estudio - edu-building\" \/>\n<meta property=\"og:description\" content=\"Casos de estudio Todos DESWOS Semillas We-Building Caritas A-Part IOG Gesundheitsstation Keemalung, Nepal Das Projekt einer Gesundheitsstation in Nepal, pr\u00e4sentiert von DESWOS e.V., war durch die schwierige Zug\u00e4nglichkeit des Standorts und den erh\u00f6hten Baustandard gepr\u00e4gt. Eine erdbebensichere Bauweise war aufgrund des Erdbebens von 2015 eine zentrale Anforderung. Grundschule Koforidua, Ghana Im Jahr 2020 hat We-Building...\" \/>\n<meta property=\"og:url\" content=\"https:\/\/edu-building.org\/es\/casos-de-estudio\/\" \/>\n<meta property=\"og:site_name\" content=\"edu-building\" \/>\n<meta property=\"article:publisher\" content=\"https:\/\/www.facebook.com\/WEbuildingeV\/\" \/>\n<meta property=\"article:modified_time\" content=\"2026-04-08T13:58:31+00:00\" \/>\n<meta property=\"og:image\" content=\"https:\/\/edu-building.org\/wp-content\/uploads\/2024\/10\/deswos-featured-2-768x512.jpg\" \/>\n<meta name=\"twitter:card\" content=\"summary_large_image\" \/>\n<meta name=\"twitter:label1\" content=\"Tiempo de lectura\" \/>\n\t<meta name=\"twitter:data1\" content=\"3 minutos\" \/>\n<script type=\"application\/ld+json\" class=\"yoast-schema-graph\">{\"@context\":\"https:\\\/\\\/schema.org\",\"@graph\":[{\"@type\":\"WebPage\",\"@id\":\"https:\\\/\\\/edu-building.org\\\/es\\\/casos-de-estudio\\\/\",\"url\":\"https:\\\/\\\/edu-building.org\\\/es\\\/casos-de-estudio\\\/\",\"name\":\"Casos de estudio - edu-building\",\"isPartOf\":{\"@id\":\"https:\\\/\\\/edu-building.org\\\/#website\"},\"primaryImageOfPage\":{\"@id\":\"https:\\\/\\\/edu-building.org\\\/es\\\/casos-de-estudio\\\/#primaryimage\"},\"image\":{\"@id\":\"https:\\\/\\\/edu-building.org\\\/es\\\/casos-de-estudio\\\/#primaryimage\"},\"thumbnailUrl\":\"https:\\\/\\\/edu-building.org\\\/wp-content\\\/uploads\\\/2024\\\/10\\\/deswos-featured-2-768x512.jpg\",\"datePublished\":\"2022-01-24T10:05:07+00:00\",\"dateModified\":\"2026-04-08T13:58:31+00:00\",\"breadcrumb\":{\"@id\":\"https:\\\/\\\/edu-building.org\\\/es\\\/casos-de-estudio\\\/#breadcrumb\"},\"inLanguage\":\"es\",\"potentialAction\":[{\"@type\":\"ReadAction\",\"target\":[\"https:\\\/\\\/edu-building.org\\\/es\\\/casos-de-estudio\\\/\"]}]},{\"@type\":\"ImageObject\",\"inLanguage\":\"es\",\"@id\":\"https:\\\/\\\/edu-building.org\\\/es\\\/casos-de-estudio\\\/#primaryimage\",\"url\":\"https:\\\/\\\/edu-building.org\\\/wp-content\\\/uploads\\\/2024\\\/10\\\/deswos-featured-2-768x512.jpg\",\"contentUrl\":\"https:\\\/\\\/edu-building.org\\\/wp-content\\\/uploads\\\/2024\\\/10\\\/deswos-featured-2-768x512.jpg\"},{\"@type\":\"BreadcrumbList\",\"@id\":\"https:\\\/\\\/edu-building.org\\\/es\\\/casos-de-estudio\\\/#breadcrumb\",\"itemListElement\":[{\"@type\":\"ListItem\",\"position\":1,\"name\":\"Startseite\",\"item\":\"https:\\\/\\\/edu-building.org\\\/es\\\/home\\\/\"},{\"@type\":\"ListItem\",\"position\":2,\"name\":\"Casos de estudio\"}]},{\"@type\":\"WebSite\",\"@id\":\"https:\\\/\\\/edu-building.org\\\/#website\",\"url\":\"https:\\\/\\\/edu-building.org\\\/\",\"name\":\"edu-building\",\"description\":\"Bauprojekte in der Entwicklungszusammenarbeit\",\"publisher\":{\"@id\":\"https:\\\/\\\/edu-building.org\\\/#organization\"},\"potentialAction\":[{\"@type\":\"SearchAction\",\"target\":{\"@type\":\"EntryPoint\",\"urlTemplate\":\"https:\\\/\\\/edu-building.org\\\/?s={search_term_string}\"},\"query-input\":{\"@type\":\"PropertyValueSpecification\",\"valueRequired\":true,\"valueName\":\"search_term_string\"}}],\"inLanguage\":\"es\"},{\"@type\":\"Organization\",\"@id\":\"https:\\\/\\\/edu-building.org\\\/#organization\",\"name\":\"We-Building e.V.\",\"url\":\"https:\\\/\\\/edu-building.org\\\/\",\"logo\":{\"@type\":\"ImageObject\",\"inLanguage\":\"es\",\"@id\":\"https:\\\/\\\/edu-building.org\\\/#\\\/schema\\\/logo\\\/image\\\/\",\"url\":\"https:\\\/\\\/edu-building.org\\\/wp-content\\\/uploads\\\/2024\\\/10\\\/EDU-LOGO.svg\",\"contentUrl\":\"https:\\\/\\\/edu-building.org\\\/wp-content\\\/uploads\\\/2024\\\/10\\\/EDU-LOGO.svg\",\"width\":458,\"height\":458,\"caption\":\"We-Building e.V.\"},\"image\":{\"@id\":\"https:\\\/\\\/edu-building.org\\\/#\\\/schema\\\/logo\\\/image\\\/\"},\"sameAs\":[\"https:\\\/\\\/www.facebook.com\\\/WEbuildingeV\\\/\"]}]}<\/script>\n<!-- \/ Yoast SEO plugin. -->","yoast_head_json":{"title":"Casos de estudio - edu-building","robots":{"index":"index","follow":"follow","max-snippet":"max-snippet:-1","max-image-preview":"max-image-preview:large","max-video-preview":"max-video-preview:-1"},"canonical":"https:\/\/edu-building.org\/es\/casos-de-estudio\/","og_locale":"es_ES","og_type":"article","og_title":"Casos de estudio - edu-building","og_description":"Casos de estudio Todos DESWOS Semillas We-Building Caritas A-Part IOG Gesundheitsstation Keemalung, Nepal Das Projekt einer Gesundheitsstation in Nepal, pr\u00e4sentiert von DESWOS e.V., war durch die schwierige Zug\u00e4nglichkeit des Standorts und den erh\u00f6hten Baustandard gepr\u00e4gt. Eine erdbebensichere Bauweise war aufgrund des Erdbebens von 2015 eine zentrale Anforderung. Grundschule Koforidua, Ghana Im Jahr 2020 hat We-Building...","og_url":"https:\/\/edu-building.org\/es\/casos-de-estudio\/","og_site_name":"edu-building","article_publisher":"https:\/\/www.facebook.com\/WEbuildingeV\/","article_modified_time":"2026-04-08T13:58:31+00:00","og_image":[{"url":"https:\/\/edu-building.org\/wp-content\/uploads\/2024\/10\/deswos-featured-2-768x512.jpg","type":"","width":"","height":""}],"twitter_card":"summary_large_image","twitter_misc":{"Tiempo de lectura":"3 minutos"},"schema":{"@context":"https:\/\/schema.org","@graph":[{"@type":"WebPage","@id":"https:\/\/edu-building.org\/es\/casos-de-estudio\/","url":"https:\/\/edu-building.org\/es\/casos-de-estudio\/","name":"Casos de estudio - edu-building","isPartOf":{"@id":"https:\/\/edu-building.org\/#website"},"primaryImageOfPage":{"@id":"https:\/\/edu-building.org\/es\/casos-de-estudio\/#primaryimage"},"image":{"@id":"https:\/\/edu-building.org\/es\/casos-de-estudio\/#primaryimage"},"thumbnailUrl":"https:\/\/edu-building.org\/wp-content\/uploads\/2024\/10\/deswos-featured-2-768x512.jpg","datePublished":"2022-01-24T10:05:07+00:00","dateModified":"2026-04-08T13:58:31+00:00","breadcrumb":{"@id":"https:\/\/edu-building.org\/es\/casos-de-estudio\/#breadcrumb"},"inLanguage":"es","potentialAction":[{"@type":"ReadAction","target":["https:\/\/edu-building.org\/es\/casos-de-estudio\/"]}]},{"@type":"ImageObject","inLanguage":"es","@id":"https:\/\/edu-building.org\/es\/casos-de-estudio\/#primaryimage","url":"https:\/\/edu-building.org\/wp-content\/uploads\/2024\/10\/deswos-featured-2-768x512.jpg","contentUrl":"https:\/\/edu-building.org\/wp-content\/uploads\/2024\/10\/deswos-featured-2-768x512.jpg"},{"@type":"BreadcrumbList","@id":"https:\/\/edu-building.org\/es\/casos-de-estudio\/#breadcrumb","itemListElement":[{"@type":"ListItem","position":1,"name":"Startseite","item":"https:\/\/edu-building.org\/es\/home\/"},{"@type":"ListItem","position":2,"name":"Casos de estudio"}]},{"@type":"WebSite","@id":"https:\/\/edu-building.org\/#website","url":"https:\/\/edu-building.org\/","name":"edu-building","description":"Bauprojekte in der Entwicklungszusammenarbeit","publisher":{"@id":"https:\/\/edu-building.org\/#organization"},"potentialAction":[{"@type":"SearchAction","target":{"@type":"EntryPoint","urlTemplate":"https:\/\/edu-building.org\/?s={search_term_string}"},"query-input":{"@type":"PropertyValueSpecification","valueRequired":true,"valueName":"search_term_string"}}],"inLanguage":"es"},{"@type":"Organization","@id":"https:\/\/edu-building.org\/#organization","name":"We-Building e.V.","url":"https:\/\/edu-building.org\/","logo":{"@type":"ImageObject","inLanguage":"es","@id":"https:\/\/edu-building.org\/#\/schema\/logo\/image\/","url":"https:\/\/edu-building.org\/wp-content\/uploads\/2024\/10\/EDU-LOGO.svg","contentUrl":"https:\/\/edu-building.org\/wp-content\/uploads\/2024\/10\/EDU-LOGO.svg","width":458,"height":458,"caption":"We-Building e.V."},"image":{"@id":"https:\/\/edu-building.org\/#\/schema\/logo\/image\/"},"sameAs":["https:\/\/www.facebook.com\/WEbuildingeV\/"]}]}},"_links":{"self":[{"href":"https:\/\/edu-building.org\/es\/wp-json\/wp\/v2\/pages\/7758","targetHints":{"allow":["GET"]}}],"collection":[{"href":"https:\/\/edu-building.org\/es\/wp-json\/wp\/v2\/pages"}],"about":[{"href":"https:\/\/edu-building.org\/es\/wp-json\/wp\/v2\/types\/page"}],"author":[{"embeddable":true,"href":"https:\/\/edu-building.org\/es\/wp-json\/wp\/v2\/users\/1"}],"replies":[{"embeddable":true,"href":"https:\/\/edu-building.org\/es\/wp-json\/wp\/v2\/comments?post=7758"}],"version-history":[{"count":4,"href":"https:\/\/edu-building.org\/es\/wp-json\/wp\/v2\/pages\/7758\/revisions"}],"predecessor-version":[{"id":8280,"href":"https:\/\/edu-building.org\/es\/wp-json\/wp\/v2\/pages\/7758\/revisions\/8280"}],"wp:attachment":[{"href":"https:\/\/edu-building.org\/es\/wp-json\/wp\/v2\/media?parent=7758"}],"curies":[{"name":"wp","href":"https:\/\/api.w.org\/{rel}","templated":true}]}}