{"id":7842,"date":"2024-12-01T15:53:10","date_gmt":"2024-12-01T15:53:10","guid":{"rendered":"https:\/\/edu-building.org\/descargo-de-responsabilidad\/"},"modified":"2025-08-25T22:33:03","modified_gmt":"2025-08-25T22:33:03","slug":"descargo-de-responsabilidad","status":"publish","type":"page","link":"https:\/\/edu-building.org\/es\/descargo-de-responsabilidad\/","title":{"rendered":"Descargo de responsabilidad"},"content":{"rendered":"\t\t<div data-elementor-type=\"wp-page\" data-elementor-id=\"7842\" class=\"elementor elementor-7842 elementor-5510\" data-elementor-post-type=\"page\">\n\t\t\t\t<div data-particle_enable=\"false\" data-particle-mobile-disabled=\"false\" class=\"elementor-element elementor-element-3d3c6c59 e-flex e-con-boxed e-con e-parent\" data-id=\"3d3c6c59\" data-element_type=\"container\" data-e-type=\"container\">\n\t\t\t\t\t<div class=\"e-con-inner\">\n\t\t\t\t<div class=\"elementor-element elementor-element-01af4e1 elementor-widget elementor-widget-heading\" data-id=\"01af4e1\" data-element_type=\"widget\" data-e-type=\"widget\" data-widget_type=\"heading.default\">\n\t\t\t\t<div class=\"elementor-widget-container\">\n\t\t\t\t\t<h2 class=\"elementor-heading-title elementor-size-default\">Descargo de responsabilidad<\/h2>\t\t\t\t<\/div>\n\t\t\t\t<\/div>\n\t\t\t\t<div class=\"elementor-element elementor-element-16723e9e elementor-widget elementor-widget-shortcode\" data-id=\"16723e9e\" data-element_type=\"widget\" data-e-type=\"widget\" data-widget_type=\"shortcode.default\">\n\t\t\t\t<div class=\"elementor-widget-container\">\n\t\t\t\t\t\t\t<div class=\"elementor-shortcode\">\n<!-- Legal document generated by Complianz | GDPR\/CCPA Cookie Consent https:\/\/wordpress.org\/plugins\/complianz-gdpr -->\n<div id=\"cmplz-document\" class=\"cmplz-document disclaimer cmplz-document-all\"><p>We-Building e.V. se compromete a mantener esta web actualizada y precisa. Si, a pesar de todo, encontrara algo incorrecto o desactualizado, le agradecer\u00edamos que nos lo hiciera saber. Por favor, indique en qu\u00e9 parte de la web ha le\u00eddo la informaci\u00f3n. La revisaremos lo antes posible. Por favor, env\u00ede su duda por correo electr\u00f3nico a: <span class=\"cmplz-obfuscate\">inf&#111;@<span class=\"cmplz-fmail-domain\">&#101;&#120;.&#099;&#111;&#109;<\/span>&#101;d&#117;&#045;b&#117;i&#108;ding&#046;or&#103;<\/span>.<\/p><p>No nos responsabilizamos de las p\u00e9rdidas derivadas de inexactitudes o datos incompletos, ni de las p\u00e9rdidas resultantes de problemas causados o inherentes a la difusi\u00f3n de la informaci\u00f3n a trav\u00e9s de Internet, como interrupciones o fallos. Al utilizar formularios web, nos esforzamos por limitar al m\u00ednimo el n\u00famero de campos obligatorios. Por cualquier p\u00e9rdida sufrida como resultado del uso de datos, consejos o ideas proporcionadas por We-Building e.V. o en su nombre a trav\u00e9s de esta web, We-Building e.V. no acepta ninguna responsabilidad.<\/p><p>Las respuestas y preguntas sobre privacidad enviadas por correo electr\u00f3nico o a trav\u00e9s de un formulario web ser\u00e1n tratadas de la misma manera que las cartas. Esto significa que puede esperar una respuesta nuestra en un plazo m\u00e1ximo de 1 mes. En el caso de solicitudes complejas, le informaremos en el plazo de 1 mes si necesitamos un m\u00e1ximo de 3 meses.<\/p><p>We-Building e.V. no se hace responsable del contenido de las p\u00e1ginas web a las que se hace referencia mediante hiperv\u00ednculos u otras referencias. Los productos o servicios ofrecidos por terceros estar\u00e1n sujetos a los t\u00e9rminos y condiciones aplicables de dichos terceros.<\/p><p>Todos los derechos de propiedad intelectual sobre el contenido de esta web pertenecen a We-Building e.V..<\/p><p>El contenido de este sitio web est\u00e1 disponible bajo una Licencia Creative Commons - Atribuci\u00f3n-NoComercial 4.0, a menos que se especifique lo contrario.<\/p><p>Si tiene alguna pregunta o problema con la accesibilidad de la web, no dude en ponerse en contacto con nosotros.<\/p><\/div><\/div>\n\t\t\t\t\t\t<\/div>\n\t\t\t\t<\/div>\n\t\t\t\t\t<\/div>\n\t\t\t\t<\/div>\n\t\t\t\t<\/div>\n\t\t","protected":false},"excerpt":{"rendered":"<p>Descargo de responsabilidad<\/p>\n","protected":false},"author":1,"featured_media":0,"parent":0,"menu_order":0,"comment_status":"closed","ping_status":"closed","template":"","meta":{"_monsterinsights_skip_tracking":false,"_monsterinsights_sitenote_active":false,"_monsterinsights_sitenote_note":"","_monsterinsights_sitenote_category":0,"_kad_post_transparent":"","_kad_post_title":"","_kad_post_layout":"","_kad_post_sidebar_id":"","_kad_post_content_style":"","_kad_post_vertical_padding":"","_kad_post_feature":"","_kad_post_feature_position":"","_kad_post_header":false,"_kad_post_footer":false,"footnotes":""},"class_list":["post-7842","page","type-page","status-publish","hentry"],"yoast_head":"<!-- This site is optimized with the Yoast SEO plugin v27.3 - https:\/\/yoast.com\/product\/yoast-seo-wordpress\/ -->\n<title>Descargo de responsabilidad - edu-building<\/title>\n<meta name=\"robots\" content=\"index, follow, max-snippet:-1, max-image-preview:large, max-video-preview:-1\" \/>\n<link rel=\"canonical\" href=\"https:\/\/edu-building.org\/es\/descargo-de-responsabilidad\/\" \/>\n<meta property=\"og:locale\" content=\"es_ES\" \/>\n<meta property=\"og:type\" content=\"article\" \/>\n<meta property=\"og:title\" content=\"Descargo de responsabilidad - edu-building\" \/>\n<meta property=\"og:description\" content=\"Descargo de responsabilidad\" \/>\n<meta property=\"og:url\" content=\"https:\/\/edu-building.org\/es\/descargo-de-responsabilidad\/\" \/>\n<meta property=\"og:site_name\" content=\"edu-building\" \/>\n<meta property=\"article:publisher\" content=\"https:\/\/www.facebook.com\/WEbuildingeV\/\" \/>\n<meta property=\"article:modified_time\" content=\"2025-08-25T22:33:03+00:00\" \/>\n<meta name=\"twitter:card\" content=\"summary_large_image\" \/>\n<script type=\"application\/ld+json\" class=\"yoast-schema-graph\">{\"@context\":\"https:\\\/\\\/schema.org\",\"@graph\":[{\"@type\":\"WebPage\",\"@id\":\"https:\\\/\\\/edu-building.org\\\/es\\\/descargo-de-responsabilidad\\\/\",\"url\":\"https:\\\/\\\/edu-building.org\\\/es\\\/descargo-de-responsabilidad\\\/\",\"name\":\"Descargo de responsabilidad - edu-building\",\"isPartOf\":{\"@id\":\"https:\\\/\\\/edu-building.org\\\/#website\"},\"datePublished\":\"2024-12-01T15:53:10+00:00\",\"dateModified\":\"2025-08-25T22:33:03+00:00\",\"breadcrumb\":{\"@id\":\"https:\\\/\\\/edu-building.org\\\/es\\\/descargo-de-responsabilidad\\\/#breadcrumb\"},\"inLanguage\":\"es\",\"potentialAction\":[{\"@type\":\"ReadAction\",\"target\":[\"https:\\\/\\\/edu-building.org\\\/es\\\/descargo-de-responsabilidad\\\/\"]}]},{\"@type\":\"BreadcrumbList\",\"@id\":\"https:\\\/\\\/edu-building.org\\\/es\\\/descargo-de-responsabilidad\\\/#breadcrumb\",\"itemListElement\":[{\"@type\":\"ListItem\",\"position\":1,\"name\":\"Startseite\",\"item\":\"https:\\\/\\\/edu-building.org\\\/es\\\/home\\\/\"},{\"@type\":\"ListItem\",\"position\":2,\"name\":\"Descargo de responsabilidad\"}]},{\"@type\":\"WebSite\",\"@id\":\"https:\\\/\\\/edu-building.org\\\/#website\",\"url\":\"https:\\\/\\\/edu-building.org\\\/\",\"name\":\"edu-building\",\"description\":\"Bauprojekte in der Entwicklungszusammenarbeit\",\"publisher\":{\"@id\":\"https:\\\/\\\/edu-building.org\\\/#organization\"},\"potentialAction\":[{\"@type\":\"SearchAction\",\"target\":{\"@type\":\"EntryPoint\",\"urlTemplate\":\"https:\\\/\\\/edu-building.org\\\/?s={search_term_string}\"},\"query-input\":{\"@type\":\"PropertyValueSpecification\",\"valueRequired\":true,\"valueName\":\"search_term_string\"}}],\"inLanguage\":\"es\"},{\"@type\":\"Organization\",\"@id\":\"https:\\\/\\\/edu-building.org\\\/#organization\",\"name\":\"We-Building e.V.\",\"url\":\"https:\\\/\\\/edu-building.org\\\/\",\"logo\":{\"@type\":\"ImageObject\",\"inLanguage\":\"es\",\"@id\":\"https:\\\/\\\/edu-building.org\\\/#\\\/schema\\\/logo\\\/image\\\/\",\"url\":\"https:\\\/\\\/edu-building.org\\\/wp-content\\\/uploads\\\/2024\\\/10\\\/EDU-LOGO.svg\",\"contentUrl\":\"https:\\\/\\\/edu-building.org\\\/wp-content\\\/uploads\\\/2024\\\/10\\\/EDU-LOGO.svg\",\"width\":458,\"height\":458,\"caption\":\"We-Building e.V.\"},\"image\":{\"@id\":\"https:\\\/\\\/edu-building.org\\\/#\\\/schema\\\/logo\\\/image\\\/\"},\"sameAs\":[\"https:\\\/\\\/www.facebook.com\\\/WEbuildingeV\\\/\"]}]}<\/script>\n<!-- \/ Yoast SEO plugin. -->","yoast_head_json":{"title":"Descargo de responsabilidad - edu-building","robots":{"index":"index","follow":"follow","max-snippet":"max-snippet:-1","max-image-preview":"max-image-preview:large","max-video-preview":"max-video-preview:-1"},"canonical":"https:\/\/edu-building.org\/es\/descargo-de-responsabilidad\/","og_locale":"es_ES","og_type":"article","og_title":"Descargo de responsabilidad - edu-building","og_description":"Descargo de responsabilidad","og_url":"https:\/\/edu-building.org\/es\/descargo-de-responsabilidad\/","og_site_name":"edu-building","article_publisher":"https:\/\/www.facebook.com\/WEbuildingeV\/","article_modified_time":"2025-08-25T22:33:03+00:00","twitter_card":"summary_large_image","schema":{"@context":"https:\/\/schema.org","@graph":[{"@type":"WebPage","@id":"https:\/\/edu-building.org\/es\/descargo-de-responsabilidad\/","url":"https:\/\/edu-building.org\/es\/descargo-de-responsabilidad\/","name":"Descargo de responsabilidad - edu-building","isPartOf":{"@id":"https:\/\/edu-building.org\/#website"},"datePublished":"2024-12-01T15:53:10+00:00","dateModified":"2025-08-25T22:33:03+00:00","breadcrumb":{"@id":"https:\/\/edu-building.org\/es\/descargo-de-responsabilidad\/#breadcrumb"},"inLanguage":"es","potentialAction":[{"@type":"ReadAction","target":["https:\/\/edu-building.org\/es\/descargo-de-responsabilidad\/"]}]},{"@type":"BreadcrumbList","@id":"https:\/\/edu-building.org\/es\/descargo-de-responsabilidad\/#breadcrumb","itemListElement":[{"@type":"ListItem","position":1,"name":"Startseite","item":"https:\/\/edu-building.org\/es\/home\/"},{"@type":"ListItem","position":2,"name":"Descargo de responsabilidad"}]},{"@type":"WebSite","@id":"https:\/\/edu-building.org\/#website","url":"https:\/\/edu-building.org\/","name":"edu-building","description":"Bauprojekte in der Entwicklungszusammenarbeit","publisher":{"@id":"https:\/\/edu-building.org\/#organization"},"potentialAction":[{"@type":"SearchAction","target":{"@type":"EntryPoint","urlTemplate":"https:\/\/edu-building.org\/?s={search_term_string}"},"query-input":{"@type":"PropertyValueSpecification","valueRequired":true,"valueName":"search_term_string"}}],"inLanguage":"es"},{"@type":"Organization","@id":"https:\/\/edu-building.org\/#organization","name":"We-Building e.V.","url":"https:\/\/edu-building.org\/","logo":{"@type":"ImageObject","inLanguage":"es","@id":"https:\/\/edu-building.org\/#\/schema\/logo\/image\/","url":"https:\/\/edu-building.org\/wp-content\/uploads\/2024\/10\/EDU-LOGO.svg","contentUrl":"https:\/\/edu-building.org\/wp-content\/uploads\/2024\/10\/EDU-LOGO.svg","width":458,"height":458,"caption":"We-Building e.V."},"image":{"@id":"https:\/\/edu-building.org\/#\/schema\/logo\/image\/"},"sameAs":["https:\/\/www.facebook.com\/WEbuildingeV\/"]}]}},"_links":{"self":[{"href":"https:\/\/edu-building.org\/es\/wp-json\/wp\/v2\/pages\/7842","targetHints":{"allow":["GET"]}}],"collection":[{"href":"https:\/\/edu-building.org\/es\/wp-json\/wp\/v2\/pages"}],"about":[{"href":"https:\/\/edu-building.org\/es\/wp-json\/wp\/v2\/types\/page"}],"author":[{"embeddable":true,"href":"https:\/\/edu-building.org\/es\/wp-json\/wp\/v2\/users\/1"}],"replies":[{"embeddable":true,"href":"https:\/\/edu-building.org\/es\/wp-json\/wp\/v2\/comments?post=7842"}],"version-history":[{"count":1,"href":"https:\/\/edu-building.org\/es\/wp-json\/wp\/v2\/pages\/7842\/revisions"}],"predecessor-version":[{"id":7843,"href":"https:\/\/edu-building.org\/es\/wp-json\/wp\/v2\/pages\/7842\/revisions\/7843"}],"wp:attachment":[{"href":"https:\/\/edu-building.org\/es\/wp-json\/wp\/v2\/media?parent=7842"}],"curies":[{"name":"wp","href":"https:\/\/api.w.org\/{rel}","templated":true}]}}