{"id":7847,"date":"2024-12-01T15:53:10","date_gmt":"2024-12-01T15:53:10","guid":{"rendered":"https:\/\/edu-building.org\/aviso-legal\/"},"modified":"2025-08-25T22:56:23","modified_gmt":"2025-08-25T22:56:23","slug":"aviso-legal","status":"publish","type":"page","link":"https:\/\/edu-building.org\/es\/aviso-legal\/","title":{"rendered":"Aviso legal"},"content":{"rendered":"\t\t<div data-elementor-type=\"wp-page\" data-elementor-id=\"7847\" class=\"elementor elementor-7847 elementor-5509\" data-elementor-post-type=\"page\">\n\t\t\t\t<div data-particle_enable=\"false\" data-particle-mobile-disabled=\"false\" class=\"elementor-element elementor-element-d8585ca e-flex e-con-boxed e-con e-parent\" data-id=\"d8585ca\" data-element_type=\"container\" data-e-type=\"container\">\n\t\t\t\t\t<div class=\"e-con-inner\">\n\t\t\t\t<div class=\"elementor-element elementor-element-4682c93 elementor-widget elementor-widget-heading\" data-id=\"4682c93\" data-element_type=\"widget\" data-e-type=\"widget\" data-widget_type=\"heading.default\">\n\t\t\t\t<div class=\"elementor-widget-container\">\n\t\t\t\t\t<h2 class=\"elementor-heading-title elementor-size-default\">Aviso legal<\/h2>\t\t\t\t<\/div>\n\t\t\t\t<\/div>\n\t\t\t\t<div class=\"elementor-element elementor-element-f6086b9 elementor-widget elementor-widget-text-editor\" data-id=\"f6086b9\" data-element_type=\"widget\" data-e-type=\"widget\" data-widget_type=\"text-editor.default\">\n\t\t\t\t<div class=\"elementor-widget-container\">\n\t\t\t\t\t\t\t\t\t<p><strong>Este sitio web es propiedad de:<\/strong><\/p><p>We-Building e.V.<\/p><p>Pohlstra\u00dfe 28<\/p><p>10785 Berlin<\/p><p>Tel\u00e9fono: +49 (0) 30 397 14664<\/p><p>Correo electr\u00f3nico: info@we-building.org<\/p><p><br><strong>Representada por:<\/strong><\/p><p>Presidenta: Laura G\u00f3mez Agudelo, Berlin<\/p><p>Vicepresidente: Ivan Rali\u0161, Berlin<\/p><p> <\/p><p><strong>Inscrita en:<\/strong><\/p><p>Inscrita en el Registro de Asociaciones.<\/p><p>Tribunal de registro: Amtsgericht Charlottenburg<\/p><p>N\u00famero de registro: VR34301 B<\/p><p>N\u00famero fiscal: 27\/681\/54801<\/p>\t\t\t\t\t\t\t\t<\/div>\n\t\t\t\t<\/div>\n\t\t\t\t\t<\/div>\n\t\t\t\t<\/div>\n\t\t<div data-particle_enable=\"false\" data-particle-mobile-disabled=\"false\" class=\"elementor-element elementor-element-539186d e-flex e-con-boxed e-con e-parent\" data-id=\"539186d\" data-element_type=\"container\" data-e-type=\"container\">\n\t\t\t\t\t<div class=\"e-con-inner\">\n\t\t\t\t<div class=\"elementor-element elementor-element-30c7b95 elementor-widget elementor-widget-text-editor\" data-id=\"30c7b95\" data-element_type=\"widget\" data-e-type=\"widget\" data-widget_type=\"text-editor.default\">\n\t\t\t\t<div class=\"elementor-widget-container\">\n\t\t\t\t\t\t\t\t\t<p><strong>Exenci\u00f3n de responsabilidad:<\/strong><br>We-Building e.V. es el \u00fanico responsable del contenido de este sitio web; las posiciones aqu\u00ed presentadas no reflejan las opiniones de Engagement Global gGmbH ni del Ministerio Federal de Cooperaci\u00f3n Econ\u00f3mica y Desarrollo.<\/p>\t\t\t\t\t\t\t\t<\/div>\n\t\t\t\t<\/div>\n\t\t\t\t\t<\/div>\n\t\t\t\t<\/div>\n\t\t\t\t<\/div>\n\t\t","protected":false},"excerpt":{"rendered":"<p>Aviso legal Este sitio web es propiedad de: We-Building e.V. Pohlstra\u00dfe 28 10785 Berlin Tel\u00e9fono: +49 (0) 30 397 14664 Correo electr\u00f3nico: info@we-building.org Representada por: Presidenta: Laura G\u00f3mez Agudelo, Berlin Vicepresidente: Ivan Rali\u0161, Berlin Inscrita en: Inscrita en el Registro de Asociaciones. Tribunal de registro: Amtsgericht Charlottenburg N\u00famero de registro: VR34301 B N\u00famero fiscal: 27\/681\/54801&#8230;<\/p>\n","protected":false},"author":1,"featured_media":0,"parent":0,"menu_order":0,"comment_status":"closed","ping_status":"closed","template":"","meta":{"_monsterinsights_skip_tracking":false,"_monsterinsights_sitenote_active":false,"_monsterinsights_sitenote_note":"","_monsterinsights_sitenote_category":0,"_kad_post_transparent":"","_kad_post_title":"","_kad_post_layout":"","_kad_post_sidebar_id":"","_kad_post_content_style":"","_kad_post_vertical_padding":"","_kad_post_feature":"","_kad_post_feature_position":"","_kad_post_header":false,"_kad_post_footer":false,"footnotes":""},"class_list":["post-7847","page","type-page","status-publish","hentry"],"yoast_head":"<!-- This site is optimized with the Yoast SEO plugin v27.3 - https:\/\/yoast.com\/product\/yoast-seo-wordpress\/ -->\n<title>Aviso legal - edu-building<\/title>\n<meta name=\"robots\" content=\"index, follow, max-snippet:-1, max-image-preview:large, max-video-preview:-1\" \/>\n<link rel=\"canonical\" href=\"https:\/\/edu-building.org\/es\/aviso-legal\/\" \/>\n<meta property=\"og:locale\" content=\"es_ES\" \/>\n<meta property=\"og:type\" content=\"article\" \/>\n<meta property=\"og:title\" content=\"Aviso legal - edu-building\" \/>\n<meta property=\"og:description\" content=\"Aviso legal Este sitio web es propiedad de: We-Building e.V. Pohlstra\u00dfe 28 10785 Berlin Tel\u00e9fono: +49 (0) 30 397 14664 Correo electr\u00f3nico: info@we-building.org Representada por: Presidenta: Laura G\u00f3mez Agudelo, Berlin Vicepresidente: Ivan Rali\u0161, Berlin Inscrita en: Inscrita en el Registro de Asociaciones. Tribunal de registro: Amtsgericht Charlottenburg N\u00famero de registro: VR34301 B N\u00famero fiscal: 27\/681\/54801...\" \/>\n<meta property=\"og:url\" content=\"https:\/\/edu-building.org\/es\/aviso-legal\/\" \/>\n<meta property=\"og:site_name\" content=\"edu-building\" \/>\n<meta property=\"article:publisher\" content=\"https:\/\/www.facebook.com\/WEbuildingeV\/\" \/>\n<meta property=\"article:modified_time\" content=\"2025-08-25T22:56:23+00:00\" \/>\n<meta name=\"twitter:card\" content=\"summary_large_image\" \/>\n<script type=\"application\/ld+json\" class=\"yoast-schema-graph\">{\"@context\":\"https:\\\/\\\/schema.org\",\"@graph\":[{\"@type\":\"WebPage\",\"@id\":\"https:\\\/\\\/edu-building.org\\\/es\\\/aviso-legal\\\/\",\"url\":\"https:\\\/\\\/edu-building.org\\\/es\\\/aviso-legal\\\/\",\"name\":\"Aviso legal - edu-building\",\"isPartOf\":{\"@id\":\"https:\\\/\\\/edu-building.org\\\/#website\"},\"datePublished\":\"2024-12-01T15:53:10+00:00\",\"dateModified\":\"2025-08-25T22:56:23+00:00\",\"breadcrumb\":{\"@id\":\"https:\\\/\\\/edu-building.org\\\/es\\\/aviso-legal\\\/#breadcrumb\"},\"inLanguage\":\"es\",\"potentialAction\":[{\"@type\":\"ReadAction\",\"target\":[\"https:\\\/\\\/edu-building.org\\\/es\\\/aviso-legal\\\/\"]}]},{\"@type\":\"BreadcrumbList\",\"@id\":\"https:\\\/\\\/edu-building.org\\\/es\\\/aviso-legal\\\/#breadcrumb\",\"itemListElement\":[{\"@type\":\"ListItem\",\"position\":1,\"name\":\"Startseite\",\"item\":\"https:\\\/\\\/edu-building.org\\\/es\\\/home\\\/\"},{\"@type\":\"ListItem\",\"position\":2,\"name\":\"Aviso legal\"}]},{\"@type\":\"WebSite\",\"@id\":\"https:\\\/\\\/edu-building.org\\\/#website\",\"url\":\"https:\\\/\\\/edu-building.org\\\/\",\"name\":\"edu-building\",\"description\":\"Bauprojekte in der Entwicklungszusammenarbeit\",\"publisher\":{\"@id\":\"https:\\\/\\\/edu-building.org\\\/#organization\"},\"potentialAction\":[{\"@type\":\"SearchAction\",\"target\":{\"@type\":\"EntryPoint\",\"urlTemplate\":\"https:\\\/\\\/edu-building.org\\\/?s={search_term_string}\"},\"query-input\":{\"@type\":\"PropertyValueSpecification\",\"valueRequired\":true,\"valueName\":\"search_term_string\"}}],\"inLanguage\":\"es\"},{\"@type\":\"Organization\",\"@id\":\"https:\\\/\\\/edu-building.org\\\/#organization\",\"name\":\"We-Building e.V.\",\"url\":\"https:\\\/\\\/edu-building.org\\\/\",\"logo\":{\"@type\":\"ImageObject\",\"inLanguage\":\"es\",\"@id\":\"https:\\\/\\\/edu-building.org\\\/#\\\/schema\\\/logo\\\/image\\\/\",\"url\":\"https:\\\/\\\/edu-building.org\\\/wp-content\\\/uploads\\\/2024\\\/10\\\/EDU-LOGO.svg\",\"contentUrl\":\"https:\\\/\\\/edu-building.org\\\/wp-content\\\/uploads\\\/2024\\\/10\\\/EDU-LOGO.svg\",\"width\":458,\"height\":458,\"caption\":\"We-Building e.V.\"},\"image\":{\"@id\":\"https:\\\/\\\/edu-building.org\\\/#\\\/schema\\\/logo\\\/image\\\/\"},\"sameAs\":[\"https:\\\/\\\/www.facebook.com\\\/WEbuildingeV\\\/\"]}]}<\/script>\n<!-- \/ Yoast SEO plugin. -->","yoast_head_json":{"title":"Aviso legal - edu-building","robots":{"index":"index","follow":"follow","max-snippet":"max-snippet:-1","max-image-preview":"max-image-preview:large","max-video-preview":"max-video-preview:-1"},"canonical":"https:\/\/edu-building.org\/es\/aviso-legal\/","og_locale":"es_ES","og_type":"article","og_title":"Aviso legal - edu-building","og_description":"Aviso legal Este sitio web es propiedad de: We-Building e.V. Pohlstra\u00dfe 28 10785 Berlin Tel\u00e9fono: +49 (0) 30 397 14664 Correo electr\u00f3nico: info@we-building.org Representada por: Presidenta: Laura G\u00f3mez Agudelo, Berlin Vicepresidente: Ivan Rali\u0161, Berlin Inscrita en: Inscrita en el Registro de Asociaciones. Tribunal de registro: Amtsgericht Charlottenburg N\u00famero de registro: VR34301 B N\u00famero fiscal: 27\/681\/54801...","og_url":"https:\/\/edu-building.org\/es\/aviso-legal\/","og_site_name":"edu-building","article_publisher":"https:\/\/www.facebook.com\/WEbuildingeV\/","article_modified_time":"2025-08-25T22:56:23+00:00","twitter_card":"summary_large_image","schema":{"@context":"https:\/\/schema.org","@graph":[{"@type":"WebPage","@id":"https:\/\/edu-building.org\/es\/aviso-legal\/","url":"https:\/\/edu-building.org\/es\/aviso-legal\/","name":"Aviso legal - edu-building","isPartOf":{"@id":"https:\/\/edu-building.org\/#website"},"datePublished":"2024-12-01T15:53:10+00:00","dateModified":"2025-08-25T22:56:23+00:00","breadcrumb":{"@id":"https:\/\/edu-building.org\/es\/aviso-legal\/#breadcrumb"},"inLanguage":"es","potentialAction":[{"@type":"ReadAction","target":["https:\/\/edu-building.org\/es\/aviso-legal\/"]}]},{"@type":"BreadcrumbList","@id":"https:\/\/edu-building.org\/es\/aviso-legal\/#breadcrumb","itemListElement":[{"@type":"ListItem","position":1,"name":"Startseite","item":"https:\/\/edu-building.org\/es\/home\/"},{"@type":"ListItem","position":2,"name":"Aviso legal"}]},{"@type":"WebSite","@id":"https:\/\/edu-building.org\/#website","url":"https:\/\/edu-building.org\/","name":"edu-building","description":"Bauprojekte in der Entwicklungszusammenarbeit","publisher":{"@id":"https:\/\/edu-building.org\/#organization"},"potentialAction":[{"@type":"SearchAction","target":{"@type":"EntryPoint","urlTemplate":"https:\/\/edu-building.org\/?s={search_term_string}"},"query-input":{"@type":"PropertyValueSpecification","valueRequired":true,"valueName":"search_term_string"}}],"inLanguage":"es"},{"@type":"Organization","@id":"https:\/\/edu-building.org\/#organization","name":"We-Building e.V.","url":"https:\/\/edu-building.org\/","logo":{"@type":"ImageObject","inLanguage":"es","@id":"https:\/\/edu-building.org\/#\/schema\/logo\/image\/","url":"https:\/\/edu-building.org\/wp-content\/uploads\/2024\/10\/EDU-LOGO.svg","contentUrl":"https:\/\/edu-building.org\/wp-content\/uploads\/2024\/10\/EDU-LOGO.svg","width":458,"height":458,"caption":"We-Building e.V."},"image":{"@id":"https:\/\/edu-building.org\/#\/schema\/logo\/image\/"},"sameAs":["https:\/\/www.facebook.com\/WEbuildingeV\/"]}]}},"_links":{"self":[{"href":"https:\/\/edu-building.org\/es\/wp-json\/wp\/v2\/pages\/7847","targetHints":{"allow":["GET"]}}],"collection":[{"href":"https:\/\/edu-building.org\/es\/wp-json\/wp\/v2\/pages"}],"about":[{"href":"https:\/\/edu-building.org\/es\/wp-json\/wp\/v2\/types\/page"}],"author":[{"embeddable":true,"href":"https:\/\/edu-building.org\/es\/wp-json\/wp\/v2\/users\/1"}],"replies":[{"embeddable":true,"href":"https:\/\/edu-building.org\/es\/wp-json\/wp\/v2\/comments?post=7847"}],"version-history":[{"count":1,"href":"https:\/\/edu-building.org\/es\/wp-json\/wp\/v2\/pages\/7847\/revisions"}],"predecessor-version":[{"id":7848,"href":"https:\/\/edu-building.org\/es\/wp-json\/wp\/v2\/pages\/7847\/revisions\/7848"}],"wp:attachment":[{"href":"https:\/\/edu-building.org\/es\/wp-json\/wp\/v2\/media?parent=7847"}],"curies":[{"name":"wp","href":"https:\/\/api.w.org\/{rel}","templated":true}]}}