{"id":8080,"date":"2022-01-24T10:05:07","date_gmt":"2022-01-24T10:05:07","guid":{"rendered":"https:\/\/edu-building.org\/exemples-pratiques\/"},"modified":"2026-04-08T13:41:28","modified_gmt":"2026-04-08T13:41:28","slug":"exemples-pratiques","status":"publish","type":"page","link":"https:\/\/edu-building.org\/fr\/exemples-pratiques\/","title":{"rendered":"\u00c9tudes de cas"},"content":{"rendered":"\t\t<div data-elementor-type=\"wp-page\" data-elementor-id=\"8080\" class=\"elementor elementor-8080 elementor-1633\" data-elementor-post-type=\"page\">\n\t\t\t\t<div data-particle_enable=\"false\" data-particle-mobile-disabled=\"false\" class=\"elementor-element elementor-element-7f6029a e-flex e-con-boxed e-con e-parent\" data-id=\"7f6029a\" data-element_type=\"container\" data-e-type=\"container\">\n\t\t\t\t\t<div class=\"e-con-inner\">\n\t\t\t\t<div class=\"elementor-element elementor-element-50beef6 elementor-widget elementor-widget-heading\" data-id=\"50beef6\" data-element_type=\"widget\" data-e-type=\"widget\" data-widget_type=\"heading.default\">\n\t\t\t\t<div class=\"elementor-widget-container\">\n\t\t\t\t\t<h2 class=\"elementor-heading-title elementor-size-default\">\u00c9tudes de cas<\/h2>\t\t\t\t<\/div>\n\t\t\t\t<\/div>\n\t\t\t\t\t<\/div>\n\t\t\t\t<\/div>\n\t\t<div data-particle_enable=\"false\" data-particle-mobile-disabled=\"false\" class=\"elementor-element elementor-element-64a9463 e-flex e-con-boxed e-con e-parent\" data-id=\"64a9463\" data-element_type=\"container\" data-e-type=\"container\">\n\t\t\t\t\t<div class=\"e-con-inner\">\n\t\t\t\t<div class=\"elementor-element elementor-element-fc03527 elementor-grid-3 elementor-grid-tablet-2 elementor-grid-mobile-1 elementor-widget elementor-widget-eael-dynamic-filterable-gallery\" data-id=\"fc03527\" data-element_type=\"widget\" data-e-type=\"widget\" data-settings=\"{&quot;eael_fg_columns&quot;:&quot;3&quot;,&quot;eael_fg_columns_tablet&quot;:&quot;2&quot;,&quot;eael_fg_columns_mobile&quot;:&quot;1&quot;}\" data-widget_type=\"eael-dynamic-filterable-gallery.default\">\n\t\t\t\t<div class=\"elementor-widget-container\">\n\t\t\t\t\t<div id=\"eael-filter-gallery-wrapper-fc03527\" class=\"eael-filter-gallery-wrapper\"><div class=\"eael-filter-gallery-control\">\n                    <ul>\n                        <li class=\"control active dynamic-gallery-category \" data-filter=\"*\">Tout<\/li><li class=\"control dynamic-gallery-category \" data-termid=\"32\" data-taxonomy=\"ld_course_tag\" data-filter=\".deswos\">DESWOS<\/li><li class=\"control dynamic-gallery-category \" data-termid=\"31\" data-taxonomy=\"ld_course_tag\" data-filter=\".semillas\">Semillas<\/li><li class=\"control dynamic-gallery-category \" data-termid=\"33\" data-taxonomy=\"ld_course_tag\" data-filter=\".we-building\">We-Building<\/li><li class=\"control dynamic-gallery-category \" data-termid=\"34\" data-taxonomy=\"ld_course_tag\" data-filter=\".caritas\">Caritas<\/li><li class=\"control dynamic-gallery-category \" data-termid=\"53\" data-taxonomy=\"ld_course_tag\" data-filter=\".a-part\">A-Part<\/li><li class=\"control dynamic-gallery-category \" data-termid=\"156\" data-taxonomy=\"ld_course_tag\" data-filter=\".iog\">IOG<\/li><\/ul>\n                <\/div><div class=\"eael-filter-gallery-container eael-post-appender eael-post-appender-fc03527 grid eael-cards 3\" data-settings=\"{&quot;item_style&quot;:&quot;eael-cards&quot;,&quot;duration&quot;:500,&quot;layout_mode&quot;:&quot;grid&quot;}\"><div class=\"dynamic-gallery-item beispiel-fr deswos-fr deutsch-fr centre-de-soinskeemalung-nepal\">\n            <div class=\"dynamic-gallery-item-inner\" data-itemid=\"8113 \"><a href=\"https:\/\/edu-building.org\/fr\/courses\/centre-de-soinskeemalung-nepal\/\"><div class=\"dynamic-gallery-thumbnail\"><img decoding=\"async\" src=\"https:\/\/edu-building.org\/wp-content\/uploads\/2024\/10\/deswos-featured-2-768x512.jpg\" alt=\"\"><\/div><\/a> <div class=\"item-content\"><h2 class=\"title\"><a href=\"https:\/\/edu-building.org\/fr\/courses\/centre-de-soinskeemalung-nepal\/\">Centre de soins<br>Keemalung, Nepal<\/a><\/h2><p>Le projet de centre de sant\u00e9 au N\u00e9pal, pr\u00e9sent\u00e9 par DESWOS e.V., a \u00e9t\u00e9 influenc\u00e9 par l\u2019acc\u00e8s difficile au site et le besoin de normes de construction \u00e9lev\u00e9es. La construction r\u00e9sistante aux s\u00e9ismes \u00e9tait une exigence cl\u00e9, notamment suite au<a class=\"eael_post_excerpt_read_more\" href=\"https:\/\/edu-building.org\/fr\/courses\/centre-de-soinskeemalung-nepal\/\"> <\/a><\/p><\/div>\n            <\/div>\n        <\/div><div class=\"dynamic-gallery-item beispiel-fr deutsch-fr we-building-fr ecole-primairekoforidua-ghana\">\n            <div class=\"dynamic-gallery-item-inner\" data-itemid=\"8115 \"><a href=\"https:\/\/edu-building.org\/fr\/courses\/ecole-primairekoforidua-ghana\/\"><div class=\"dynamic-gallery-thumbnail\"><img decoding=\"async\" src=\"https:\/\/edu-building.org\/wp-content\/uploads\/2022\/01\/koforidua-thumb-768x512.jpg\" alt=\"\"><\/div><\/a> <div class=\"item-content\"><h2 class=\"title\"><a href=\"https:\/\/edu-building.org\/fr\/courses\/ecole-primairekoforidua-ghana\/\">\u00c9cole primaire<br>Koforidua, Ghana<\/a><\/h2><p>En 2020, We-Building e.V. a achev\u00e9 sa deuxi\u00e8me \u00e9cole primaire au Ghana, situ\u00e9e \u00e0 Koforidua. Tirant les le\u00e7ons de leur premier projet, ils ont opt\u00e9 pour une structure en bois pour la premi\u00e8re fois \u2014 une d\u00e9cision qui a permis<a class=\"eael_post_excerpt_read_more\" href=\"https:\/\/edu-building.org\/fr\/courses\/ecole-primairekoforidua-ghana\/\"> <\/a><\/p><\/div>\n            <\/div>\n        <\/div><div class=\"dynamic-gallery-item beispiel-fr deutsch-fr we-building-fr ecole-primairedarmang-ghana\">\n            <div class=\"dynamic-gallery-item-inner\" data-itemid=\"8111 \"><a href=\"https:\/\/edu-building.org\/fr\/courses\/ecole-primairedarmang-ghana\/\"><div class=\"dynamic-gallery-thumbnail\"><img decoding=\"async\" src=\"https:\/\/edu-building.org\/wp-content\/uploads\/2022\/01\/darmang-featured-768x512.jpg\" alt=\"\"><\/div><\/a> <div class=\"item-content\"><h2 class=\"title\"><a href=\"https:\/\/edu-building.org\/fr\/courses\/ecole-primairedarmang-ghana\/\">\u00c9cole primaire<br>Darmang, Ghana<\/a><\/h2><p>Ce projet scolaire pr\u00e9sent\u00e9 par We-Building e.V. d\u00e9crit l\u2019ensemble du processus, de la planification \u00e0 la construction, en incluant diverses le\u00e7ons apprises en cours de route.<\/p><\/div>\n            <\/div>\n        <\/div><div class=\"dynamic-gallery-item beispiel-fr caritas-fr deutsch-fr refuge-pour-femmescuenca-equateur\">\n            <div class=\"dynamic-gallery-item-inner\" data-itemid=\"8097 \"><a href=\"https:\/\/edu-building.org\/fr\/courses\/refuge-pour-femmescuenca-equateur\/\"><div class=\"dynamic-gallery-thumbnail\"><img decoding=\"async\" src=\"https:\/\/edu-building.org\/wp-content\/uploads\/2024\/11\/nina-huasi-cover-1-768x512.jpg\" alt=\"\"><\/div><\/a> <div class=\"item-content\"><h2 class=\"title\"><a href=\"https:\/\/edu-building.org\/fr\/courses\/refuge-pour-femmescuenca-equateur\/\">Refuge pour femmes<br>Cuenca, \u00c9quateur<\/a><\/h2><p>Nina Huasi est un refuge pour femmes dans les Andes \u00e9quatoriennes qui fournit protection et soutien aux femmes et enfants victimes de violence domestique. Le projet, soutenu par Caritas Vorarlberg, met fortement l\u2019accent sur la durabilit\u00e9 \u00e9cologique, sociale et financi\u00e8re.<\/p><\/div>\n            <\/div>\n        <\/div><div class=\"dynamic-gallery-item a-part-fr beispiel-fr deutsch-fr bibliotheque-kimintetkirindon-kenya\">\n            <div class=\"dynamic-gallery-item-inner\" data-itemid=\"8095 \"><a href=\"https:\/\/edu-building.org\/fr\/courses\/bibliotheque-kimintetkirindon-kenya\/\"><div class=\"dynamic-gallery-thumbnail\"><img decoding=\"async\" src=\"https:\/\/edu-building.org\/wp-content\/uploads\/2025\/03\/apart-cover-768x512.jpg\" alt=\"\"><\/div><\/a> <div class=\"item-content\"><h2 class=\"title\"><a href=\"https:\/\/edu-building.org\/fr\/courses\/bibliotheque-kimintetkirindon-kenya\/\">Biblioth\u00e8que Kimintet<br>Kirindon, Kenya<\/a><\/h2><p>Un projet de l\u2019organisation italienne A.PART pour la r\u00e9novation d\u2019une biblioth\u00e8que scolaire au Kenya. Le projet d\u00e9montre que m\u00eame avec un budget limit\u00e9 et des interventions cibl\u00e9es, il est possible de cr\u00e9er des espaces attractifs gr\u00e2ce \u00e0 une planification et<a class=\"eael_post_excerpt_read_more\" href=\"https:\/\/edu-building.org\/fr\/courses\/bibliotheque-kimintetkirindon-kenya\/\"> <\/a><\/p><\/div>\n            <\/div>\n        <\/div><div class=\"dynamic-gallery-item beispiel-fr deutsch-fr semillas-fr ecole-maternellealto-anapati-peru\">\n            <div class=\"dynamic-gallery-item-inner\" data-itemid=\"8087 \"><a href=\"https:\/\/edu-building.org\/fr\/courses\/ecole-maternellealto-anapati-peru\/\"><div class=\"dynamic-gallery-thumbnail\"><img decoding=\"async\" src=\"https:\/\/edu-building.org\/wp-content\/uploads\/2024\/10\/semillas-featured-2-768x512.jpg\" alt=\"\"><\/div><\/a> <div class=\"item-content\"><h2 class=\"title\"><a href=\"https:\/\/edu-building.org\/fr\/courses\/ecole-maternellealto-anapati-peru\/\">\u00c9cole maternelle<br>Alto Anapati, P\u00e9rou<\/a><\/h2><p>Un projet de l\u2019organisation p\u00e9ruvienne Semillas a \u00e9t\u00e9 r\u00e9alis\u00e9 en \u00e9troite collaboration avec la communaut\u00e9 locale et gr\u00e2ce \u00e0 un processus de conception participatif. Le projet refl\u00e8te les besoins de la communaut\u00e9 et invite \u00e0 repenser l\u2019architecture de la r\u00e9gion<a class=\"eael_post_excerpt_read_more\" href=\"https:\/\/edu-building.org\/fr\/courses\/ecole-maternellealto-anapati-peru\/\"> <\/a><\/p><\/div>\n            <\/div>\n        <\/div><div class=\"dynamic-gallery-item beispiel-fr deutsch-fr iog-fr approvisionnement-sanitairekikandwa-ouganda\">\n            <div class=\"dynamic-gallery-item-inner\" data-itemid=\"8270 \"><a href=\"https:\/\/edu-building.org\/fr\/courses\/approvisionnement-sanitairekikandwa-ouganda\/\"><div class=\"dynamic-gallery-thumbnail\"><img decoding=\"async\" src=\"https:\/\/edu-building.org\/wp-content\/uploads\/2026\/02\/Untitled-design-10-768x512.png\" alt=\"\"><\/div><\/a> <div class=\"item-content\"><h2 class=\"title\"><a href=\"https:\/\/edu-building.org\/fr\/courses\/approvisionnement-sanitairekikandwa-ouganda\/\">Assainissement <br>Kikandwa, Ouganda<\/a><\/h2><p>\u00c0 l\u2019\u00e9cole primaire St. Mark Kikandwa, en Ouganda, Ingenieure ohne Grenzen e. V., en collaboration avec SUUBI Community Projects, a mis en \u0153uvre un projet d\u2019assainissement. Le projet portait principalement sur la construction de toilettes s\u00e8ches \u00e0 s\u00e9paration, dont l\u2019exploitation<a class=\"eael_post_excerpt_read_more\" href=\"https:\/\/edu-building.org\/fr\/courses\/approvisionnement-sanitairekikandwa-ouganda\/\"> <\/a><\/p><\/div>\n            <\/div>\n        <\/div><\/div><\/div>\t\t\t\t<\/div>\n\t\t\t\t<\/div>\n\t\t\t\t\t<\/div>\n\t\t\t\t<\/div>\n\t\t\t\t<\/div>\n\t\t","protected":false},"excerpt":{"rendered":"<p>\u00c9tudes de cas Tout DESWOS Semillas We-Building Caritas A-Part IOG Gesundheitsstation Keemalung, Nepal Das Projekt einer Gesundheitsstation in Nepal, pr\u00e4sentiert von DESWOS e.V., war durch die schwierige Zug\u00e4nglichkeit des Standorts und den erh\u00f6hten Baustandard gepr\u00e4gt. Eine erdbebensichere Bauweise war aufgrund des Erdbebens von 2015 eine zentrale Anforderung. Grundschule Koforidua, Ghana Im Jahr 2020 hat We-Building&#8230;<\/p>\n","protected":false},"author":1,"featured_media":0,"parent":0,"menu_order":0,"comment_status":"closed","ping_status":"closed","template":"","meta":{"_monsterinsights_skip_tracking":false,"_monsterinsights_sitenote_active":false,"_monsterinsights_sitenote_note":"","_monsterinsights_sitenote_category":0,"_kad_post_transparent":"","_kad_post_title":"hide","_kad_post_layout":"fullwidth","_kad_post_sidebar_id":"","_kad_post_content_style":"unboxed","_kad_post_vertical_padding":"hide","_kad_post_feature":"hide","_kad_post_feature_position":"","_kad_post_header":false,"_kad_post_footer":false,"footnotes":""},"class_list":["post-8080","page","type-page","status-publish","hentry"],"yoast_head":"<!-- This site is optimized with the Yoast SEO plugin v27.3 - https:\/\/yoast.com\/product\/yoast-seo-wordpress\/ -->\n<title>\u00c9tudes de cas - edu-building<\/title>\n<meta name=\"robots\" content=\"index, follow, max-snippet:-1, max-image-preview:large, max-video-preview:-1\" \/>\n<link rel=\"canonical\" href=\"https:\/\/edu-building.org\/fr\/exemples-pratiques\/\" \/>\n<meta property=\"og:locale\" content=\"fr_FR\" \/>\n<meta property=\"og:type\" content=\"article\" \/>\n<meta property=\"og:title\" content=\"\u00c9tudes de cas - edu-building\" \/>\n<meta property=\"og:description\" content=\"\u00c9tudes de cas Tout DESWOS Semillas We-Building Caritas A-Part IOG Gesundheitsstation Keemalung, Nepal Das Projekt einer Gesundheitsstation in Nepal, pr\u00e4sentiert von DESWOS e.V., war durch die schwierige Zug\u00e4nglichkeit des Standorts und den erh\u00f6hten Baustandard gepr\u00e4gt. Eine erdbebensichere Bauweise war aufgrund des Erdbebens von 2015 eine zentrale Anforderung. Grundschule Koforidua, Ghana Im Jahr 2020 hat We-Building...\" \/>\n<meta property=\"og:url\" content=\"https:\/\/edu-building.org\/fr\/exemples-pratiques\/\" \/>\n<meta property=\"og:site_name\" content=\"edu-building\" \/>\n<meta property=\"article:publisher\" content=\"https:\/\/www.facebook.com\/WEbuildingeV\/\" \/>\n<meta property=\"article:modified_time\" content=\"2026-04-08T13:41:28+00:00\" \/>\n<meta property=\"og:image\" content=\"https:\/\/edu-building.org\/wp-content\/uploads\/2024\/10\/deswos-featured-2-768x512.jpg\" \/>\n<meta name=\"twitter:card\" content=\"summary_large_image\" \/>\n<meta name=\"twitter:label1\" content=\"Dur\u00e9e de lecture estim\u00e9e\" \/>\n\t<meta name=\"twitter:data1\" content=\"3 minutes\" \/>\n<script type=\"application\/ld+json\" class=\"yoast-schema-graph\">{\"@context\":\"https:\\\/\\\/schema.org\",\"@graph\":[{\"@type\":\"WebPage\",\"@id\":\"https:\\\/\\\/edu-building.org\\\/fr\\\/exemples-pratiques\\\/\",\"url\":\"https:\\\/\\\/edu-building.org\\\/fr\\\/exemples-pratiques\\\/\",\"name\":\"\u00c9tudes de cas - edu-building\",\"isPartOf\":{\"@id\":\"https:\\\/\\\/edu-building.org\\\/#website\"},\"primaryImageOfPage\":{\"@id\":\"https:\\\/\\\/edu-building.org\\\/fr\\\/exemples-pratiques\\\/#primaryimage\"},\"image\":{\"@id\":\"https:\\\/\\\/edu-building.org\\\/fr\\\/exemples-pratiques\\\/#primaryimage\"},\"thumbnailUrl\":\"https:\\\/\\\/edu-building.org\\\/wp-content\\\/uploads\\\/2024\\\/10\\\/deswos-featured-2-768x512.jpg\",\"datePublished\":\"2022-01-24T10:05:07+00:00\",\"dateModified\":\"2026-04-08T13:41:28+00:00\",\"breadcrumb\":{\"@id\":\"https:\\\/\\\/edu-building.org\\\/fr\\\/exemples-pratiques\\\/#breadcrumb\"},\"inLanguage\":\"fr-FR\",\"potentialAction\":[{\"@type\":\"ReadAction\",\"target\":[\"https:\\\/\\\/edu-building.org\\\/fr\\\/exemples-pratiques\\\/\"]}]},{\"@type\":\"ImageObject\",\"inLanguage\":\"fr-FR\",\"@id\":\"https:\\\/\\\/edu-building.org\\\/fr\\\/exemples-pratiques\\\/#primaryimage\",\"url\":\"https:\\\/\\\/edu-building.org\\\/wp-content\\\/uploads\\\/2024\\\/10\\\/deswos-featured-2-768x512.jpg\",\"contentUrl\":\"https:\\\/\\\/edu-building.org\\\/wp-content\\\/uploads\\\/2024\\\/10\\\/deswos-featured-2-768x512.jpg\"},{\"@type\":\"BreadcrumbList\",\"@id\":\"https:\\\/\\\/edu-building.org\\\/fr\\\/exemples-pratiques\\\/#breadcrumb\",\"itemListElement\":[{\"@type\":\"ListItem\",\"position\":1,\"name\":\"Startseite\",\"item\":\"https:\\\/\\\/edu-building.org\\\/fr\\\/home\\\/\"},{\"@type\":\"ListItem\",\"position\":2,\"name\":\"\u00c9tudes de cas\"}]},{\"@type\":\"WebSite\",\"@id\":\"https:\\\/\\\/edu-building.org\\\/#website\",\"url\":\"https:\\\/\\\/edu-building.org\\\/\",\"name\":\"edu-building\",\"description\":\"Bauprojekte in der Entwicklungszusammenarbeit\",\"publisher\":{\"@id\":\"https:\\\/\\\/edu-building.org\\\/#organization\"},\"potentialAction\":[{\"@type\":\"SearchAction\",\"target\":{\"@type\":\"EntryPoint\",\"urlTemplate\":\"https:\\\/\\\/edu-building.org\\\/?s={search_term_string}\"},\"query-input\":{\"@type\":\"PropertyValueSpecification\",\"valueRequired\":true,\"valueName\":\"search_term_string\"}}],\"inLanguage\":\"fr-FR\"},{\"@type\":\"Organization\",\"@id\":\"https:\\\/\\\/edu-building.org\\\/#organization\",\"name\":\"We-Building e.V.\",\"url\":\"https:\\\/\\\/edu-building.org\\\/\",\"logo\":{\"@type\":\"ImageObject\",\"inLanguage\":\"fr-FR\",\"@id\":\"https:\\\/\\\/edu-building.org\\\/#\\\/schema\\\/logo\\\/image\\\/\",\"url\":\"https:\\\/\\\/edu-building.org\\\/wp-content\\\/uploads\\\/2024\\\/10\\\/EDU-LOGO.svg\",\"contentUrl\":\"https:\\\/\\\/edu-building.org\\\/wp-content\\\/uploads\\\/2024\\\/10\\\/EDU-LOGO.svg\",\"width\":458,\"height\":458,\"caption\":\"We-Building e.V.\"},\"image\":{\"@id\":\"https:\\\/\\\/edu-building.org\\\/#\\\/schema\\\/logo\\\/image\\\/\"},\"sameAs\":[\"https:\\\/\\\/www.facebook.com\\\/WEbuildingeV\\\/\"]}]}<\/script>\n<!-- \/ Yoast SEO plugin. -->","yoast_head_json":{"title":"\u00c9tudes de cas - edu-building","robots":{"index":"index","follow":"follow","max-snippet":"max-snippet:-1","max-image-preview":"max-image-preview:large","max-video-preview":"max-video-preview:-1"},"canonical":"https:\/\/edu-building.org\/fr\/exemples-pratiques\/","og_locale":"fr_FR","og_type":"article","og_title":"\u00c9tudes de cas - edu-building","og_description":"\u00c9tudes de cas Tout DESWOS Semillas We-Building Caritas A-Part IOG Gesundheitsstation Keemalung, Nepal Das Projekt einer Gesundheitsstation in Nepal, pr\u00e4sentiert von DESWOS e.V., war durch die schwierige Zug\u00e4nglichkeit des Standorts und den erh\u00f6hten Baustandard gepr\u00e4gt. Eine erdbebensichere Bauweise war aufgrund des Erdbebens von 2015 eine zentrale Anforderung. Grundschule Koforidua, Ghana Im Jahr 2020 hat We-Building...","og_url":"https:\/\/edu-building.org\/fr\/exemples-pratiques\/","og_site_name":"edu-building","article_publisher":"https:\/\/www.facebook.com\/WEbuildingeV\/","article_modified_time":"2026-04-08T13:41:28+00:00","og_image":[{"url":"https:\/\/edu-building.org\/wp-content\/uploads\/2024\/10\/deswos-featured-2-768x512.jpg","type":"","width":"","height":""}],"twitter_card":"summary_large_image","twitter_misc":{"Dur\u00e9e de lecture estim\u00e9e":"3 minutes"},"schema":{"@context":"https:\/\/schema.org","@graph":[{"@type":"WebPage","@id":"https:\/\/edu-building.org\/fr\/exemples-pratiques\/","url":"https:\/\/edu-building.org\/fr\/exemples-pratiques\/","name":"\u00c9tudes de cas - edu-building","isPartOf":{"@id":"https:\/\/edu-building.org\/#website"},"primaryImageOfPage":{"@id":"https:\/\/edu-building.org\/fr\/exemples-pratiques\/#primaryimage"},"image":{"@id":"https:\/\/edu-building.org\/fr\/exemples-pratiques\/#primaryimage"},"thumbnailUrl":"https:\/\/edu-building.org\/wp-content\/uploads\/2024\/10\/deswos-featured-2-768x512.jpg","datePublished":"2022-01-24T10:05:07+00:00","dateModified":"2026-04-08T13:41:28+00:00","breadcrumb":{"@id":"https:\/\/edu-building.org\/fr\/exemples-pratiques\/#breadcrumb"},"inLanguage":"fr-FR","potentialAction":[{"@type":"ReadAction","target":["https:\/\/edu-building.org\/fr\/exemples-pratiques\/"]}]},{"@type":"ImageObject","inLanguage":"fr-FR","@id":"https:\/\/edu-building.org\/fr\/exemples-pratiques\/#primaryimage","url":"https:\/\/edu-building.org\/wp-content\/uploads\/2024\/10\/deswos-featured-2-768x512.jpg","contentUrl":"https:\/\/edu-building.org\/wp-content\/uploads\/2024\/10\/deswos-featured-2-768x512.jpg"},{"@type":"BreadcrumbList","@id":"https:\/\/edu-building.org\/fr\/exemples-pratiques\/#breadcrumb","itemListElement":[{"@type":"ListItem","position":1,"name":"Startseite","item":"https:\/\/edu-building.org\/fr\/home\/"},{"@type":"ListItem","position":2,"name":"\u00c9tudes de cas"}]},{"@type":"WebSite","@id":"https:\/\/edu-building.org\/#website","url":"https:\/\/edu-building.org\/","name":"edu-building","description":"Bauprojekte in der Entwicklungszusammenarbeit","publisher":{"@id":"https:\/\/edu-building.org\/#organization"},"potentialAction":[{"@type":"SearchAction","target":{"@type":"EntryPoint","urlTemplate":"https:\/\/edu-building.org\/?s={search_term_string}"},"query-input":{"@type":"PropertyValueSpecification","valueRequired":true,"valueName":"search_term_string"}}],"inLanguage":"fr-FR"},{"@type":"Organization","@id":"https:\/\/edu-building.org\/#organization","name":"We-Building e.V.","url":"https:\/\/edu-building.org\/","logo":{"@type":"ImageObject","inLanguage":"fr-FR","@id":"https:\/\/edu-building.org\/#\/schema\/logo\/image\/","url":"https:\/\/edu-building.org\/wp-content\/uploads\/2024\/10\/EDU-LOGO.svg","contentUrl":"https:\/\/edu-building.org\/wp-content\/uploads\/2024\/10\/EDU-LOGO.svg","width":458,"height":458,"caption":"We-Building e.V."},"image":{"@id":"https:\/\/edu-building.org\/#\/schema\/logo\/image\/"},"sameAs":["https:\/\/www.facebook.com\/WEbuildingeV\/"]}]}},"_links":{"self":[{"href":"https:\/\/edu-building.org\/fr\/wp-json\/wp\/v2\/pages\/8080","targetHints":{"allow":["GET"]}}],"collection":[{"href":"https:\/\/edu-building.org\/fr\/wp-json\/wp\/v2\/pages"}],"about":[{"href":"https:\/\/edu-building.org\/fr\/wp-json\/wp\/v2\/types\/page"}],"author":[{"embeddable":true,"href":"https:\/\/edu-building.org\/fr\/wp-json\/wp\/v2\/users\/1"}],"replies":[{"embeddable":true,"href":"https:\/\/edu-building.org\/fr\/wp-json\/wp\/v2\/comments?post=8080"}],"version-history":[{"count":7,"href":"https:\/\/edu-building.org\/fr\/wp-json\/wp\/v2\/pages\/8080\/revisions"}],"predecessor-version":[{"id":8273,"href":"https:\/\/edu-building.org\/fr\/wp-json\/wp\/v2\/pages\/8080\/revisions\/8273"}],"wp:attachment":[{"href":"https:\/\/edu-building.org\/fr\/wp-json\/wp\/v2\/media?parent=8080"}],"curies":[{"name":"wp","href":"https:\/\/api.w.org\/{rel}","templated":true}]}}