{"id":8117,"date":"2024-10-20T21:48:10","date_gmt":"2024-10-20T21:48:10","guid":{"rendered":"https:\/\/edu-building.org\/portail-de-connaissances\/"},"modified":"2025-12-02T21:39:37","modified_gmt":"2025-12-02T21:39:37","slug":"portail-de-connaissances","status":"publish","type":"page","link":"https:\/\/edu-building.org\/fr\/portail-de-connaissances\/","title":{"rendered":"Portail savoirs"},"content":{"rendered":"\t\t<div data-elementor-type=\"wp-page\" data-elementor-id=\"8117\" class=\"elementor elementor-8117 elementor-22\" data-elementor-post-type=\"page\">\n\t\t\t\t<div data-particle_enable=\"false\" data-particle-mobile-disabled=\"false\" class=\"elementor-element elementor-element-79fc642 e-flex e-con-boxed e-con e-parent\" data-id=\"79fc642\" data-element_type=\"container\" data-e-type=\"container\">\n\t\t\t\t\t<div class=\"e-con-inner\">\n\t\t\t\t<div class=\"elementor-element elementor-element-0f4d78f elementor-widget elementor-widget-heading\" data-id=\"0f4d78f\" data-element_type=\"widget\" data-e-type=\"widget\" data-widget_type=\"heading.default\">\n\t\t\t\t<div class=\"elementor-widget-container\">\n\t\t\t\t\t<h2 class=\"elementor-heading-title elementor-size-default\">Portail savoirs<\/h2>\t\t\t\t<\/div>\n\t\t\t\t<\/div>\n\t\t\t\t\t<\/div>\n\t\t\t\t<\/div>\n\t\t<div data-particle_enable=\"false\" data-particle-mobile-disabled=\"false\" class=\"elementor-element elementor-element-1c10ab8 e-flex e-con-boxed e-con e-parent\" data-id=\"1c10ab8\" data-element_type=\"container\" data-e-type=\"container\">\n\t\t\t\t\t<div class=\"e-con-inner\">\n\t\t\t\t<div class=\"elementor-element elementor-element-406518b elementor-grid-3 elementor-grid-tablet-2 elementor-grid-mobile-1 elementor-widget elementor-widget-eael-dynamic-filterable-gallery\" data-id=\"406518b\" data-element_type=\"widget\" data-e-type=\"widget\" data-settings=\"{&quot;eael_fg_columns&quot;:&quot;3&quot;,&quot;eael_fg_columns_tablet&quot;:&quot;2&quot;,&quot;eael_fg_columns_mobile&quot;:&quot;1&quot;}\" data-widget_type=\"eael-dynamic-filterable-gallery.default\">\n\t\t\t\t<div class=\"elementor-widget-container\">\n\t\t\t\t\t<div id=\"eael-filter-gallery-wrapper-406518b\" class=\"eael-filter-gallery-wrapper\"><div class=\"eael-filter-gallery-container eael-post-appender eael-post-appender-406518b grid eael-cards 3\" data-settings=\"{&quot;item_style&quot;:&quot;eael-cards&quot;,&quot;duration&quot;:500,&quot;layout_mode&quot;:&quot;grid&quot;}\"><div class=\"dynamic-gallery-item deutsch-fr learning-fr preparation-du-projet preparation-du-projet\">\n            <div class=\"dynamic-gallery-item-inner\" data-itemid=\"8091 \"><a href=\"https:\/\/edu-building.org\/fr\/courses\/preparation-du-projet\/\"><div class=\"dynamic-gallery-thumbnail\"><img decoding=\"async\" src=\"https:\/\/edu-building.org\/wp-content\/uploads\/2024\/10\/vorfeld-featured-768x512.jpg\" alt=\"\"><\/div><\/a> <div class=\"item-content\"><h2 class=\"title\"><a href=\"https:\/\/edu-building.org\/fr\/courses\/preparation-du-projet\/\">Pr\u00e9paration du projet<\/a><\/h2><p>Les aspects les plus importants \u00e0 analyser afin de garantir la priorit\u00e9 et la faisabilit\u00e9 d\u2019un projet de construction. La pr\u00e9paration de projets de construction dans la coop\u00e9ration au d\u00e9veloppement couvre des th\u00e8mes tels que les besoins, les r\u00f4les, la communication et les relations avec<a class=\"eael_post_excerpt_read_more\" href=\"https:\/\/edu-building.org\/fr\/courses\/preparation-du-projet\/\"> <\/a><\/p><\/div>\n            <\/div>\n        <\/div><div class=\"dynamic-gallery-item connaissances-de-base deutsch-fr learning-fr connaissances-de-base\">\n            <div class=\"dynamic-gallery-item-inner\" data-itemid=\"8103 \"><a href=\"https:\/\/edu-building.org\/fr\/courses\/connaissances-de-base\/\"><div class=\"dynamic-gallery-thumbnail\"><img decoding=\"async\" src=\"https:\/\/edu-building.org\/wp-content\/uploads\/2024\/10\/grundlagen-featured-768x512.jpg\" alt=\"\"><\/div><\/a> <div class=\"item-content\"><h2 class=\"title\"><a href=\"https:\/\/edu-building.org\/fr\/courses\/connaissances-de-base\/\">Connaissances de base<\/a><\/h2><p>Une recherche approfondie sur le terrain est essentielle avant de lancer tout projet de construction. Chaque projet est influenc\u00e9 par des facteurs tels que le climat, les mat\u00e9riaux locaux, les infrastructures et les risques de catastrophes naturelles. Cette session propose une vue d\u2019ensemble, en mettant<a class=\"eael_post_excerpt_read_more\" href=\"https:\/\/edu-building.org\/fr\/courses\/connaissances-de-base\/\"> <\/a><\/p><\/div>\n            <\/div>\n        <\/div><div class=\"dynamic-gallery-item conception deutsch-fr learning-fr conception\">\n            <div class=\"dynamic-gallery-item-inner\" data-itemid=\"8109 \"><a href=\"https:\/\/edu-building.org\/fr\/courses\/conception\/\"><div class=\"dynamic-gallery-thumbnail\"><img decoding=\"async\" src=\"https:\/\/edu-building.org\/wp-content\/uploads\/2024\/10\/design-featured-768x512.jpg\" alt=\"\"><\/div><\/a> <div class=\"item-content\"><h2 class=\"title\"><a href=\"https:\/\/edu-building.org\/fr\/courses\/conception\/\">Conception<\/a><\/h2><p>Quels aspects doivent \u00eatre pris en compte et quelles d\u00e9cisions strat\u00e9giques (par exemple : typologie, emplacement, cl\u00f4ture, nombre d\u2019\u00e9tages, ouvertures murales, design ext\u00e9rieur) peuvent \u00eatre prises lors de la planification d\u2019un b\u00e2timent, m\u00eame en l\u2019absence d\u2019architectes.<\/p><\/div>\n            <\/div>\n        <\/div><div class=\"dynamic-gallery-item budget-fr deutsch-fr learning-fr budget\">\n            <div class=\"dynamic-gallery-item-inner\" data-itemid=\"8107 \"><a href=\"https:\/\/edu-building.org\/fr\/courses\/budget\/\"><div class=\"dynamic-gallery-thumbnail\"><img decoding=\"async\" src=\"https:\/\/edu-building.org\/wp-content\/uploads\/2024\/10\/budget-featured-768x512.jpg\" alt=\"\"><\/div><\/a> <div class=\"item-content\"><h2 class=\"title\"><a href=\"https:\/\/edu-building.org\/fr\/courses\/budget\/\">Budget<\/a><\/h2><p>La hausse des co\u00fbts de construction et les possibilit\u00e9s de financement limit\u00e9es exigent efficacit\u00e9 et cr\u00e9ativit\u00e9. Cette pr\u00e9sentation examine les co\u00fbts de construction et donne des conseils sur la mani\u00e8rede se pr\u00e9parer efficacement, planifier le budget et ma\u00eetriser les d\u00e9penses tout au long du processus<a class=\"eael_post_excerpt_read_more\" href=\"https:\/\/edu-building.org\/fr\/courses\/budget\/\"> <\/a><\/p><\/div>\n            <\/div>\n        <\/div><div class=\"dynamic-gallery-item deutsch-fr durabilite learning-fr durabilite\">\n            <div class=\"dynamic-gallery-item-inner\" data-itemid=\"8105 \"><a href=\"https:\/\/edu-building.org\/fr\/courses\/durabilite\/\"><div class=\"dynamic-gallery-thumbnail\"><img decoding=\"async\" src=\"https:\/\/edu-building.org\/wp-content\/uploads\/2024\/11\/sustainability-featured-768x512.jpg\" alt=\"\"><\/div><\/a> <div class=\"item-content\"><h2 class=\"title\"><a href=\"https:\/\/edu-building.org\/fr\/courses\/durabilite\/\">Durabilit\u00e9<\/a><\/h2><p>Lorsqu\u2019il s\u2019agit de durabilit\u00e9 dans la construction, les mat\u00e9riaux alternatifs et \u00e9cologiques occupent souvent le devant de la sc\u00e8ne \u2014 et \u00e0 juste titre : le secteur de la construction repr\u00e9sente environ 40 % de toutes les \u00e9missions de CO\u2082. Il est \u00e9vident que la<a class=\"eael_post_excerpt_read_more\" href=\"https:\/\/edu-building.org\/fr\/courses\/durabilite\/\"> <\/a><\/p><\/div>\n            <\/div>\n        <\/div><div class=\"dynamic-gallery-item deutsch-fr execution-de-la-construction learning-fr execution-de-la-construction\">\n            <div class=\"dynamic-gallery-item-inner\" data-itemid=\"8101 \"><a href=\"https:\/\/edu-building.org\/fr\/courses\/execution-de-la-construction\/\"><div class=\"dynamic-gallery-thumbnail\"><img decoding=\"async\" src=\"https:\/\/edu-building.org\/wp-content\/uploads\/2024\/10\/construction-featured-768x512.jpg\" alt=\"\"><\/div><\/a> <div class=\"item-content\"><h2 class=\"title\"><a href=\"https:\/\/edu-building.org\/fr\/courses\/execution-de-la-construction\/\">Ex\u00e9cution de la construction<\/a><\/h2><p>Le processus de construction d\u2019un b\u00e2timent simple \u2014 de la pose des fondations jusqu\u2019au toit \u2014 est expliqu\u00e9 de mani\u00e8re claire et accessible. Il aide les non-experts \u00e0 mieux comprendre le processus et fournit aux professionnels une base pour comparer diff\u00e9rentes conditions de construction.<\/p><\/div>\n            <\/div>\n        <\/div><div class=\"dynamic-gallery-item deutsch-fr learning-fr wash-fr wash\">\n            <div class=\"dynamic-gallery-item-inner\" data-itemid=\"8099 \"><a href=\"https:\/\/edu-building.org\/fr\/courses\/wash\/\"><div class=\"dynamic-gallery-thumbnail\"><img decoding=\"async\" src=\"https:\/\/edu-building.org\/wp-content\/uploads\/2024\/10\/WASH-featured-768x512.jpg\" alt=\"\"><\/div><\/a> <div class=\"item-content\"><h2 class=\"title\"><a href=\"https:\/\/edu-building.org\/fr\/courses\/wash\/\">WASH<\/a><\/h2><p>L\u2019eau, l\u2019assainissement et l\u2019hygi\u00e8ne (WASH) jouent un r\u00f4le cl\u00e9 dans l\u2019am\u00e9lioration de la sant\u00e9 et des conditions de vie et sont \u00e9troitement li\u00e9s au d\u00e9veloppement des infrastructures. Cette pr\u00e9sentation explore diff\u00e9rentes strat\u00e9gies pour la planification des toilettes et la gestion des d\u00e9chets humains, en fonction<a class=\"eael_post_excerpt_read_more\" href=\"https:\/\/edu-building.org\/fr\/courses\/wash\/\"> <\/a><\/p><\/div>\n            <\/div>\n        <\/div><div class=\"dynamic-gallery-item deutsch-fr learning-fr wash-fr etudes-de-cas-wash\">\n            <div class=\"dynamic-gallery-item-inner\" data-itemid=\"8089 \"><a href=\"https:\/\/edu-building.org\/fr\/courses\/etudes-de-cas-wash\/\"><div class=\"dynamic-gallery-thumbnail\"><img decoding=\"async\" src=\"https:\/\/edu-building.org\/wp-content\/uploads\/2024\/10\/wash-examples-featured-768x512.jpg\" alt=\"\"><\/div><\/a> <div class=\"item-content\"><h2 class=\"title\"><a href=\"https:\/\/edu-building.org\/fr\/courses\/etudes-de-cas-wash\/\">\u00c9tudes de cas WASH<\/a><\/h2><p>La pr\u00e9sentation met en avant plusieurs projets illustrant des approches alternatives pour les toilettes et l\u2019assainissement, contribuant \u00e0 sensibiliser sur cette probl\u00e9matique souvent n\u00e9glig\u00e9e. Parmi les exemples, on retrouve des installations au Ghana, au Malawi, en Sierra Leone et en \u00c9thiopie, d\u00e9velopp\u00e9es par diff\u00e9rentes organisations.<\/p><\/div>\n            <\/div>\n        <\/div><\/div><\/div>\t\t\t\t<\/div>\n\t\t\t\t<\/div>\n\t\t\t\t\t<\/div>\n\t\t\t\t<\/div>\n\t\t\t\t<\/div>\n\t\t","protected":false},"excerpt":{"rendered":"<p>Portail savoirs Vorfeld Die wichtigsten Aspekte, die analysiert werden m\u00fcssen, um die Priorit\u00e4t und Realisierbarkeit eines Bauprojekts zu gew\u00e4hrleisten. Die Vorbereitung von Bauprojekten in der EZ umfasst Themen wie Bedarf, Rollen, Kommunikation und Partnerbeziehungen, die oft viel wichtiger sind als Design oder Materialwahl. Grundlagen Vor der Planung eines Bauprojekts ist gr\u00fcndliche Recherche vor Ort notwendig&#8230;.<\/p>\n","protected":false},"author":1,"featured_media":0,"parent":0,"menu_order":0,"comment_status":"closed","ping_status":"closed","template":"","meta":{"_monsterinsights_skip_tracking":false,"_monsterinsights_sitenote_active":false,"_monsterinsights_sitenote_note":"","_monsterinsights_sitenote_category":0,"_kad_post_transparent":"","_kad_post_title":"hide","_kad_post_layout":"fullwidth","_kad_post_sidebar_id":"","_kad_post_content_style":"unboxed","_kad_post_vertical_padding":"hide","_kad_post_feature":"hide","_kad_post_feature_position":"","_kad_post_header":false,"_kad_post_footer":false,"footnotes":""},"class_list":["post-8117","page","type-page","status-publish","hentry"],"yoast_head":"<!-- This site is optimized with the Yoast SEO plugin v27.3 - https:\/\/yoast.com\/product\/yoast-seo-wordpress\/ -->\n<title>Portail savoirs - edu-building<\/title>\n<meta name=\"robots\" content=\"index, follow, max-snippet:-1, max-image-preview:large, max-video-preview:-1\" \/>\n<link rel=\"canonical\" href=\"https:\/\/edu-building.org\/fr\/portail-de-connaissances\/\" \/>\n<meta property=\"og:locale\" content=\"fr_FR\" \/>\n<meta property=\"og:type\" content=\"article\" \/>\n<meta property=\"og:title\" content=\"Portail savoirs - edu-building\" \/>\n<meta property=\"og:description\" content=\"Portail savoirs Vorfeld Die wichtigsten Aspekte, die analysiert werden m\u00fcssen, um die Priorit\u00e4t und Realisierbarkeit eines Bauprojekts zu gew\u00e4hrleisten. Die Vorbereitung von Bauprojekten in der EZ umfasst Themen wie Bedarf, Rollen, Kommunikation und Partnerbeziehungen, die oft viel wichtiger sind als Design oder Materialwahl. Grundlagen Vor der Planung eines Bauprojekts ist gr\u00fcndliche Recherche vor Ort notwendig....\" \/>\n<meta property=\"og:url\" content=\"https:\/\/edu-building.org\/fr\/portail-de-connaissances\/\" \/>\n<meta property=\"og:site_name\" content=\"edu-building\" \/>\n<meta property=\"article:publisher\" content=\"https:\/\/www.facebook.com\/WEbuildingeV\/\" \/>\n<meta property=\"article:modified_time\" content=\"2025-12-02T21:39:37+00:00\" \/>\n<meta property=\"og:image\" content=\"https:\/\/edu-building.org\/wp-content\/uploads\/2024\/10\/vorfeld-featured-768x512.jpg\" \/>\n<meta name=\"twitter:card\" content=\"summary_large_image\" \/>\n<meta name=\"twitter:label1\" content=\"Dur\u00e9e de lecture estim\u00e9e\" \/>\n\t<meta name=\"twitter:data1\" content=\"4 minutes\" \/>\n<script type=\"application\/ld+json\" class=\"yoast-schema-graph\">{\"@context\":\"https:\\\/\\\/schema.org\",\"@graph\":[{\"@type\":\"WebPage\",\"@id\":\"https:\\\/\\\/edu-building.org\\\/fr\\\/portail-de-connaissances\\\/\",\"url\":\"https:\\\/\\\/edu-building.org\\\/fr\\\/portail-de-connaissances\\\/\",\"name\":\"Portail savoirs - edu-building\",\"isPartOf\":{\"@id\":\"https:\\\/\\\/edu-building.org\\\/#website\"},\"primaryImageOfPage\":{\"@id\":\"https:\\\/\\\/edu-building.org\\\/fr\\\/portail-de-connaissances\\\/#primaryimage\"},\"image\":{\"@id\":\"https:\\\/\\\/edu-building.org\\\/fr\\\/portail-de-connaissances\\\/#primaryimage\"},\"thumbnailUrl\":\"https:\\\/\\\/edu-building.org\\\/wp-content\\\/uploads\\\/2024\\\/10\\\/vorfeld-featured-768x512.jpg\",\"datePublished\":\"2024-10-20T21:48:10+00:00\",\"dateModified\":\"2025-12-02T21:39:37+00:00\",\"breadcrumb\":{\"@id\":\"https:\\\/\\\/edu-building.org\\\/fr\\\/portail-de-connaissances\\\/#breadcrumb\"},\"inLanguage\":\"fr-FR\",\"potentialAction\":[{\"@type\":\"ReadAction\",\"target\":[\"https:\\\/\\\/edu-building.org\\\/fr\\\/portail-de-connaissances\\\/\"]}]},{\"@type\":\"ImageObject\",\"inLanguage\":\"fr-FR\",\"@id\":\"https:\\\/\\\/edu-building.org\\\/fr\\\/portail-de-connaissances\\\/#primaryimage\",\"url\":\"https:\\\/\\\/edu-building.org\\\/wp-content\\\/uploads\\\/2024\\\/10\\\/vorfeld-featured-768x512.jpg\",\"contentUrl\":\"https:\\\/\\\/edu-building.org\\\/wp-content\\\/uploads\\\/2024\\\/10\\\/vorfeld-featured-768x512.jpg\"},{\"@type\":\"BreadcrumbList\",\"@id\":\"https:\\\/\\\/edu-building.org\\\/fr\\\/portail-de-connaissances\\\/#breadcrumb\",\"itemListElement\":[{\"@type\":\"ListItem\",\"position\":1,\"name\":\"Startseite\",\"item\":\"https:\\\/\\\/edu-building.org\\\/fr\\\/home\\\/\"},{\"@type\":\"ListItem\",\"position\":2,\"name\":\"Portail savoirs\"}]},{\"@type\":\"WebSite\",\"@id\":\"https:\\\/\\\/edu-building.org\\\/#website\",\"url\":\"https:\\\/\\\/edu-building.org\\\/\",\"name\":\"edu-building\",\"description\":\"Bauprojekte in der Entwicklungszusammenarbeit\",\"publisher\":{\"@id\":\"https:\\\/\\\/edu-building.org\\\/#organization\"},\"potentialAction\":[{\"@type\":\"SearchAction\",\"target\":{\"@type\":\"EntryPoint\",\"urlTemplate\":\"https:\\\/\\\/edu-building.org\\\/?s={search_term_string}\"},\"query-input\":{\"@type\":\"PropertyValueSpecification\",\"valueRequired\":true,\"valueName\":\"search_term_string\"}}],\"inLanguage\":\"fr-FR\"},{\"@type\":\"Organization\",\"@id\":\"https:\\\/\\\/edu-building.org\\\/#organization\",\"name\":\"We-Building e.V.\",\"url\":\"https:\\\/\\\/edu-building.org\\\/\",\"logo\":{\"@type\":\"ImageObject\",\"inLanguage\":\"fr-FR\",\"@id\":\"https:\\\/\\\/edu-building.org\\\/#\\\/schema\\\/logo\\\/image\\\/\",\"url\":\"https:\\\/\\\/edu-building.org\\\/wp-content\\\/uploads\\\/2024\\\/10\\\/EDU-LOGO.svg\",\"contentUrl\":\"https:\\\/\\\/edu-building.org\\\/wp-content\\\/uploads\\\/2024\\\/10\\\/EDU-LOGO.svg\",\"width\":458,\"height\":458,\"caption\":\"We-Building e.V.\"},\"image\":{\"@id\":\"https:\\\/\\\/edu-building.org\\\/#\\\/schema\\\/logo\\\/image\\\/\"},\"sameAs\":[\"https:\\\/\\\/www.facebook.com\\\/WEbuildingeV\\\/\"]}]}<\/script>\n<!-- \/ Yoast SEO plugin. -->","yoast_head_json":{"title":"Portail savoirs - edu-building","robots":{"index":"index","follow":"follow","max-snippet":"max-snippet:-1","max-image-preview":"max-image-preview:large","max-video-preview":"max-video-preview:-1"},"canonical":"https:\/\/edu-building.org\/fr\/portail-de-connaissances\/","og_locale":"fr_FR","og_type":"article","og_title":"Portail savoirs - edu-building","og_description":"Portail savoirs Vorfeld Die wichtigsten Aspekte, die analysiert werden m\u00fcssen, um die Priorit\u00e4t und Realisierbarkeit eines Bauprojekts zu gew\u00e4hrleisten. Die Vorbereitung von Bauprojekten in der EZ umfasst Themen wie Bedarf, Rollen, Kommunikation und Partnerbeziehungen, die oft viel wichtiger sind als Design oder Materialwahl. Grundlagen Vor der Planung eines Bauprojekts ist gr\u00fcndliche Recherche vor Ort notwendig....","og_url":"https:\/\/edu-building.org\/fr\/portail-de-connaissances\/","og_site_name":"edu-building","article_publisher":"https:\/\/www.facebook.com\/WEbuildingeV\/","article_modified_time":"2025-12-02T21:39:37+00:00","og_image":[{"url":"https:\/\/edu-building.org\/wp-content\/uploads\/2024\/10\/vorfeld-featured-768x512.jpg","type":"","width":"","height":""}],"twitter_card":"summary_large_image","twitter_misc":{"Dur\u00e9e de lecture estim\u00e9e":"4 minutes"},"schema":{"@context":"https:\/\/schema.org","@graph":[{"@type":"WebPage","@id":"https:\/\/edu-building.org\/fr\/portail-de-connaissances\/","url":"https:\/\/edu-building.org\/fr\/portail-de-connaissances\/","name":"Portail savoirs - edu-building","isPartOf":{"@id":"https:\/\/edu-building.org\/#website"},"primaryImageOfPage":{"@id":"https:\/\/edu-building.org\/fr\/portail-de-connaissances\/#primaryimage"},"image":{"@id":"https:\/\/edu-building.org\/fr\/portail-de-connaissances\/#primaryimage"},"thumbnailUrl":"https:\/\/edu-building.org\/wp-content\/uploads\/2024\/10\/vorfeld-featured-768x512.jpg","datePublished":"2024-10-20T21:48:10+00:00","dateModified":"2025-12-02T21:39:37+00:00","breadcrumb":{"@id":"https:\/\/edu-building.org\/fr\/portail-de-connaissances\/#breadcrumb"},"inLanguage":"fr-FR","potentialAction":[{"@type":"ReadAction","target":["https:\/\/edu-building.org\/fr\/portail-de-connaissances\/"]}]},{"@type":"ImageObject","inLanguage":"fr-FR","@id":"https:\/\/edu-building.org\/fr\/portail-de-connaissances\/#primaryimage","url":"https:\/\/edu-building.org\/wp-content\/uploads\/2024\/10\/vorfeld-featured-768x512.jpg","contentUrl":"https:\/\/edu-building.org\/wp-content\/uploads\/2024\/10\/vorfeld-featured-768x512.jpg"},{"@type":"BreadcrumbList","@id":"https:\/\/edu-building.org\/fr\/portail-de-connaissances\/#breadcrumb","itemListElement":[{"@type":"ListItem","position":1,"name":"Startseite","item":"https:\/\/edu-building.org\/fr\/home\/"},{"@type":"ListItem","position":2,"name":"Portail savoirs"}]},{"@type":"WebSite","@id":"https:\/\/edu-building.org\/#website","url":"https:\/\/edu-building.org\/","name":"edu-building","description":"Bauprojekte in der Entwicklungszusammenarbeit","publisher":{"@id":"https:\/\/edu-building.org\/#organization"},"potentialAction":[{"@type":"SearchAction","target":{"@type":"EntryPoint","urlTemplate":"https:\/\/edu-building.org\/?s={search_term_string}"},"query-input":{"@type":"PropertyValueSpecification","valueRequired":true,"valueName":"search_term_string"}}],"inLanguage":"fr-FR"},{"@type":"Organization","@id":"https:\/\/edu-building.org\/#organization","name":"We-Building e.V.","url":"https:\/\/edu-building.org\/","logo":{"@type":"ImageObject","inLanguage":"fr-FR","@id":"https:\/\/edu-building.org\/#\/schema\/logo\/image\/","url":"https:\/\/edu-building.org\/wp-content\/uploads\/2024\/10\/EDU-LOGO.svg","contentUrl":"https:\/\/edu-building.org\/wp-content\/uploads\/2024\/10\/EDU-LOGO.svg","width":458,"height":458,"caption":"We-Building e.V."},"image":{"@id":"https:\/\/edu-building.org\/#\/schema\/logo\/image\/"},"sameAs":["https:\/\/www.facebook.com\/WEbuildingeV\/"]}]}},"_links":{"self":[{"href":"https:\/\/edu-building.org\/fr\/wp-json\/wp\/v2\/pages\/8117","targetHints":{"allow":["GET"]}}],"collection":[{"href":"https:\/\/edu-building.org\/fr\/wp-json\/wp\/v2\/pages"}],"about":[{"href":"https:\/\/edu-building.org\/fr\/wp-json\/wp\/v2\/types\/page"}],"author":[{"embeddable":true,"href":"https:\/\/edu-building.org\/fr\/wp-json\/wp\/v2\/users\/1"}],"replies":[{"embeddable":true,"href":"https:\/\/edu-building.org\/fr\/wp-json\/wp\/v2\/comments?post=8117"}],"version-history":[{"count":6,"href":"https:\/\/edu-building.org\/fr\/wp-json\/wp\/v2\/pages\/8117\/revisions"}],"predecessor-version":[{"id":8149,"href":"https:\/\/edu-building.org\/fr\/wp-json\/wp\/v2\/pages\/8117\/revisions\/8149"}],"wp:attachment":[{"href":"https:\/\/edu-building.org\/fr\/wp-json\/wp\/v2\/media?parent=8117"}],"curies":[{"name":"wp","href":"https:\/\/api.w.org\/{rel}","templated":true}]}}