{"id":8166,"date":"2024-12-01T15:53:10","date_gmt":"2024-12-01T15:53:10","guid":{"rendered":"https:\/\/edu-building.org\/mentions-legales\/"},"modified":"2025-12-02T22:34:24","modified_gmt":"2025-12-02T22:34:24","slug":"mentions-legales","status":"publish","type":"page","link":"https:\/\/edu-building.org\/fr\/mentions-legales\/","title":{"rendered":"Mentions l\u00e9gales"},"content":{"rendered":"\t\t<div data-elementor-type=\"wp-page\" data-elementor-id=\"8166\" class=\"elementor elementor-8166 elementor-5509\" data-elementor-post-type=\"page\">\n\t\t\t\t<div data-particle_enable=\"false\" data-particle-mobile-disabled=\"false\" class=\"elementor-element elementor-element-d8585ca e-flex e-con-boxed e-con e-parent\" data-id=\"d8585ca\" data-element_type=\"container\" data-e-type=\"container\">\n\t\t\t\t\t<div class=\"e-con-inner\">\n\t\t\t\t<div class=\"elementor-element elementor-element-4682c93 elementor-widget elementor-widget-heading\" data-id=\"4682c93\" data-element_type=\"widget\" data-e-type=\"widget\" data-widget_type=\"heading.default\">\n\t\t\t\t<div class=\"elementor-widget-container\">\n\t\t\t\t\t<h2 class=\"elementor-heading-title elementor-size-default\">Mentions l\u00e9gales<\/h2>\t\t\t\t<\/div>\n\t\t\t\t<\/div>\n\t\t\t\t<div class=\"elementor-element elementor-element-f6086b9 elementor-widget elementor-widget-text-editor\" data-id=\"f6086b9\" data-element_type=\"widget\" data-e-type=\"widget\" data-widget_type=\"text-editor.default\">\n\t\t\t\t<div class=\"elementor-widget-container\">\n\t\t\t\t\t\t\t\t\t<p><strong>Der Eigent\u00fcmer dieser Webseite ist:<\/strong><\/p><p>We-Building e.V.<\/p><p>Pohlstra\u00dfe 28<\/p><p>10785 Berlin<\/p><p>T\u00e9l\u00e9phone : +49 (0) 30 397 14664<\/p><p>E-Mail : info@we-building.org<\/p><p><br><strong>Repr\u00e9sent\u00e9 par :<\/strong><\/p><p>Pr\u00e9sidente : Laura G\u00f3mez Agudelo, Berlin<\/p><p>Vice-pr\u00e9sident : Ivan Rali\u0161, Berlin<\/p><p> <\/p><p><strong>Inscription au registre :<\/strong><\/p><p>Inscrit au registre des associations.<\/p><p>Tribunal d&#8217;enregistrement : Amtsgericht Charlottenburg<\/p><p>Num\u00e9ro d&#8217;enregistrement : VR34301 B<\/p><p>Num\u00e9ro fiscal : 27\/681\/54801<\/p>\t\t\t\t\t\t\t\t<\/div>\n\t\t\t\t<\/div>\n\t\t\t\t\t<\/div>\n\t\t\t\t<\/div>\n\t\t<div data-particle_enable=\"false\" data-particle-mobile-disabled=\"false\" class=\"elementor-element elementor-element-539186d e-flex e-con-boxed e-con e-parent\" data-id=\"539186d\" data-element_type=\"container\" data-e-type=\"container\">\n\t\t\t\t\t<div class=\"e-con-inner\">\n\t\t\t\t<div class=\"elementor-element elementor-element-30c7b95 elementor-widget elementor-widget-text-editor\" data-id=\"30c7b95\" data-element_type=\"widget\" data-e-type=\"widget\" data-widget_type=\"text-editor.default\">\n\t\t\t\t<div class=\"elementor-widget-container\">\n\t\t\t\t\t\t\t\t\t<p><strong>Clause de non-responsabilit\u00e9 :<\/strong><br>We-Building e.V. est seul responsable du contenu de ce site web ; les positions qui y sont pr\u00e9sent\u00e9es ne refl\u00e8tent pas les opinions d&#8217;Engagement Global gGmbH ni du minist\u00e8re f\u00e9d\u00e9ral allemand de la Coop\u00e9ration \u00e9conomique et du D\u00e9veloppement.<\/p>\t\t\t\t\t\t\t\t<\/div>\n\t\t\t\t<\/div>\n\t\t\t\t\t<\/div>\n\t\t\t\t<\/div>\n\t\t\t\t<\/div>\n\t\t","protected":false},"excerpt":{"rendered":"<p>Mentions l\u00e9gales Der Eigent\u00fcmer dieser Webseite ist: We-Building e.V. Pohlstra\u00dfe 28 10785 Berlin T\u00e9l\u00e9phone : +49 (0) 30 397 14664 E-Mail : info@we-building.org Repr\u00e9sent\u00e9 par : Pr\u00e9sidente : Laura G\u00f3mez Agudelo, Berlin Vice-pr\u00e9sident : Ivan Rali\u0161, Berlin Inscription au registre : Inscrit au registre des associations. Tribunal d&#8217;enregistrement : Amtsgericht Charlottenburg Num\u00e9ro d&#8217;enregistrement : VR34301&#8230;<\/p>\n","protected":false},"author":1,"featured_media":0,"parent":0,"menu_order":0,"comment_status":"closed","ping_status":"closed","template":"","meta":{"_monsterinsights_skip_tracking":false,"_monsterinsights_sitenote_active":false,"_monsterinsights_sitenote_note":"","_monsterinsights_sitenote_category":0,"_kad_post_transparent":"","_kad_post_title":"","_kad_post_layout":"","_kad_post_sidebar_id":"","_kad_post_content_style":"","_kad_post_vertical_padding":"","_kad_post_feature":"","_kad_post_feature_position":"","_kad_post_header":false,"_kad_post_footer":false,"footnotes":""},"class_list":["post-8166","page","type-page","status-publish","hentry"],"yoast_head":"<!-- This site is optimized with the Yoast SEO plugin v27.3 - https:\/\/yoast.com\/product\/yoast-seo-wordpress\/ -->\n<title>Mentions l\u00e9gales - edu-building<\/title>\n<meta name=\"robots\" content=\"index, follow, max-snippet:-1, max-image-preview:large, max-video-preview:-1\" \/>\n<link rel=\"canonical\" href=\"https:\/\/edu-building.org\/fr\/mentions-legales\/\" \/>\n<meta property=\"og:locale\" content=\"fr_FR\" \/>\n<meta property=\"og:type\" content=\"article\" \/>\n<meta property=\"og:title\" content=\"Mentions l\u00e9gales - edu-building\" \/>\n<meta property=\"og:description\" content=\"Mentions l\u00e9gales Der Eigent\u00fcmer dieser Webseite ist: We-Building e.V. Pohlstra\u00dfe 28 10785 Berlin T\u00e9l\u00e9phone : +49 (0) 30 397 14664 E-Mail : info@we-building.org Repr\u00e9sent\u00e9 par : Pr\u00e9sidente : Laura G\u00f3mez Agudelo, Berlin Vice-pr\u00e9sident : Ivan Rali\u0161, Berlin Inscription au registre : Inscrit au registre des associations. Tribunal d&#8217;enregistrement : Amtsgericht Charlottenburg Num\u00e9ro d&#8217;enregistrement : VR34301...\" \/>\n<meta property=\"og:url\" content=\"https:\/\/edu-building.org\/fr\/mentions-legales\/\" \/>\n<meta property=\"og:site_name\" content=\"edu-building\" \/>\n<meta property=\"article:publisher\" content=\"https:\/\/www.facebook.com\/WEbuildingeV\/\" \/>\n<meta property=\"article:modified_time\" content=\"2025-12-02T22:34:24+00:00\" \/>\n<meta name=\"twitter:card\" content=\"summary_large_image\" \/>\n<meta name=\"twitter:label1\" content=\"Dur\u00e9e de lecture estim\u00e9e\" \/>\n\t<meta name=\"twitter:data1\" content=\"1 minute\" \/>\n<script type=\"application\/ld+json\" class=\"yoast-schema-graph\">{\"@context\":\"https:\\\/\\\/schema.org\",\"@graph\":[{\"@type\":\"WebPage\",\"@id\":\"https:\\\/\\\/edu-building.org\\\/fr\\\/mentions-legales\\\/\",\"url\":\"https:\\\/\\\/edu-building.org\\\/fr\\\/mentions-legales\\\/\",\"name\":\"Mentions l\u00e9gales - edu-building\",\"isPartOf\":{\"@id\":\"https:\\\/\\\/edu-building.org\\\/#website\"},\"datePublished\":\"2024-12-01T15:53:10+00:00\",\"dateModified\":\"2025-12-02T22:34:24+00:00\",\"breadcrumb\":{\"@id\":\"https:\\\/\\\/edu-building.org\\\/fr\\\/mentions-legales\\\/#breadcrumb\"},\"inLanguage\":\"fr-FR\",\"potentialAction\":[{\"@type\":\"ReadAction\",\"target\":[\"https:\\\/\\\/edu-building.org\\\/fr\\\/mentions-legales\\\/\"]}]},{\"@type\":\"BreadcrumbList\",\"@id\":\"https:\\\/\\\/edu-building.org\\\/fr\\\/mentions-legales\\\/#breadcrumb\",\"itemListElement\":[{\"@type\":\"ListItem\",\"position\":1,\"name\":\"Startseite\",\"item\":\"https:\\\/\\\/edu-building.org\\\/fr\\\/home\\\/\"},{\"@type\":\"ListItem\",\"position\":2,\"name\":\"Mentions l\u00e9gales\"}]},{\"@type\":\"WebSite\",\"@id\":\"https:\\\/\\\/edu-building.org\\\/#website\",\"url\":\"https:\\\/\\\/edu-building.org\\\/\",\"name\":\"edu-building\",\"description\":\"Bauprojekte in der Entwicklungszusammenarbeit\",\"publisher\":{\"@id\":\"https:\\\/\\\/edu-building.org\\\/#organization\"},\"potentialAction\":[{\"@type\":\"SearchAction\",\"target\":{\"@type\":\"EntryPoint\",\"urlTemplate\":\"https:\\\/\\\/edu-building.org\\\/?s={search_term_string}\"},\"query-input\":{\"@type\":\"PropertyValueSpecification\",\"valueRequired\":true,\"valueName\":\"search_term_string\"}}],\"inLanguage\":\"fr-FR\"},{\"@type\":\"Organization\",\"@id\":\"https:\\\/\\\/edu-building.org\\\/#organization\",\"name\":\"We-Building e.V.\",\"url\":\"https:\\\/\\\/edu-building.org\\\/\",\"logo\":{\"@type\":\"ImageObject\",\"inLanguage\":\"fr-FR\",\"@id\":\"https:\\\/\\\/edu-building.org\\\/#\\\/schema\\\/logo\\\/image\\\/\",\"url\":\"https:\\\/\\\/edu-building.org\\\/wp-content\\\/uploads\\\/2024\\\/10\\\/EDU-LOGO.svg\",\"contentUrl\":\"https:\\\/\\\/edu-building.org\\\/wp-content\\\/uploads\\\/2024\\\/10\\\/EDU-LOGO.svg\",\"width\":458,\"height\":458,\"caption\":\"We-Building e.V.\"},\"image\":{\"@id\":\"https:\\\/\\\/edu-building.org\\\/#\\\/schema\\\/logo\\\/image\\\/\"},\"sameAs\":[\"https:\\\/\\\/www.facebook.com\\\/WEbuildingeV\\\/\"]}]}<\/script>\n<!-- \/ Yoast SEO plugin. -->","yoast_head_json":{"title":"Mentions l\u00e9gales - edu-building","robots":{"index":"index","follow":"follow","max-snippet":"max-snippet:-1","max-image-preview":"max-image-preview:large","max-video-preview":"max-video-preview:-1"},"canonical":"https:\/\/edu-building.org\/fr\/mentions-legales\/","og_locale":"fr_FR","og_type":"article","og_title":"Mentions l\u00e9gales - edu-building","og_description":"Mentions l\u00e9gales Der Eigent\u00fcmer dieser Webseite ist: We-Building e.V. Pohlstra\u00dfe 28 10785 Berlin T\u00e9l\u00e9phone : +49 (0) 30 397 14664 E-Mail : info@we-building.org Repr\u00e9sent\u00e9 par : Pr\u00e9sidente : Laura G\u00f3mez Agudelo, Berlin Vice-pr\u00e9sident : Ivan Rali\u0161, Berlin Inscription au registre : Inscrit au registre des associations. Tribunal d&#8217;enregistrement : Amtsgericht Charlottenburg Num\u00e9ro d&#8217;enregistrement : VR34301...","og_url":"https:\/\/edu-building.org\/fr\/mentions-legales\/","og_site_name":"edu-building","article_publisher":"https:\/\/www.facebook.com\/WEbuildingeV\/","article_modified_time":"2025-12-02T22:34:24+00:00","twitter_card":"summary_large_image","twitter_misc":{"Dur\u00e9e de lecture estim\u00e9e":"1 minute"},"schema":{"@context":"https:\/\/schema.org","@graph":[{"@type":"WebPage","@id":"https:\/\/edu-building.org\/fr\/mentions-legales\/","url":"https:\/\/edu-building.org\/fr\/mentions-legales\/","name":"Mentions l\u00e9gales - edu-building","isPartOf":{"@id":"https:\/\/edu-building.org\/#website"},"datePublished":"2024-12-01T15:53:10+00:00","dateModified":"2025-12-02T22:34:24+00:00","breadcrumb":{"@id":"https:\/\/edu-building.org\/fr\/mentions-legales\/#breadcrumb"},"inLanguage":"fr-FR","potentialAction":[{"@type":"ReadAction","target":["https:\/\/edu-building.org\/fr\/mentions-legales\/"]}]},{"@type":"BreadcrumbList","@id":"https:\/\/edu-building.org\/fr\/mentions-legales\/#breadcrumb","itemListElement":[{"@type":"ListItem","position":1,"name":"Startseite","item":"https:\/\/edu-building.org\/fr\/home\/"},{"@type":"ListItem","position":2,"name":"Mentions l\u00e9gales"}]},{"@type":"WebSite","@id":"https:\/\/edu-building.org\/#website","url":"https:\/\/edu-building.org\/","name":"edu-building","description":"Bauprojekte in der Entwicklungszusammenarbeit","publisher":{"@id":"https:\/\/edu-building.org\/#organization"},"potentialAction":[{"@type":"SearchAction","target":{"@type":"EntryPoint","urlTemplate":"https:\/\/edu-building.org\/?s={search_term_string}"},"query-input":{"@type":"PropertyValueSpecification","valueRequired":true,"valueName":"search_term_string"}}],"inLanguage":"fr-FR"},{"@type":"Organization","@id":"https:\/\/edu-building.org\/#organization","name":"We-Building e.V.","url":"https:\/\/edu-building.org\/","logo":{"@type":"ImageObject","inLanguage":"fr-FR","@id":"https:\/\/edu-building.org\/#\/schema\/logo\/image\/","url":"https:\/\/edu-building.org\/wp-content\/uploads\/2024\/10\/EDU-LOGO.svg","contentUrl":"https:\/\/edu-building.org\/wp-content\/uploads\/2024\/10\/EDU-LOGO.svg","width":458,"height":458,"caption":"We-Building e.V."},"image":{"@id":"https:\/\/edu-building.org\/#\/schema\/logo\/image\/"},"sameAs":["https:\/\/www.facebook.com\/WEbuildingeV\/"]}]}},"_links":{"self":[{"href":"https:\/\/edu-building.org\/fr\/wp-json\/wp\/v2\/pages\/8166","targetHints":{"allow":["GET"]}}],"collection":[{"href":"https:\/\/edu-building.org\/fr\/wp-json\/wp\/v2\/pages"}],"about":[{"href":"https:\/\/edu-building.org\/fr\/wp-json\/wp\/v2\/types\/page"}],"author":[{"embeddable":true,"href":"https:\/\/edu-building.org\/fr\/wp-json\/wp\/v2\/users\/1"}],"replies":[{"embeddable":true,"href":"https:\/\/edu-building.org\/fr\/wp-json\/wp\/v2\/comments?post=8166"}],"version-history":[{"count":1,"href":"https:\/\/edu-building.org\/fr\/wp-json\/wp\/v2\/pages\/8166\/revisions"}],"predecessor-version":[{"id":8167,"href":"https:\/\/edu-building.org\/fr\/wp-json\/wp\/v2\/pages\/8166\/revisions\/8167"}],"wp:attachment":[{"href":"https:\/\/edu-building.org\/fr\/wp-json\/wp\/v2\/media?parent=8166"}],"curies":[{"name":"wp","href":"https:\/\/api.w.org\/{rel}","templated":true}]}}